
{"id":93,"date":"2024-06-08T15:31:55","date_gmt":"2024-06-08T15:31:55","guid":{"rendered":"https:\/\/apartmentartverde.com\/?page_id=93"},"modified":"2024-06-28T16:13:16","modified_gmt":"2024-06-28T16:13:16","slug":"sobre-village-verde","status":"publish","type":"page","link":"https:\/\/apartmentartverde.com\/index.php\/es\/sobre-village-verde\/","title":{"rendered":"Sobre Village Verde"},"content":{"rendered":"\n<figure class=\"wp-block-gallery has-nested-images columns-1 wp-block-gallery-1 is-layout-flex wp-block-gallery-is-layout-flex\">\n<figure class=\"wp-block-image size-large\"><img loading=\"lazy\" decoding=\"async\" width=\"1024\" height=\"683\" data-id=\"535\" src=\"https:\/\/apartmentartverde.com\/wp-content\/uploads\/2024\/06\/ALS_Village_Verde-Outside-25-1-1024x683.jpg\" alt=\"\" class=\"wp-image-535\" srcset=\"https:\/\/apartmentartverde.com\/wp-content\/uploads\/2024\/06\/ALS_Village_Verde-Outside-25-1-1024x683.jpg 1024w, https:\/\/apartmentartverde.com\/wp-content\/uploads\/2024\/06\/ALS_Village_Verde-Outside-25-1-300x200.jpg 300w, https:\/\/apartmentartverde.com\/wp-content\/uploads\/2024\/06\/ALS_Village_Verde-Outside-25-1-768x512.jpg 768w, https:\/\/apartmentartverde.com\/wp-content\/uploads\/2024\/06\/ALS_Village_Verde-Outside-25-1-1536x1024.jpg 1536w, https:\/\/apartmentartverde.com\/wp-content\/uploads\/2024\/06\/ALS_Village_Verde-Outside-25-1-2048x1366.jpg 2048w\" sizes=\"auto, (max-width: 1024px) 100vw, 1024px\" \/><\/figure>\n\n\n\n<figure class=\"wp-block-image size-large\"><img loading=\"lazy\" decoding=\"async\" width=\"1024\" height=\"683\" data-id=\"533\" src=\"https:\/\/apartmentartverde.com\/wp-content\/uploads\/2024\/06\/ALS_Village_Verde-Outside-17-2-1024x683.jpg\" alt=\"\" class=\"wp-image-533\" srcset=\"https:\/\/apartmentartverde.com\/wp-content\/uploads\/2024\/06\/ALS_Village_Verde-Outside-17-2-1024x683.jpg 1024w, https:\/\/apartmentartverde.com\/wp-content\/uploads\/2024\/06\/ALS_Village_Verde-Outside-17-2-300x200.jpg 300w, https:\/\/apartmentartverde.com\/wp-content\/uploads\/2024\/06\/ALS_Village_Verde-Outside-17-2-768x512.jpg 768w, https:\/\/apartmentartverde.com\/wp-content\/uploads\/2024\/06\/ALS_Village_Verde-Outside-17-2-1536x1024.jpg 1536w, https:\/\/apartmentartverde.com\/wp-content\/uploads\/2024\/06\/ALS_Village_Verde-Outside-17-2-2048x1365.jpg 2048w\" sizes=\"auto, (max-width: 1024px) 100vw, 1024px\" \/><\/figure>\n\n\n\n<figure class=\"wp-block-image size-large\"><img loading=\"lazy\" decoding=\"async\" width=\"1024\" height=\"683\" data-id=\"530\" src=\"https:\/\/apartmentartverde.com\/wp-content\/uploads\/2024\/06\/ALS_Village_Verde-Outside-2-1024x683.jpg\" alt=\"\" class=\"wp-image-530\" srcset=\"https:\/\/apartmentartverde.com\/wp-content\/uploads\/2024\/06\/ALS_Village_Verde-Outside-2-1024x683.jpg 1024w, https:\/\/apartmentartverde.com\/wp-content\/uploads\/2024\/06\/ALS_Village_Verde-Outside-2-300x200.jpg 300w, https:\/\/apartmentartverde.com\/wp-content\/uploads\/2024\/06\/ALS_Village_Verde-Outside-2-768x512.jpg 768w, https:\/\/apartmentartverde.com\/wp-content\/uploads\/2024\/06\/ALS_Village_Verde-Outside-2-1536x1024.jpg 1536w, https:\/\/apartmentartverde.com\/wp-content\/uploads\/2024\/06\/ALS_Village_Verde-Outside-2-2048x1365.jpg 2048w\" sizes=\"auto, (max-width: 1024px) 100vw, 1024px\" \/><\/figure>\n\n\n\n<figure class=\"wp-block-image size-large\"><img loading=\"lazy\" decoding=\"async\" width=\"1024\" height=\"574\" data-id=\"344\" src=\"https:\/\/apartmentartverde.com\/wp-content\/uploads\/2024\/06\/village_verde_3-1024x574.jpg\" alt=\"\" class=\"wp-image-344\" srcset=\"https:\/\/apartmentartverde.com\/wp-content\/uploads\/2024\/06\/village_verde_3-1024x574.jpg 1024w, https:\/\/apartmentartverde.com\/wp-content\/uploads\/2024\/06\/village_verde_3-300x168.jpg 300w, https:\/\/apartmentartverde.com\/wp-content\/uploads\/2024\/06\/village_verde_3-768x430.jpg 768w, https:\/\/apartmentartverde.com\/wp-content\/uploads\/2024\/06\/village_verde_3-1536x860.jpg 1536w, https:\/\/apartmentartverde.com\/wp-content\/uploads\/2024\/06\/village_verde_3-2048x1147.jpg 2048w\" sizes=\"auto, (max-width: 1024px) 100vw, 1024px\" \/><\/figure>\n\n\n\n<figure class=\"wp-block-image size-large\"><img loading=\"lazy\" decoding=\"async\" width=\"1024\" height=\"683\" data-id=\"538\" src=\"https:\/\/apartmentartverde.com\/wp-content\/uploads\/2024\/06\/ALS_Village_Verde-Outside-18-3-1024x683.jpg\" alt=\"\" class=\"wp-image-538\" srcset=\"https:\/\/apartmentartverde.com\/wp-content\/uploads\/2024\/06\/ALS_Village_Verde-Outside-18-3-1024x683.jpg 1024w, https:\/\/apartmentartverde.com\/wp-content\/uploads\/2024\/06\/ALS_Village_Verde-Outside-18-3-300x200.jpg 300w, https:\/\/apartmentartverde.com\/wp-content\/uploads\/2024\/06\/ALS_Village_Verde-Outside-18-3-768x512.jpg 768w, https:\/\/apartmentartverde.com\/wp-content\/uploads\/2024\/06\/ALS_Village_Verde-Outside-18-3-1536x1024.jpg 1536w, https:\/\/apartmentartverde.com\/wp-content\/uploads\/2024\/06\/ALS_Village_Verde-Outside-18-3-2048x1365.jpg 2048w\" sizes=\"auto, (max-width: 1024px) 100vw, 1024px\" \/><\/figure>\n\n\n\n<figure class=\"wp-block-image size-large\"><img loading=\"lazy\" decoding=\"async\" width=\"1024\" height=\"683\" data-id=\"537\" src=\"https:\/\/apartmentartverde.com\/wp-content\/uploads\/2024\/06\/ALS_Village_Verde-Outside-15-5-1024x683.jpg\" alt=\"\" class=\"wp-image-537\" srcset=\"https:\/\/apartmentartverde.com\/wp-content\/uploads\/2024\/06\/ALS_Village_Verde-Outside-15-5-1024x683.jpg 1024w, https:\/\/apartmentartverde.com\/wp-content\/uploads\/2024\/06\/ALS_Village_Verde-Outside-15-5-300x200.jpg 300w, https:\/\/apartmentartverde.com\/wp-content\/uploads\/2024\/06\/ALS_Village_Verde-Outside-15-5-768x512.jpg 768w, https:\/\/apartmentartverde.com\/wp-content\/uploads\/2024\/06\/ALS_Village_Verde-Outside-15-5-1536x1024.jpg 1536w, https:\/\/apartmentartverde.com\/wp-content\/uploads\/2024\/06\/ALS_Village_Verde-Outside-15-5-2048x1365.jpg 2048w\" sizes=\"auto, (max-width: 1024px) 100vw, 1024px\" \/><\/figure>\n\n\n\n<figure class=\"wp-block-image size-large\"><img loading=\"lazy\" decoding=\"async\" width=\"1024\" height=\"576\" data-id=\"536\" src=\"https:\/\/apartmentartverde.com\/wp-content\/uploads\/2024\/06\/ALS_Village_Verde-Outside-13-6-1024x576.jpg\" alt=\"\" class=\"wp-image-536\" srcset=\"https:\/\/apartmentartverde.com\/wp-content\/uploads\/2024\/06\/ALS_Village_Verde-Outside-13-6-1024x576.jpg 1024w, https:\/\/apartmentartverde.com\/wp-content\/uploads\/2024\/06\/ALS_Village_Verde-Outside-13-6-300x169.jpg 300w, https:\/\/apartmentartverde.com\/wp-content\/uploads\/2024\/06\/ALS_Village_Verde-Outside-13-6-768x432.jpg 768w, https:\/\/apartmentartverde.com\/wp-content\/uploads\/2024\/06\/ALS_Village_Verde-Outside-13-6-1536x864.jpg 1536w, https:\/\/apartmentartverde.com\/wp-content\/uploads\/2024\/06\/ALS_Village_Verde-Outside-13-6-2048x1152.jpg 2048w\" sizes=\"auto, (max-width: 1024px) 100vw, 1024px\" \/><\/figure>\n<\/figure>\n\n\n\n<p>Village Verde es el nuevo y exquisito complejo residencial en el tranquilo parque en el coraz\u00f3n de La Reserva Sotogrande, Andaluc\u00eda. Ofrece piscinas cubiertas y al aire libre, una zona infantil, una piscina para ni\u00f1os, un campo de croquet, un putting green, un gimnasio y una zona de spa en un entorno muy cuidado y tranquilo. El complejo est\u00e1 situado en una comunidad ideal para familias o parejas que quieran disfrutar de un entorno tranquilo y verde, muy cerca de las excelentes instalaciones de La Reserva Golf Club, Valderrama Golf Club, Beach Club, tenis, centro de padel y restaurantes con un ambiente mediterr\u00e1neo \u00fanico.<\/p>\n\n\n\n<p>La comunidad cerrada ofrece seguridad 24 horas y servicio de conserjer\u00eda.<\/p>\n\n\n\n<p>Los Apartamentos Village Verde en La Reserva Club han sido galardonados con el prestigioso premio BREEAM. La certificaci\u00f3n BREEAM es una certificaci\u00f3n l\u00edder en el mundo, que ofrece no s\u00f3lo la confirmaci\u00f3n de la sostenibilidad de la propiedad, sino tambi\u00e9n los m\u00e1s altos est\u00e1ndares y la concesi\u00f3n de este premio es una marca de compromiso con la excelencia en la pr\u00e1ctica de la construcci\u00f3n sostenible. Los Apartamentos Village Verde son un ejemplo de este compromiso, ya que combinan lujo, confort y dise\u00f1o respetuoso con el medio ambiente.<\/p>\n","protected":false},"excerpt":{"rendered":"<p>Village Verde es el nuevo y exquisito complejo residencial en el tranquilo parque en el coraz\u00f3n de La Reserva Sotogrande, Andaluc\u00eda. Ofrece piscinas cubiertas y al aire libre, una zona infantil, una piscina para ni\u00f1os, un campo de croquet, un putting green, un gimnasio y una zona de spa en un entorno muy cuidado y [&hellip;]<\/p>\n","protected":false},"author":1,"featured_media":0,"parent":0,"menu_order":0,"comment_status":"closed","ping_status":"closed","template":"","meta":{"footnotes":""},"class_list":["post-93","page","type-page","status-publish","hentry"],"yoast_head":"<!-- This site is optimized with the Yoast SEO plugin v24.4 - https:\/\/yoast.com\/wordpress\/plugins\/seo\/ -->\n<title>Sobre Village Verde - Apartment Art Verde<\/title>\n<meta name=\"robots\" content=\"index, follow, max-snippet:-1, max-image-preview:large, max-video-preview:-1\" \/>\n<link rel=\"canonical\" href=\"https:\/\/apartmentartverde.com\/index.php\/es\/sobre-village-verde\/\" \/>\n<meta property=\"og:locale\" content=\"en_US\" \/>\n<meta property=\"og:type\" content=\"article\" \/>\n<meta property=\"og:title\" content=\"Sobre Village Verde - Apartment Art Verde\" \/>\n<meta property=\"og:description\" content=\"Village Verde es el nuevo y exquisito complejo residencial en el tranquilo parque en el coraz\u00f3n de La Reserva Sotogrande, Andaluc\u00eda. Ofrece piscinas cubiertas y al aire libre, una zona infantil, una piscina para ni\u00f1os, un campo de croquet, un putting green, un gimnasio y una zona de spa en un entorno muy cuidado y [&hellip;]\" \/>\n<meta property=\"og:url\" content=\"https:\/\/apartmentartverde.com\/index.php\/es\/sobre-village-verde\/\" \/>\n<meta property=\"og:site_name\" content=\"Apartment Art Verde\" \/>\n<meta property=\"article:modified_time\" content=\"2024-06-28T16:13:16+00:00\" \/>\n<meta property=\"og:image\" content=\"https:\/\/apartmentartverde.com\/wp-content\/uploads\/2024\/06\/ALS_Village_Verde-Outside-25-1-1024x683.jpg\" \/>\n<meta name=\"twitter:card\" content=\"summary_large_image\" \/>\n<meta name=\"twitter:label1\" content=\"Est. reading time\" \/>\n\t<meta name=\"twitter:data1\" content=\"3 minutes\" \/>\n<script type=\"application\/ld+json\" class=\"yoast-schema-graph\">{\"@context\":\"https:\/\/schema.org\",\"@graph\":[{\"@type\":\"WebPage\",\"@id\":\"https:\/\/apartmentartverde.com\/index.php\/es\/sobre-village-verde\/\",\"url\":\"https:\/\/apartmentartverde.com\/index.php\/es\/sobre-village-verde\/\",\"name\":\"Sobre Village Verde - Apartment Art Verde\",\"isPartOf\":{\"@id\":\"https:\/\/apartmentartverde.com\/#website\"},\"primaryImageOfPage\":{\"@id\":\"https:\/\/apartmentartverde.com\/index.php\/es\/sobre-village-verde\/#primaryimage\"},\"image\":{\"@id\":\"https:\/\/apartmentartverde.com\/index.php\/es\/sobre-village-verde\/#primaryimage\"},\"thumbnailUrl\":\"https:\/\/apartmentartverde.com\/wp-content\/uploads\/2024\/06\/ALS_Village_Verde-Outside-25-1-1024x683.jpg\",\"datePublished\":\"2024-06-08T15:31:55+00:00\",\"dateModified\":\"2024-06-28T16:13:16+00:00\",\"breadcrumb\":{\"@id\":\"https:\/\/apartmentartverde.com\/index.php\/es\/sobre-village-verde\/#breadcrumb\"},\"inLanguage\":\"en-US\",\"potentialAction\":[{\"@type\":\"ReadAction\",\"target\":[\"https:\/\/apartmentartverde.com\/index.php\/es\/sobre-village-verde\/\"]}]},{\"@type\":\"ImageObject\",\"inLanguage\":\"en-US\",\"@id\":\"https:\/\/apartmentartverde.com\/index.php\/es\/sobre-village-verde\/#primaryimage\",\"url\":\"https:\/\/apartmentartverde.com\/wp-content\/uploads\/2024\/06\/ALS_Village_Verde-Outside-25-1-scaled.jpg\",\"contentUrl\":\"https:\/\/apartmentartverde.com\/wp-content\/uploads\/2024\/06\/ALS_Village_Verde-Outside-25-1-scaled.jpg\",\"width\":2560,\"height\":1707},{\"@type\":\"BreadcrumbList\",\"@id\":\"https:\/\/apartmentartverde.com\/index.php\/es\/sobre-village-verde\/#breadcrumb\",\"itemListElement\":[{\"@type\":\"ListItem\",\"position\":1,\"name\":\"Home\",\"item\":\"https:\/\/apartmentartverde.com\/\"},{\"@type\":\"ListItem\",\"position\":2,\"name\":\"Sobre Village Verde\"}]},{\"@type\":\"WebSite\",\"@id\":\"https:\/\/apartmentartverde.com\/#website\",\"url\":\"https:\/\/apartmentartverde.com\/\",\"name\":\"Art Verde Apartment\",\"description\":\"\",\"publisher\":{\"@id\":\"https:\/\/apartmentartverde.com\/#organization\"},\"inLanguage\":\"en-US\"},{\"@type\":\"Organization\",\"@id\":\"https:\/\/apartmentartverde.com\/#organization\",\"name\":\"Art Verde Apartment\",\"url\":\"https:\/\/apartmentartverde.com\/\",\"logo\":{\"@type\":\"ImageObject\",\"inLanguage\":\"en-US\",\"@id\":\"https:\/\/apartmentartverde.com\/#\/schema\/logo\/image\/\",\"url\":\"https:\/\/apartmentartverde.com\/wp-content\/uploads\/2024\/02\/logo.png\",\"contentUrl\":\"https:\/\/apartmentartverde.com\/wp-content\/uploads\/2024\/02\/logo.png\",\"width\":1490,\"height\":1320,\"caption\":\"Art Verde Apartment\"},\"image\":{\"@id\":\"https:\/\/apartmentartverde.com\/#\/schema\/logo\/image\/\"}}]}<\/script>\n<!-- \/ Yoast SEO plugin. -->","yoast_head_json":{"title":"Sobre Village Verde - Apartment Art Verde","robots":{"index":"index","follow":"follow","max-snippet":"max-snippet:-1","max-image-preview":"max-image-preview:large","max-video-preview":"max-video-preview:-1"},"canonical":"https:\/\/apartmentartverde.com\/index.php\/es\/sobre-village-verde\/","og_locale":"en_US","og_type":"article","og_title":"Sobre Village Verde - Apartment Art Verde","og_description":"Village Verde es el nuevo y exquisito complejo residencial en el tranquilo parque en el coraz\u00f3n de La Reserva Sotogrande, Andaluc\u00eda. Ofrece piscinas cubiertas y al aire libre, una zona infantil, una piscina para ni\u00f1os, un campo de croquet, un putting green, un gimnasio y una zona de spa en un entorno muy cuidado y [&hellip;]","og_url":"https:\/\/apartmentartverde.com\/index.php\/es\/sobre-village-verde\/","og_site_name":"Apartment Art Verde","article_modified_time":"2024-06-28T16:13:16+00:00","og_image":[{"url":"https:\/\/apartmentartverde.com\/wp-content\/uploads\/2024\/06\/ALS_Village_Verde-Outside-25-1-1024x683.jpg","type":"","width":"","height":""}],"twitter_card":"summary_large_image","twitter_misc":{"Est. reading time":"3 minutes"},"schema":{"@context":"https:\/\/schema.org","@graph":[{"@type":"WebPage","@id":"https:\/\/apartmentartverde.com\/index.php\/es\/sobre-village-verde\/","url":"https:\/\/apartmentartverde.com\/index.php\/es\/sobre-village-verde\/","name":"Sobre Village Verde - Apartment Art Verde","isPartOf":{"@id":"https:\/\/apartmentartverde.com\/#website"},"primaryImageOfPage":{"@id":"https:\/\/apartmentartverde.com\/index.php\/es\/sobre-village-verde\/#primaryimage"},"image":{"@id":"https:\/\/apartmentartverde.com\/index.php\/es\/sobre-village-verde\/#primaryimage"},"thumbnailUrl":"https:\/\/apartmentartverde.com\/wp-content\/uploads\/2024\/06\/ALS_Village_Verde-Outside-25-1-1024x683.jpg","datePublished":"2024-06-08T15:31:55+00:00","dateModified":"2024-06-28T16:13:16+00:00","breadcrumb":{"@id":"https:\/\/apartmentartverde.com\/index.php\/es\/sobre-village-verde\/#breadcrumb"},"inLanguage":"en-US","potentialAction":[{"@type":"ReadAction","target":["https:\/\/apartmentartverde.com\/index.php\/es\/sobre-village-verde\/"]}]},{"@type":"ImageObject","inLanguage":"en-US","@id":"https:\/\/apartmentartverde.com\/index.php\/es\/sobre-village-verde\/#primaryimage","url":"https:\/\/apartmentartverde.com\/wp-content\/uploads\/2024\/06\/ALS_Village_Verde-Outside-25-1-scaled.jpg","contentUrl":"https:\/\/apartmentartverde.com\/wp-content\/uploads\/2024\/06\/ALS_Village_Verde-Outside-25-1-scaled.jpg","width":2560,"height":1707},{"@type":"BreadcrumbList","@id":"https:\/\/apartmentartverde.com\/index.php\/es\/sobre-village-verde\/#breadcrumb","itemListElement":[{"@type":"ListItem","position":1,"name":"Home","item":"https:\/\/apartmentartverde.com\/"},{"@type":"ListItem","position":2,"name":"Sobre Village Verde"}]},{"@type":"WebSite","@id":"https:\/\/apartmentartverde.com\/#website","url":"https:\/\/apartmentartverde.com\/","name":"Art Verde Apartment","description":"","publisher":{"@id":"https:\/\/apartmentartverde.com\/#organization"},"inLanguage":"en-US"},{"@type":"Organization","@id":"https:\/\/apartmentartverde.com\/#organization","name":"Art Verde Apartment","url":"https:\/\/apartmentartverde.com\/","logo":{"@type":"ImageObject","inLanguage":"en-US","@id":"https:\/\/apartmentartverde.com\/#\/schema\/logo\/image\/","url":"https:\/\/apartmentartverde.com\/wp-content\/uploads\/2024\/02\/logo.png","contentUrl":"https:\/\/apartmentartverde.com\/wp-content\/uploads\/2024\/02\/logo.png","width":1490,"height":1320,"caption":"Art Verde Apartment"},"image":{"@id":"https:\/\/apartmentartverde.com\/#\/schema\/logo\/image\/"}}]}},"_links":{"self":[{"href":"https:\/\/apartmentartverde.com\/index.php\/wp-json\/wp\/v2\/pages\/93","targetHints":{"allow":["GET"]}}],"collection":[{"href":"https:\/\/apartmentartverde.com\/index.php\/wp-json\/wp\/v2\/pages"}],"about":[{"href":"https:\/\/apartmentartverde.com\/index.php\/wp-json\/wp\/v2\/types\/page"}],"author":[{"embeddable":true,"href":"https:\/\/apartmentartverde.com\/index.php\/wp-json\/wp\/v2\/users\/1"}],"replies":[{"embeddable":true,"href":"https:\/\/apartmentartverde.com\/index.php\/wp-json\/wp\/v2\/comments?post=93"}],"version-history":[{"count":8,"href":"https:\/\/apartmentartverde.com\/index.php\/wp-json\/wp\/v2\/pages\/93\/revisions"}],"predecessor-version":[{"id":539,"href":"https:\/\/apartmentartverde.com\/index.php\/wp-json\/wp\/v2\/pages\/93\/revisions\/539"}],"wp:attachment":[{"href":"https:\/\/apartmentartverde.com\/index.php\/wp-json\/wp\/v2\/media?parent=93"}],"curies":[{"name":"wp","href":"https:\/\/api.w.org\/{rel}","templated":true}]}}