
{"id":91,"date":"2024-06-08T15:31:38","date_gmt":"2024-06-08T15:31:38","guid":{"rendered":"https:\/\/apartmentartverde.com\/?page_id=91"},"modified":"2024-06-28T16:04:07","modified_gmt":"2024-06-28T16:04:07","slug":"a-propos-village-verde","status":"publish","type":"page","link":"https:\/\/apartmentartverde.com\/index.php\/fr\/a-propos-village-verde\/","title":{"rendered":"\u00c0 propos Village Verde"},"content":{"rendered":"\n<figure class=\"wp-block-gallery has-nested-images columns-1 wp-block-gallery-1 is-layout-flex wp-block-gallery-is-layout-flex\">\n<figure class=\"wp-block-image size-large\"><img loading=\"lazy\" decoding=\"async\" width=\"1024\" height=\"683\" data-id=\"526\" src=\"https:\/\/apartmentartverde.com\/wp-content\/uploads\/2024\/06\/ALS_Village_Verde-Outside-25-1024x683.jpg\" alt=\"\" class=\"wp-image-526\" srcset=\"https:\/\/apartmentartverde.com\/wp-content\/uploads\/2024\/06\/ALS_Village_Verde-Outside-25-1024x683.jpg 1024w, https:\/\/apartmentartverde.com\/wp-content\/uploads\/2024\/06\/ALS_Village_Verde-Outside-25-300x200.jpg 300w, https:\/\/apartmentartverde.com\/wp-content\/uploads\/2024\/06\/ALS_Village_Verde-Outside-25-768x512.jpg 768w, https:\/\/apartmentartverde.com\/wp-content\/uploads\/2024\/06\/ALS_Village_Verde-Outside-25-1536x1024.jpg 1536w, https:\/\/apartmentartverde.com\/wp-content\/uploads\/2024\/06\/ALS_Village_Verde-Outside-25-2048x1366.jpg 2048w\" sizes=\"auto, (max-width: 1024px) 100vw, 1024px\" \/><\/figure>\n\n\n\n<figure class=\"wp-block-image size-large\"><img loading=\"lazy\" decoding=\"async\" width=\"1024\" height=\"683\" data-id=\"525\" src=\"https:\/\/apartmentartverde.com\/wp-content\/uploads\/2024\/06\/ALS_Village_Verde-Outside-17-1-1024x683.jpg\" alt=\"\" class=\"wp-image-525\" srcset=\"https:\/\/apartmentartverde.com\/wp-content\/uploads\/2024\/06\/ALS_Village_Verde-Outside-17-1-1024x683.jpg 1024w, https:\/\/apartmentartverde.com\/wp-content\/uploads\/2024\/06\/ALS_Village_Verde-Outside-17-1-300x200.jpg 300w, https:\/\/apartmentartverde.com\/wp-content\/uploads\/2024\/06\/ALS_Village_Verde-Outside-17-1-768x512.jpg 768w, https:\/\/apartmentartverde.com\/wp-content\/uploads\/2024\/06\/ALS_Village_Verde-Outside-17-1-1536x1024.jpg 1536w, https:\/\/apartmentartverde.com\/wp-content\/uploads\/2024\/06\/ALS_Village_Verde-Outside-17-1-2048x1365.jpg 2048w\" sizes=\"auto, (max-width: 1024px) 100vw, 1024px\" \/><\/figure>\n\n\n\n<figure class=\"wp-block-image size-large\"><img loading=\"lazy\" decoding=\"async\" width=\"1024\" height=\"574\" data-id=\"388\" src=\"https:\/\/apartmentartverde.com\/wp-content\/uploads\/2024\/06\/home_2_d_new-1024x574.jpg\" alt=\"\" class=\"wp-image-388\" srcset=\"https:\/\/apartmentartverde.com\/wp-content\/uploads\/2024\/06\/home_2_d_new-1024x574.jpg 1024w, https:\/\/apartmentartverde.com\/wp-content\/uploads\/2024\/06\/home_2_d_new-300x168.jpg 300w, https:\/\/apartmentartverde.com\/wp-content\/uploads\/2024\/06\/home_2_d_new-768x430.jpg 768w, https:\/\/apartmentartverde.com\/wp-content\/uploads\/2024\/06\/home_2_d_new-1536x860.jpg 1536w, https:\/\/apartmentartverde.com\/wp-content\/uploads\/2024\/06\/home_2_d_new-2048x1147.jpg 2048w\" sizes=\"auto, (max-width: 1024px) 100vw, 1024px\" \/><\/figure>\n\n\n\n<figure class=\"wp-block-image size-large\"><img loading=\"lazy\" decoding=\"async\" width=\"1024\" height=\"574\" data-id=\"344\" src=\"https:\/\/apartmentartverde.com\/wp-content\/uploads\/2024\/06\/village_verde_3-1024x574.jpg\" alt=\"\" class=\"wp-image-344\" srcset=\"https:\/\/apartmentartverde.com\/wp-content\/uploads\/2024\/06\/village_verde_3-1024x574.jpg 1024w, https:\/\/apartmentartverde.com\/wp-content\/uploads\/2024\/06\/village_verde_3-300x168.jpg 300w, https:\/\/apartmentartverde.com\/wp-content\/uploads\/2024\/06\/village_verde_3-768x430.jpg 768w, https:\/\/apartmentartverde.com\/wp-content\/uploads\/2024\/06\/village_verde_3-1536x860.jpg 1536w, https:\/\/apartmentartverde.com\/wp-content\/uploads\/2024\/06\/village_verde_3-2048x1147.jpg 2048w\" sizes=\"auto, (max-width: 1024px) 100vw, 1024px\" \/><\/figure>\n\n\n\n<figure class=\"wp-block-image size-large\"><img loading=\"lazy\" decoding=\"async\" width=\"1024\" height=\"683\" data-id=\"523\" src=\"https:\/\/apartmentartverde.com\/wp-content\/uploads\/2024\/06\/ALS_Village_Verde-Outside-18-1-1024x683.jpg\" alt=\"\" class=\"wp-image-523\" srcset=\"https:\/\/apartmentartverde.com\/wp-content\/uploads\/2024\/06\/ALS_Village_Verde-Outside-18-1-1024x683.jpg 1024w, https:\/\/apartmentartverde.com\/wp-content\/uploads\/2024\/06\/ALS_Village_Verde-Outside-18-1-300x200.jpg 300w, https:\/\/apartmentartverde.com\/wp-content\/uploads\/2024\/06\/ALS_Village_Verde-Outside-18-1-768x512.jpg 768w, https:\/\/apartmentartverde.com\/wp-content\/uploads\/2024\/06\/ALS_Village_Verde-Outside-18-1-1536x1024.jpg 1536w, https:\/\/apartmentartverde.com\/wp-content\/uploads\/2024\/06\/ALS_Village_Verde-Outside-18-1-2048x1365.jpg 2048w\" sizes=\"auto, (max-width: 1024px) 100vw, 1024px\" \/><\/figure>\n\n\n\n<figure class=\"wp-block-image size-large\"><img loading=\"lazy\" decoding=\"async\" width=\"1024\" height=\"683\" data-id=\"522\" src=\"https:\/\/apartmentartverde.com\/wp-content\/uploads\/2024\/06\/ALS_Village_Verde-Outside-15-3-1024x683.jpg\" alt=\"\" class=\"wp-image-522\" srcset=\"https:\/\/apartmentartverde.com\/wp-content\/uploads\/2024\/06\/ALS_Village_Verde-Outside-15-3-1024x683.jpg 1024w, https:\/\/apartmentartverde.com\/wp-content\/uploads\/2024\/06\/ALS_Village_Verde-Outside-15-3-300x200.jpg 300w, https:\/\/apartmentartverde.com\/wp-content\/uploads\/2024\/06\/ALS_Village_Verde-Outside-15-3-768x512.jpg 768w, https:\/\/apartmentartverde.com\/wp-content\/uploads\/2024\/06\/ALS_Village_Verde-Outside-15-3-1536x1024.jpg 1536w, https:\/\/apartmentartverde.com\/wp-content\/uploads\/2024\/06\/ALS_Village_Verde-Outside-15-3-2048x1365.jpg 2048w\" sizes=\"auto, (max-width: 1024px) 100vw, 1024px\" \/><\/figure>\n\n\n\n<figure class=\"wp-block-image size-large\"><img loading=\"lazy\" decoding=\"async\" width=\"1024\" height=\"576\" data-id=\"527\" src=\"https:\/\/apartmentartverde.com\/wp-content\/uploads\/2024\/06\/ALS_Village_Verde-Outside-13-4-1024x576.jpg\" alt=\"\" class=\"wp-image-527\" srcset=\"https:\/\/apartmentartverde.com\/wp-content\/uploads\/2024\/06\/ALS_Village_Verde-Outside-13-4-1024x576.jpg 1024w, https:\/\/apartmentartverde.com\/wp-content\/uploads\/2024\/06\/ALS_Village_Verde-Outside-13-4-300x169.jpg 300w, https:\/\/apartmentartverde.com\/wp-content\/uploads\/2024\/06\/ALS_Village_Verde-Outside-13-4-768x432.jpg 768w, https:\/\/apartmentartverde.com\/wp-content\/uploads\/2024\/06\/ALS_Village_Verde-Outside-13-4-1536x864.jpg 1536w, https:\/\/apartmentartverde.com\/wp-content\/uploads\/2024\/06\/ALS_Village_Verde-Outside-13-4-2048x1152.jpg 2048w\" sizes=\"auto, (max-width: 1024px) 100vw, 1024px\" \/><\/figure>\n<\/figure>\n\n\n\n<p>Village Verde est le nouveau complexe r\u00e9sidentiel exquis situ\u00e9 dans un parc paisible au c\u0153ur de La Reserva Sotogrande, en Andalousie. Il offre des piscines int\u00e9rieures et ext\u00e9rieures, une zone pour enfants, une pataugeoire, une pelouse de croquet, un putting green, une salle de fitness et un espace SPA dans une ambiance tr\u00e8s soign\u00e9e et tranquille. Le complexe est situ\u00e9 dans une communaut\u00e9 id\u00e9ale pour les familles ou les couples qui souhaitent profiter d&#8217;un environnement calme et vert, \u00e0 proximit\u00e9 des excellentes installations de La Reserva Golf Club, Valderrama Golf Club, Beach Club, tennis, centre de padel et restaurants \u00e0 l&#8217;ambiance m\u00e9diterran\u00e9enne unique.<\/p>\n\n\n\n<p>Le complexe r\u00e9sidentiel ferm\u00e9 offre un service de s\u00e9curit\u00e9 et de conciergerie 24 heures sur 24.<\/p>\n\n\n\n<p>Les appartements Village Verde de La Reserva Club ont \u00e9t\u00e9 r\u00e9compens\u00e9s par le prestigieux BREEAM Award. La certification BREEAM est une certification de premier plan au niveau mondial, elle offre non seulement une confirmation de la durabilit\u00e9 des biens immobiliers, mais aussi les normes les plus \u00e9lev\u00e9es et l&#8217;attribution de ce prix t\u00e9moigne de l&#8217;engagement en faveur de l&#8217;excellence dans les pratiques de construction durable. Les appartements Village Verde sont un exemple de cet engagement, car ils allient luxe, confort et design respectueux de l&#8217;environnement.<\/p>\n","protected":false},"excerpt":{"rendered":"<p>Village Verde est le nouveau complexe r\u00e9sidentiel exquis situ\u00e9 dans un parc paisible au c\u0153ur de La Reserva Sotogrande, en Andalousie. Il offre des piscines int\u00e9rieures et ext\u00e9rieures, une zone pour enfants, une pataugeoire, une pelouse de croquet, un putting green, une salle de fitness et un espace SPA dans une ambiance tr\u00e8s soign\u00e9e et [&hellip;]<\/p>\n","protected":false},"author":1,"featured_media":0,"parent":0,"menu_order":0,"comment_status":"closed","ping_status":"closed","template":"","meta":{"footnotes":""},"class_list":["post-91","page","type-page","status-publish","hentry"],"yoast_head":"<!-- This site is optimized with the Yoast SEO plugin v24.4 - https:\/\/yoast.com\/wordpress\/plugins\/seo\/ -->\n<title>\u00c0 propos Village Verde - Apartment Art Verde<\/title>\n<meta name=\"robots\" content=\"index, follow, max-snippet:-1, max-image-preview:large, max-video-preview:-1\" \/>\n<link rel=\"canonical\" href=\"https:\/\/apartmentartverde.com\/index.php\/fr\/a-propos-village-verde\/\" \/>\n<meta property=\"og:locale\" content=\"en_US\" \/>\n<meta property=\"og:type\" content=\"article\" \/>\n<meta property=\"og:title\" content=\"\u00c0 propos Village Verde - Apartment Art Verde\" \/>\n<meta property=\"og:description\" content=\"Village Verde est le nouveau complexe r\u00e9sidentiel exquis situ\u00e9 dans un parc paisible au c\u0153ur de La Reserva Sotogrande, en Andalousie. Il offre des piscines int\u00e9rieures et ext\u00e9rieures, une zone pour enfants, une pataugeoire, une pelouse de croquet, un putting green, une salle de fitness et un espace SPA dans une ambiance tr\u00e8s soign\u00e9e et [&hellip;]\" \/>\n<meta property=\"og:url\" content=\"https:\/\/apartmentartverde.com\/index.php\/fr\/a-propos-village-verde\/\" \/>\n<meta property=\"og:site_name\" content=\"Apartment Art Verde\" \/>\n<meta property=\"article:modified_time\" content=\"2024-06-28T16:04:07+00:00\" \/>\n<meta property=\"og:image\" content=\"https:\/\/apartmentartverde.com\/wp-content\/uploads\/2024\/06\/ALS_Village_Verde-Outside-25-1024x683.jpg\" \/>\n<meta name=\"twitter:card\" content=\"summary_large_image\" \/>\n<meta name=\"twitter:label1\" content=\"Est. reading time\" \/>\n\t<meta name=\"twitter:data1\" content=\"3 minutes\" \/>\n<script type=\"application\/ld+json\" class=\"yoast-schema-graph\">{\"@context\":\"https:\/\/schema.org\",\"@graph\":[{\"@type\":\"WebPage\",\"@id\":\"https:\/\/apartmentartverde.com\/index.php\/fr\/a-propos-village-verde\/\",\"url\":\"https:\/\/apartmentartverde.com\/index.php\/fr\/a-propos-village-verde\/\",\"name\":\"\u00c0 propos Village Verde - Apartment Art Verde\",\"isPartOf\":{\"@id\":\"https:\/\/apartmentartverde.com\/#website\"},\"primaryImageOfPage\":{\"@id\":\"https:\/\/apartmentartverde.com\/index.php\/fr\/a-propos-village-verde\/#primaryimage\"},\"image\":{\"@id\":\"https:\/\/apartmentartverde.com\/index.php\/fr\/a-propos-village-verde\/#primaryimage\"},\"thumbnailUrl\":\"https:\/\/apartmentartverde.com\/wp-content\/uploads\/2024\/06\/ALS_Village_Verde-Outside-25-1024x683.jpg\",\"datePublished\":\"2024-06-08T15:31:38+00:00\",\"dateModified\":\"2024-06-28T16:04:07+00:00\",\"breadcrumb\":{\"@id\":\"https:\/\/apartmentartverde.com\/index.php\/fr\/a-propos-village-verde\/#breadcrumb\"},\"inLanguage\":\"en-US\",\"potentialAction\":[{\"@type\":\"ReadAction\",\"target\":[\"https:\/\/apartmentartverde.com\/index.php\/fr\/a-propos-village-verde\/\"]}]},{\"@type\":\"ImageObject\",\"inLanguage\":\"en-US\",\"@id\":\"https:\/\/apartmentartverde.com\/index.php\/fr\/a-propos-village-verde\/#primaryimage\",\"url\":\"https:\/\/apartmentartverde.com\/wp-content\/uploads\/2024\/06\/ALS_Village_Verde-Outside-25-scaled.jpg\",\"contentUrl\":\"https:\/\/apartmentartverde.com\/wp-content\/uploads\/2024\/06\/ALS_Village_Verde-Outside-25-scaled.jpg\",\"width\":2560,\"height\":1707},{\"@type\":\"BreadcrumbList\",\"@id\":\"https:\/\/apartmentartverde.com\/index.php\/fr\/a-propos-village-verde\/#breadcrumb\",\"itemListElement\":[{\"@type\":\"ListItem\",\"position\":1,\"name\":\"Home\",\"item\":\"https:\/\/apartmentartverde.com\/\"},{\"@type\":\"ListItem\",\"position\":2,\"name\":\"\u00c0 propos Village Verde\"}]},{\"@type\":\"WebSite\",\"@id\":\"https:\/\/apartmentartverde.com\/#website\",\"url\":\"https:\/\/apartmentartverde.com\/\",\"name\":\"Art Verde Apartment\",\"description\":\"\",\"publisher\":{\"@id\":\"https:\/\/apartmentartverde.com\/#organization\"},\"inLanguage\":\"en-US\"},{\"@type\":\"Organization\",\"@id\":\"https:\/\/apartmentartverde.com\/#organization\",\"name\":\"Art Verde Apartment\",\"url\":\"https:\/\/apartmentartverde.com\/\",\"logo\":{\"@type\":\"ImageObject\",\"inLanguage\":\"en-US\",\"@id\":\"https:\/\/apartmentartverde.com\/#\/schema\/logo\/image\/\",\"url\":\"https:\/\/apartmentartverde.com\/wp-content\/uploads\/2024\/02\/logo.png\",\"contentUrl\":\"https:\/\/apartmentartverde.com\/wp-content\/uploads\/2024\/02\/logo.png\",\"width\":1490,\"height\":1320,\"caption\":\"Art Verde Apartment\"},\"image\":{\"@id\":\"https:\/\/apartmentartverde.com\/#\/schema\/logo\/image\/\"}}]}<\/script>\n<!-- \/ Yoast SEO plugin. -->","yoast_head_json":{"title":"\u00c0 propos Village Verde - Apartment Art Verde","robots":{"index":"index","follow":"follow","max-snippet":"max-snippet:-1","max-image-preview":"max-image-preview:large","max-video-preview":"max-video-preview:-1"},"canonical":"https:\/\/apartmentartverde.com\/index.php\/fr\/a-propos-village-verde\/","og_locale":"en_US","og_type":"article","og_title":"\u00c0 propos Village Verde - Apartment Art Verde","og_description":"Village Verde est le nouveau complexe r\u00e9sidentiel exquis situ\u00e9 dans un parc paisible au c\u0153ur de La Reserva Sotogrande, en Andalousie. Il offre des piscines int\u00e9rieures et ext\u00e9rieures, une zone pour enfants, une pataugeoire, une pelouse de croquet, un putting green, une salle de fitness et un espace SPA dans une ambiance tr\u00e8s soign\u00e9e et [&hellip;]","og_url":"https:\/\/apartmentartverde.com\/index.php\/fr\/a-propos-village-verde\/","og_site_name":"Apartment Art Verde","article_modified_time":"2024-06-28T16:04:07+00:00","og_image":[{"url":"https:\/\/apartmentartverde.com\/wp-content\/uploads\/2024\/06\/ALS_Village_Verde-Outside-25-1024x683.jpg","type":"","width":"","height":""}],"twitter_card":"summary_large_image","twitter_misc":{"Est. reading time":"3 minutes"},"schema":{"@context":"https:\/\/schema.org","@graph":[{"@type":"WebPage","@id":"https:\/\/apartmentartverde.com\/index.php\/fr\/a-propos-village-verde\/","url":"https:\/\/apartmentartverde.com\/index.php\/fr\/a-propos-village-verde\/","name":"\u00c0 propos Village Verde - Apartment Art Verde","isPartOf":{"@id":"https:\/\/apartmentartverde.com\/#website"},"primaryImageOfPage":{"@id":"https:\/\/apartmentartverde.com\/index.php\/fr\/a-propos-village-verde\/#primaryimage"},"image":{"@id":"https:\/\/apartmentartverde.com\/index.php\/fr\/a-propos-village-verde\/#primaryimage"},"thumbnailUrl":"https:\/\/apartmentartverde.com\/wp-content\/uploads\/2024\/06\/ALS_Village_Verde-Outside-25-1024x683.jpg","datePublished":"2024-06-08T15:31:38+00:00","dateModified":"2024-06-28T16:04:07+00:00","breadcrumb":{"@id":"https:\/\/apartmentartverde.com\/index.php\/fr\/a-propos-village-verde\/#breadcrumb"},"inLanguage":"en-US","potentialAction":[{"@type":"ReadAction","target":["https:\/\/apartmentartverde.com\/index.php\/fr\/a-propos-village-verde\/"]}]},{"@type":"ImageObject","inLanguage":"en-US","@id":"https:\/\/apartmentartverde.com\/index.php\/fr\/a-propos-village-verde\/#primaryimage","url":"https:\/\/apartmentartverde.com\/wp-content\/uploads\/2024\/06\/ALS_Village_Verde-Outside-25-scaled.jpg","contentUrl":"https:\/\/apartmentartverde.com\/wp-content\/uploads\/2024\/06\/ALS_Village_Verde-Outside-25-scaled.jpg","width":2560,"height":1707},{"@type":"BreadcrumbList","@id":"https:\/\/apartmentartverde.com\/index.php\/fr\/a-propos-village-verde\/#breadcrumb","itemListElement":[{"@type":"ListItem","position":1,"name":"Home","item":"https:\/\/apartmentartverde.com\/"},{"@type":"ListItem","position":2,"name":"\u00c0 propos Village Verde"}]},{"@type":"WebSite","@id":"https:\/\/apartmentartverde.com\/#website","url":"https:\/\/apartmentartverde.com\/","name":"Art Verde Apartment","description":"","publisher":{"@id":"https:\/\/apartmentartverde.com\/#organization"},"inLanguage":"en-US"},{"@type":"Organization","@id":"https:\/\/apartmentartverde.com\/#organization","name":"Art Verde Apartment","url":"https:\/\/apartmentartverde.com\/","logo":{"@type":"ImageObject","inLanguage":"en-US","@id":"https:\/\/apartmentartverde.com\/#\/schema\/logo\/image\/","url":"https:\/\/apartmentartverde.com\/wp-content\/uploads\/2024\/02\/logo.png","contentUrl":"https:\/\/apartmentartverde.com\/wp-content\/uploads\/2024\/02\/logo.png","width":1490,"height":1320,"caption":"Art Verde Apartment"},"image":{"@id":"https:\/\/apartmentartverde.com\/#\/schema\/logo\/image\/"}}]}},"_links":{"self":[{"href":"https:\/\/apartmentartverde.com\/index.php\/wp-json\/wp\/v2\/pages\/91","targetHints":{"allow":["GET"]}}],"collection":[{"href":"https:\/\/apartmentartverde.com\/index.php\/wp-json\/wp\/v2\/pages"}],"about":[{"href":"https:\/\/apartmentartverde.com\/index.php\/wp-json\/wp\/v2\/types\/page"}],"author":[{"embeddable":true,"href":"https:\/\/apartmentartverde.com\/index.php\/wp-json\/wp\/v2\/users\/1"}],"replies":[{"embeddable":true,"href":"https:\/\/apartmentartverde.com\/index.php\/wp-json\/wp\/v2\/comments?post=91"}],"version-history":[{"count":8,"href":"https:\/\/apartmentartverde.com\/index.php\/wp-json\/wp\/v2\/pages\/91\/revisions"}],"predecessor-version":[{"id":528,"href":"https:\/\/apartmentartverde.com\/index.php\/wp-json\/wp\/v2\/pages\/91\/revisions\/528"}],"wp:attachment":[{"href":"https:\/\/apartmentartverde.com\/index.php\/wp-json\/wp\/v2\/media?parent=91"}],"curies":[{"name":"wp","href":"https:\/\/api.w.org\/{rel}","templated":true}]}}