
{"id":89,"date":"2024-06-08T15:31:20","date_gmt":"2024-06-08T15:31:20","guid":{"rendered":"https:\/\/apartmentartverde.com\/?page_id=89"},"modified":"2024-06-28T15:44:50","modified_gmt":"2024-06-28T15:44:50","slug":"uber-village-verde","status":"publish","type":"page","link":"https:\/\/apartmentartverde.com\/index.php\/de\/uber-village-verde\/","title":{"rendered":"\u00dcber Village Verde"},"content":{"rendered":"\n<figure class=\"wp-block-gallery has-nested-images columns-1 wp-block-gallery-1 is-layout-flex wp-block-gallery-is-layout-flex\">\n<figure class=\"wp-block-image size-full\"><img loading=\"lazy\" decoding=\"async\" width=\"1024\" height=\"574\" data-id=\"471\" src=\"https:\/\/apartmentartverde.com\/wp-content\/uploads\/2024\/06\/la_reserva_6-1024x574-1.jpg\" alt=\"\" class=\"wp-image-471\" srcset=\"https:\/\/apartmentartverde.com\/wp-content\/uploads\/2024\/06\/la_reserva_6-1024x574-1.jpg 1024w, https:\/\/apartmentartverde.com\/wp-content\/uploads\/2024\/06\/la_reserva_6-1024x574-1-300x168.jpg 300w, https:\/\/apartmentartverde.com\/wp-content\/uploads\/2024\/06\/la_reserva_6-1024x574-1-768x431.jpg 768w\" sizes=\"auto, (max-width: 1024px) 100vw, 1024px\" \/><\/figure>\n\n\n\n<figure class=\"wp-block-image size-large\"><img loading=\"lazy\" decoding=\"async\" width=\"1024\" height=\"682\" data-id=\"474\" src=\"https:\/\/apartmentartverde.com\/wp-content\/uploads\/2024\/06\/9b44edae-1fd8-498b-a084-8defe4138c56-1024x682.jpg\" alt=\"\" class=\"wp-image-474\" srcset=\"https:\/\/apartmentartverde.com\/wp-content\/uploads\/2024\/06\/9b44edae-1fd8-498b-a084-8defe4138c56-1024x682.jpg 1024w, https:\/\/apartmentartverde.com\/wp-content\/uploads\/2024\/06\/9b44edae-1fd8-498b-a084-8defe4138c56-300x200.jpg 300w, https:\/\/apartmentartverde.com\/wp-content\/uploads\/2024\/06\/9b44edae-1fd8-498b-a084-8defe4138c56-768x512.jpg 768w, https:\/\/apartmentartverde.com\/wp-content\/uploads\/2024\/06\/9b44edae-1fd8-498b-a084-8defe4138c56-1536x1023.jpg 1536w, https:\/\/apartmentartverde.com\/wp-content\/uploads\/2024\/06\/9b44edae-1fd8-498b-a084-8defe4138c56.jpg 1600w\" sizes=\"auto, (max-width: 1024px) 100vw, 1024px\" \/><\/figure>\n\n\n\n<figure class=\"wp-block-image size-full\"><img loading=\"lazy\" decoding=\"async\" width=\"1024\" height=\"574\" data-id=\"473\" src=\"https:\/\/apartmentartverde.com\/wp-content\/uploads\/2024\/06\/home_2_d_new-1024x574-1.jpg\" alt=\"\" class=\"wp-image-473\" srcset=\"https:\/\/apartmentartverde.com\/wp-content\/uploads\/2024\/06\/home_2_d_new-1024x574-1.jpg 1024w, https:\/\/apartmentartverde.com\/wp-content\/uploads\/2024\/06\/home_2_d_new-1024x574-1-300x168.jpg 300w, https:\/\/apartmentartverde.com\/wp-content\/uploads\/2024\/06\/home_2_d_new-1024x574-1-768x431.jpg 768w\" sizes=\"auto, (max-width: 1024px) 100vw, 1024px\" \/><\/figure>\n\n\n\n<figure class=\"wp-block-image size-large\"><img loading=\"lazy\" decoding=\"async\" width=\"1024\" height=\"683\" data-id=\"505\" src=\"https:\/\/apartmentartverde.com\/wp-content\/uploads\/2024\/06\/ALS_Village_Verde-Outside-5-1024x683.jpg\" alt=\"\" class=\"wp-image-505\" srcset=\"https:\/\/apartmentartverde.com\/wp-content\/uploads\/2024\/06\/ALS_Village_Verde-Outside-5-1024x683.jpg 1024w, https:\/\/apartmentartverde.com\/wp-content\/uploads\/2024\/06\/ALS_Village_Verde-Outside-5-300x200.jpg 300w, https:\/\/apartmentartverde.com\/wp-content\/uploads\/2024\/06\/ALS_Village_Verde-Outside-5-768x512.jpg 768w, https:\/\/apartmentartverde.com\/wp-content\/uploads\/2024\/06\/ALS_Village_Verde-Outside-5-1536x1024.jpg 1536w, https:\/\/apartmentartverde.com\/wp-content\/uploads\/2024\/06\/ALS_Village_Verde-Outside-5-2048x1365.jpg 2048w\" sizes=\"auto, (max-width: 1024px) 100vw, 1024px\" \/><\/figure>\n\n\n\n<figure class=\"wp-block-image size-large\"><img loading=\"lazy\" decoding=\"async\" width=\"1024\" height=\"682\" data-id=\"475\" src=\"https:\/\/apartmentartverde.com\/wp-content\/uploads\/2024\/06\/b104fe5c-a6a2-4db3-b89e-f5affb82fc32-1024x682.jpg\" alt=\"\" class=\"wp-image-475\" srcset=\"https:\/\/apartmentartverde.com\/wp-content\/uploads\/2024\/06\/b104fe5c-a6a2-4db3-b89e-f5affb82fc32-1024x682.jpg 1024w, https:\/\/apartmentartverde.com\/wp-content\/uploads\/2024\/06\/b104fe5c-a6a2-4db3-b89e-f5affb82fc32-300x200.jpg 300w, https:\/\/apartmentartverde.com\/wp-content\/uploads\/2024\/06\/b104fe5c-a6a2-4db3-b89e-f5affb82fc32-768x512.jpg 768w, https:\/\/apartmentartverde.com\/wp-content\/uploads\/2024\/06\/b104fe5c-a6a2-4db3-b89e-f5affb82fc32-1536x1023.jpg 1536w, https:\/\/apartmentartverde.com\/wp-content\/uploads\/2024\/06\/b104fe5c-a6a2-4db3-b89e-f5affb82fc32.jpg 1600w\" sizes=\"auto, (max-width: 1024px) 100vw, 1024px\" \/><\/figure>\n\n\n\n<figure class=\"wp-block-image size-full\"><img loading=\"lazy\" decoding=\"async\" width=\"1024\" height=\"683\" data-id=\"476\" src=\"https:\/\/apartmentartverde.com\/wp-content\/uploads\/2024\/06\/ALS_Village_Verde-Outside-15-1024x683-4.jpg\" alt=\"\" class=\"wp-image-476\" srcset=\"https:\/\/apartmentartverde.com\/wp-content\/uploads\/2024\/06\/ALS_Village_Verde-Outside-15-1024x683-4.jpg 1024w, https:\/\/apartmentartverde.com\/wp-content\/uploads\/2024\/06\/ALS_Village_Verde-Outside-15-1024x683-4-300x200.jpg 300w, https:\/\/apartmentartverde.com\/wp-content\/uploads\/2024\/06\/ALS_Village_Verde-Outside-15-1024x683-4-768x512.jpg 768w\" sizes=\"auto, (max-width: 1024px) 100vw, 1024px\" \/><\/figure>\n\n\n\n<figure class=\"wp-block-image size-large\"><img loading=\"lazy\" decoding=\"async\" width=\"1024\" height=\"576\" data-id=\"508\" src=\"https:\/\/apartmentartverde.com\/wp-content\/uploads\/2024\/06\/ALS_Village_Verde-Outside-13-1024x576.jpg\" alt=\"\" class=\"wp-image-508\" srcset=\"https:\/\/apartmentartverde.com\/wp-content\/uploads\/2024\/06\/ALS_Village_Verde-Outside-13-1024x576.jpg 1024w, https:\/\/apartmentartverde.com\/wp-content\/uploads\/2024\/06\/ALS_Village_Verde-Outside-13-300x169.jpg 300w, https:\/\/apartmentartverde.com\/wp-content\/uploads\/2024\/06\/ALS_Village_Verde-Outside-13-768x432.jpg 768w, https:\/\/apartmentartverde.com\/wp-content\/uploads\/2024\/06\/ALS_Village_Verde-Outside-13-1536x864.jpg 1536w, https:\/\/apartmentartverde.com\/wp-content\/uploads\/2024\/06\/ALS_Village_Verde-Outside-13-2048x1152.jpg 2048w\" sizes=\"auto, (max-width: 1024px) 100vw, 1024px\" \/><\/figure>\n<\/figure>\n\n\n\n<p>Village Verde ist die neue und exquisite Wohnanlage in der ruhigen Parklandschaft im Herzen von La Reserva Sotogrande, Andalusien. Bietet Innen- und Au\u00dfenpools, einen Kinderbereich, ein Kinderbecken, einen Krocket-Rasen, ein Putting Green, einen Fitnessraum und einen SPA Bereich in sehr gepflegten und ruhigen Ambiente. Die Anlage befindet sich in einer idealen Gemeinschaft f\u00fcr Familien oder Paare, die eine ruhige und gr\u00fcne Umgebung genie\u00dfen m\u00f6chten, ganz in der N\u00e4he der hervorragenden Einrichtungen von dem La Reserva Golf Club, dem Valderrama Golf Club, vom Beach Club, dem Tennissport, dem Padelzentrum und den Restaurants mit den einzigartigen mediterranem Ambiente.<\/p>\n\n\n\n<p>Die geschlossene Wohnanlage bietet Ihnen einen 24-Stunden Sicherheit und Concierge Service.<\/p>\n\n\n\n<p>Die Village Verde Apartments im La Reserva Club sind mit dem renommierten BREEAM Award ausgezeichnet worden. Die BREEAM-Zertifizierung ist eine weltweit f\u00fchrende Zertifizierung, bietet nicht nur eine Best\u00e4tigung der Nachhaltigkeit der Immobilien, sondern auch h\u00f6chste Standards und die Verleihung dieses Preises ist ein Zeichen f\u00fcr das Engagement f\u00fcr herausragende Leistungen in der nachhaltigen Baupraxis. Die Village Verde Apartments sind ein Beispiel f\u00fcr dieses Engagement, da sie Luxus, Komfort und umweltbewusstes Design miteinander verbinden.<\/p>\n","protected":false},"excerpt":{"rendered":"<p>Village Verde ist die neue und exquisite Wohnanlage in der ruhigen Parklandschaft im Herzen von La Reserva Sotogrande, Andalusien. Bietet Innen- und Au\u00dfenpools, einen Kinderbereich, ein Kinderbecken, einen Krocket-Rasen, ein Putting Green, einen Fitnessraum und einen SPA Bereich in sehr gepflegten und ruhigen Ambiente. Die Anlage befindet sich in einer idealen Gemeinschaft f\u00fcr Familien oder [&hellip;]<\/p>\n","protected":false},"author":1,"featured_media":0,"parent":0,"menu_order":0,"comment_status":"closed","ping_status":"closed","template":"","meta":{"footnotes":""},"class_list":["post-89","page","type-page","status-publish","hentry"],"yoast_head":"<!-- This site is optimized with the Yoast SEO plugin v24.4 - https:\/\/yoast.com\/wordpress\/plugins\/seo\/ -->\n<title>\u00dcber Village Verde - Apartment Art Verde<\/title>\n<meta name=\"robots\" content=\"index, follow, max-snippet:-1, max-image-preview:large, max-video-preview:-1\" \/>\n<link rel=\"canonical\" href=\"https:\/\/apartmentartverde.com\/index.php\/de\/uber-village-verde\/\" \/>\n<meta property=\"og:locale\" content=\"en_US\" \/>\n<meta property=\"og:type\" content=\"article\" \/>\n<meta property=\"og:title\" content=\"\u00dcber Village Verde - Apartment Art Verde\" \/>\n<meta property=\"og:description\" content=\"Village Verde ist die neue und exquisite Wohnanlage in der ruhigen Parklandschaft im Herzen von La Reserva Sotogrande, Andalusien. Bietet Innen- und Au\u00dfenpools, einen Kinderbereich, ein Kinderbecken, einen Krocket-Rasen, ein Putting Green, einen Fitnessraum und einen SPA Bereich in sehr gepflegten und ruhigen Ambiente. Die Anlage befindet sich in einer idealen Gemeinschaft f\u00fcr Familien oder [&hellip;]\" \/>\n<meta property=\"og:url\" content=\"https:\/\/apartmentartverde.com\/index.php\/de\/uber-village-verde\/\" \/>\n<meta property=\"og:site_name\" content=\"Apartment Art Verde\" \/>\n<meta property=\"article:modified_time\" content=\"2024-06-28T15:44:50+00:00\" \/>\n<meta property=\"og:image\" content=\"https:\/\/apartmentartverde.com\/wp-content\/uploads\/2024\/06\/la_reserva_6-1024x574-1.jpg\" \/>\n<meta name=\"twitter:card\" content=\"summary_large_image\" \/>\n<meta name=\"twitter:label1\" content=\"Est. reading time\" \/>\n\t<meta name=\"twitter:data1\" content=\"3 minutes\" \/>\n<script type=\"application\/ld+json\" class=\"yoast-schema-graph\">{\"@context\":\"https:\/\/schema.org\",\"@graph\":[{\"@type\":\"WebPage\",\"@id\":\"https:\/\/apartmentartverde.com\/index.php\/de\/uber-village-verde\/\",\"url\":\"https:\/\/apartmentartverde.com\/index.php\/de\/uber-village-verde\/\",\"name\":\"\u00dcber Village Verde - Apartment Art Verde\",\"isPartOf\":{\"@id\":\"https:\/\/apartmentartverde.com\/#website\"},\"primaryImageOfPage\":{\"@id\":\"https:\/\/apartmentartverde.com\/index.php\/de\/uber-village-verde\/#primaryimage\"},\"image\":{\"@id\":\"https:\/\/apartmentartverde.com\/index.php\/de\/uber-village-verde\/#primaryimage\"},\"thumbnailUrl\":\"https:\/\/apartmentartverde.com\/wp-content\/uploads\/2024\/06\/la_reserva_6-1024x574-1.jpg\",\"datePublished\":\"2024-06-08T15:31:20+00:00\",\"dateModified\":\"2024-06-28T15:44:50+00:00\",\"breadcrumb\":{\"@id\":\"https:\/\/apartmentartverde.com\/index.php\/de\/uber-village-verde\/#breadcrumb\"},\"inLanguage\":\"en-US\",\"potentialAction\":[{\"@type\":\"ReadAction\",\"target\":[\"https:\/\/apartmentartverde.com\/index.php\/de\/uber-village-verde\/\"]}]},{\"@type\":\"ImageObject\",\"inLanguage\":\"en-US\",\"@id\":\"https:\/\/apartmentartverde.com\/index.php\/de\/uber-village-verde\/#primaryimage\",\"url\":\"https:\/\/apartmentartverde.com\/wp-content\/uploads\/2024\/06\/la_reserva_6-1024x574-1.jpg\",\"contentUrl\":\"https:\/\/apartmentartverde.com\/wp-content\/uploads\/2024\/06\/la_reserva_6-1024x574-1.jpg\",\"width\":1024,\"height\":574},{\"@type\":\"BreadcrumbList\",\"@id\":\"https:\/\/apartmentartverde.com\/index.php\/de\/uber-village-verde\/#breadcrumb\",\"itemListElement\":[{\"@type\":\"ListItem\",\"position\":1,\"name\":\"Home\",\"item\":\"https:\/\/apartmentartverde.com\/\"},{\"@type\":\"ListItem\",\"position\":2,\"name\":\"\u00dcber Village Verde\"}]},{\"@type\":\"WebSite\",\"@id\":\"https:\/\/apartmentartverde.com\/#website\",\"url\":\"https:\/\/apartmentartverde.com\/\",\"name\":\"Art Verde Apartment\",\"description\":\"\",\"publisher\":{\"@id\":\"https:\/\/apartmentartverde.com\/#organization\"},\"inLanguage\":\"en-US\"},{\"@type\":\"Organization\",\"@id\":\"https:\/\/apartmentartverde.com\/#organization\",\"name\":\"Art Verde Apartment\",\"url\":\"https:\/\/apartmentartverde.com\/\",\"logo\":{\"@type\":\"ImageObject\",\"inLanguage\":\"en-US\",\"@id\":\"https:\/\/apartmentartverde.com\/#\/schema\/logo\/image\/\",\"url\":\"https:\/\/apartmentartverde.com\/wp-content\/uploads\/2024\/02\/logo.png\",\"contentUrl\":\"https:\/\/apartmentartverde.com\/wp-content\/uploads\/2024\/02\/logo.png\",\"width\":1490,\"height\":1320,\"caption\":\"Art Verde Apartment\"},\"image\":{\"@id\":\"https:\/\/apartmentartverde.com\/#\/schema\/logo\/image\/\"}}]}<\/script>\n<!-- \/ Yoast SEO plugin. -->","yoast_head_json":{"title":"\u00dcber Village Verde - Apartment Art Verde","robots":{"index":"index","follow":"follow","max-snippet":"max-snippet:-1","max-image-preview":"max-image-preview:large","max-video-preview":"max-video-preview:-1"},"canonical":"https:\/\/apartmentartverde.com\/index.php\/de\/uber-village-verde\/","og_locale":"en_US","og_type":"article","og_title":"\u00dcber Village Verde - Apartment Art Verde","og_description":"Village Verde ist die neue und exquisite Wohnanlage in der ruhigen Parklandschaft im Herzen von La Reserva Sotogrande, Andalusien. Bietet Innen- und Au\u00dfenpools, einen Kinderbereich, ein Kinderbecken, einen Krocket-Rasen, ein Putting Green, einen Fitnessraum und einen SPA Bereich in sehr gepflegten und ruhigen Ambiente. Die Anlage befindet sich in einer idealen Gemeinschaft f\u00fcr Familien oder [&hellip;]","og_url":"https:\/\/apartmentartverde.com\/index.php\/de\/uber-village-verde\/","og_site_name":"Apartment Art Verde","article_modified_time":"2024-06-28T15:44:50+00:00","og_image":[{"url":"https:\/\/apartmentartverde.com\/wp-content\/uploads\/2024\/06\/la_reserva_6-1024x574-1.jpg","type":"","width":"","height":""}],"twitter_card":"summary_large_image","twitter_misc":{"Est. reading time":"3 minutes"},"schema":{"@context":"https:\/\/schema.org","@graph":[{"@type":"WebPage","@id":"https:\/\/apartmentartverde.com\/index.php\/de\/uber-village-verde\/","url":"https:\/\/apartmentartverde.com\/index.php\/de\/uber-village-verde\/","name":"\u00dcber Village Verde - Apartment Art Verde","isPartOf":{"@id":"https:\/\/apartmentartverde.com\/#website"},"primaryImageOfPage":{"@id":"https:\/\/apartmentartverde.com\/index.php\/de\/uber-village-verde\/#primaryimage"},"image":{"@id":"https:\/\/apartmentartverde.com\/index.php\/de\/uber-village-verde\/#primaryimage"},"thumbnailUrl":"https:\/\/apartmentartverde.com\/wp-content\/uploads\/2024\/06\/la_reserva_6-1024x574-1.jpg","datePublished":"2024-06-08T15:31:20+00:00","dateModified":"2024-06-28T15:44:50+00:00","breadcrumb":{"@id":"https:\/\/apartmentartverde.com\/index.php\/de\/uber-village-verde\/#breadcrumb"},"inLanguage":"en-US","potentialAction":[{"@type":"ReadAction","target":["https:\/\/apartmentartverde.com\/index.php\/de\/uber-village-verde\/"]}]},{"@type":"ImageObject","inLanguage":"en-US","@id":"https:\/\/apartmentartverde.com\/index.php\/de\/uber-village-verde\/#primaryimage","url":"https:\/\/apartmentartverde.com\/wp-content\/uploads\/2024\/06\/la_reserva_6-1024x574-1.jpg","contentUrl":"https:\/\/apartmentartverde.com\/wp-content\/uploads\/2024\/06\/la_reserva_6-1024x574-1.jpg","width":1024,"height":574},{"@type":"BreadcrumbList","@id":"https:\/\/apartmentartverde.com\/index.php\/de\/uber-village-verde\/#breadcrumb","itemListElement":[{"@type":"ListItem","position":1,"name":"Home","item":"https:\/\/apartmentartverde.com\/"},{"@type":"ListItem","position":2,"name":"\u00dcber Village Verde"}]},{"@type":"WebSite","@id":"https:\/\/apartmentartverde.com\/#website","url":"https:\/\/apartmentartverde.com\/","name":"Art Verde Apartment","description":"","publisher":{"@id":"https:\/\/apartmentartverde.com\/#organization"},"inLanguage":"en-US"},{"@type":"Organization","@id":"https:\/\/apartmentartverde.com\/#organization","name":"Art Verde Apartment","url":"https:\/\/apartmentartverde.com\/","logo":{"@type":"ImageObject","inLanguage":"en-US","@id":"https:\/\/apartmentartverde.com\/#\/schema\/logo\/image\/","url":"https:\/\/apartmentartverde.com\/wp-content\/uploads\/2024\/02\/logo.png","contentUrl":"https:\/\/apartmentartverde.com\/wp-content\/uploads\/2024\/02\/logo.png","width":1490,"height":1320,"caption":"Art Verde Apartment"},"image":{"@id":"https:\/\/apartmentartverde.com\/#\/schema\/logo\/image\/"}}]}},"_links":{"self":[{"href":"https:\/\/apartmentartverde.com\/index.php\/wp-json\/wp\/v2\/pages\/89","targetHints":{"allow":["GET"]}}],"collection":[{"href":"https:\/\/apartmentartverde.com\/index.php\/wp-json\/wp\/v2\/pages"}],"about":[{"href":"https:\/\/apartmentartverde.com\/index.php\/wp-json\/wp\/v2\/types\/page"}],"author":[{"embeddable":true,"href":"https:\/\/apartmentartverde.com\/index.php\/wp-json\/wp\/v2\/users\/1"}],"replies":[{"embeddable":true,"href":"https:\/\/apartmentartverde.com\/index.php\/wp-json\/wp\/v2\/comments?post=89"}],"version-history":[{"count":7,"href":"https:\/\/apartmentartverde.com\/index.php\/wp-json\/wp\/v2\/pages\/89\/revisions"}],"predecessor-version":[{"id":509,"href":"https:\/\/apartmentartverde.com\/index.php\/wp-json\/wp\/v2\/pages\/89\/revisions\/509"}],"wp:attachment":[{"href":"https:\/\/apartmentartverde.com\/index.php\/wp-json\/wp\/v2\/media?parent=89"}],"curies":[{"name":"wp","href":"https:\/\/api.w.org\/{rel}","templated":true}]}}