
{"id":85,"date":"2024-06-08T15:30:34","date_gmt":"2024-06-08T15:30:34","guid":{"rendered":"https:\/\/apartmentartverde.com\/?page_id=85"},"modified":"2024-06-28T16:22:45","modified_gmt":"2024-06-28T16:22:45","slug":"a-propos-la-reserva","status":"publish","type":"page","link":"https:\/\/apartmentartverde.com\/index.php\/fr\/a-propos-la-reserva\/","title":{"rendered":"\u00c0 propos La Reserva"},"content":{"rendered":"\n<figure class=\"wp-block-gallery has-nested-images columns-1 wp-block-gallery-1 is-layout-flex wp-block-gallery-is-layout-flex\">\n<figure class=\"wp-block-image size-large\"><img loading=\"lazy\" decoding=\"async\" width=\"1024\" height=\"574\" data-id=\"63\" src=\"https:\/\/apartmentartverde.com\/wp-content\/uploads\/2024\/06\/home_3_d-1024x574.jpg\" alt=\"\" class=\"wp-image-63\" srcset=\"https:\/\/apartmentartverde.com\/wp-content\/uploads\/2024\/06\/home_3_d-1024x574.jpg 1024w, https:\/\/apartmentartverde.com\/wp-content\/uploads\/2024\/06\/home_3_d-300x168.jpg 300w, https:\/\/apartmentartverde.com\/wp-content\/uploads\/2024\/06\/home_3_d-768x430.jpg 768w, https:\/\/apartmentartverde.com\/wp-content\/uploads\/2024\/06\/home_3_d-1536x860.jpg 1536w, https:\/\/apartmentartverde.com\/wp-content\/uploads\/2024\/06\/home_3_d-2048x1147.jpg 2048w\" sizes=\"auto, (max-width: 1024px) 100vw, 1024px\" \/><\/figure>\n\n\n\n<figure class=\"wp-block-image size-large\"><img loading=\"lazy\" decoding=\"async\" width=\"1024\" height=\"574\" data-id=\"305\" src=\"https:\/\/apartmentartverde.com\/wp-content\/uploads\/2024\/06\/la_reserva_1-1024x574.jpg\" alt=\"\" class=\"wp-image-305\" srcset=\"https:\/\/apartmentartverde.com\/wp-content\/uploads\/2024\/06\/la_reserva_1-1024x574.jpg 1024w, https:\/\/apartmentartverde.com\/wp-content\/uploads\/2024\/06\/la_reserva_1-300x168.jpg 300w, https:\/\/apartmentartverde.com\/wp-content\/uploads\/2024\/06\/la_reserva_1-768x430.jpg 768w, https:\/\/apartmentartverde.com\/wp-content\/uploads\/2024\/06\/la_reserva_1-1536x860.jpg 1536w, https:\/\/apartmentartverde.com\/wp-content\/uploads\/2024\/06\/la_reserva_1-2048x1147.jpg 2048w\" sizes=\"auto, (max-width: 1024px) 100vw, 1024px\" \/><\/figure>\n\n\n\n<figure class=\"wp-block-image size-large\"><img loading=\"lazy\" decoding=\"async\" width=\"1024\" height=\"574\" data-id=\"309\" src=\"https:\/\/apartmentartverde.com\/wp-content\/uploads\/2024\/06\/la_reserva_5-1024x574.jpg\" alt=\"\" class=\"wp-image-309\" srcset=\"https:\/\/apartmentartverde.com\/wp-content\/uploads\/2024\/06\/la_reserva_5-1024x574.jpg 1024w, https:\/\/apartmentartverde.com\/wp-content\/uploads\/2024\/06\/la_reserva_5-300x168.jpg 300w, https:\/\/apartmentartverde.com\/wp-content\/uploads\/2024\/06\/la_reserva_5-768x430.jpg 768w, https:\/\/apartmentartverde.com\/wp-content\/uploads\/2024\/06\/la_reserva_5-1536x860.jpg 1536w, https:\/\/apartmentartverde.com\/wp-content\/uploads\/2024\/06\/la_reserva_5-2048x1147.jpg 2048w\" sizes=\"auto, (max-width: 1024px) 100vw, 1024px\" \/><\/figure>\n\n\n\n<figure class=\"wp-block-image size-large\"><img loading=\"lazy\" decoding=\"async\" width=\"1024\" height=\"574\" data-id=\"306\" src=\"https:\/\/apartmentartverde.com\/wp-content\/uploads\/2024\/06\/la_reserva_2-1024x574.jpg\" alt=\"\" class=\"wp-image-306\" srcset=\"https:\/\/apartmentartverde.com\/wp-content\/uploads\/2024\/06\/la_reserva_2-1024x574.jpg 1024w, https:\/\/apartmentartverde.com\/wp-content\/uploads\/2024\/06\/la_reserva_2-300x168.jpg 300w, https:\/\/apartmentartverde.com\/wp-content\/uploads\/2024\/06\/la_reserva_2-768x430.jpg 768w, https:\/\/apartmentartverde.com\/wp-content\/uploads\/2024\/06\/la_reserva_2-1536x860.jpg 1536w, https:\/\/apartmentartverde.com\/wp-content\/uploads\/2024\/06\/la_reserva_2-2048x1147.jpg 2048w\" sizes=\"auto, (max-width: 1024px) 100vw, 1024px\" \/><\/figure>\n\n\n\n<figure class=\"wp-block-image size-large\"><img loading=\"lazy\" decoding=\"async\" width=\"1024\" height=\"574\" data-id=\"308\" src=\"https:\/\/apartmentartverde.com\/wp-content\/uploads\/2024\/06\/la_reserva_4-1024x574.jpg\" alt=\"\" class=\"wp-image-308\" srcset=\"https:\/\/apartmentartverde.com\/wp-content\/uploads\/2024\/06\/la_reserva_4-1024x574.jpg 1024w, https:\/\/apartmentartverde.com\/wp-content\/uploads\/2024\/06\/la_reserva_4-300x168.jpg 300w, https:\/\/apartmentartverde.com\/wp-content\/uploads\/2024\/06\/la_reserva_4-768x430.jpg 768w, https:\/\/apartmentartverde.com\/wp-content\/uploads\/2024\/06\/la_reserva_4-1536x860.jpg 1536w, https:\/\/apartmentartverde.com\/wp-content\/uploads\/2024\/06\/la_reserva_4-2048x1147.jpg 2048w\" sizes=\"auto, (max-width: 1024px) 100vw, 1024px\" \/><\/figure>\n\n\n\n<figure class=\"wp-block-image size-large\"><img loading=\"lazy\" decoding=\"async\" width=\"1024\" height=\"574\" data-id=\"307\" src=\"https:\/\/apartmentartverde.com\/wp-content\/uploads\/2024\/06\/la_reserva_3-1024x574.jpg\" alt=\"\" class=\"wp-image-307\" srcset=\"https:\/\/apartmentartverde.com\/wp-content\/uploads\/2024\/06\/la_reserva_3-1024x574.jpg 1024w, https:\/\/apartmentartverde.com\/wp-content\/uploads\/2024\/06\/la_reserva_3-300x168.jpg 300w, https:\/\/apartmentartverde.com\/wp-content\/uploads\/2024\/06\/la_reserva_3-768x430.jpg 768w, https:\/\/apartmentartverde.com\/wp-content\/uploads\/2024\/06\/la_reserva_3-1536x860.jpg 1536w, https:\/\/apartmentartverde.com\/wp-content\/uploads\/2024\/06\/la_reserva_3-2048x1147.jpg 2048w\" sizes=\"auto, (max-width: 1024px) 100vw, 1024px\" \/><\/figure>\n<\/figure>\n\n\n\n<p>La Reserva est un complexe r\u00e9sidentiel unique et s\u00fbr situ\u00e9 \u00e0 Sotogrande, entour\u00e9 d&#8217;un paysage andalou de r\u00eave et dot\u00e9 d&#8217;installations exclusives. La proximit\u00e9 de la tr\u00e8s populaire International School fait de La Reserva un lieu de r\u00e9sidence tr\u00e8s pris\u00e9 tout au long de l&#8217;ann\u00e9e.<\/p>\n\n\n\n<p>Le terrain de golf de La Reserva avec son charmant et \u00e9poustouflant clubhouse, le Beach Club avec ses excellentes installations de loisirs comme le Racquet Center, le centre de padel et la magnifique lagune avec piscine pour adultes est l&#8217;ambiance parfaite pour se d\u00e9tendre sur les chaises longues avec service de serveur ainsi que l&#8217;offre de la gastronomie vari\u00e9e au sein de La Reserva ; votre s\u00e9jour sera une exp\u00e9rience unique!<\/p>\n","protected":false},"excerpt":{"rendered":"<p>La Reserva est un complexe r\u00e9sidentiel unique et s\u00fbr situ\u00e9 \u00e0 Sotogrande, entour\u00e9 d&#8217;un paysage andalou de r\u00eave et dot\u00e9 d&#8217;installations exclusives. La proximit\u00e9 de la tr\u00e8s populaire International School fait de La Reserva un lieu de r\u00e9sidence tr\u00e8s pris\u00e9 tout au long de l&#8217;ann\u00e9e. Le terrain de golf de La Reserva avec son charmant [&hellip;]<\/p>\n","protected":false},"author":1,"featured_media":0,"parent":0,"menu_order":0,"comment_status":"closed","ping_status":"closed","template":"","meta":{"footnotes":""},"class_list":["post-85","page","type-page","status-publish","hentry"],"yoast_head":"<!-- This site is optimized with the Yoast SEO plugin v24.4 - https:\/\/yoast.com\/wordpress\/plugins\/seo\/ -->\n<title>\u00c0 propos La Reserva - Apartment Art Verde<\/title>\n<meta name=\"robots\" content=\"index, follow, max-snippet:-1, max-image-preview:large, max-video-preview:-1\" \/>\n<link rel=\"canonical\" href=\"https:\/\/apartmentartverde.com\/index.php\/fr\/a-propos-la-reserva\/\" \/>\n<meta property=\"og:locale\" content=\"en_US\" \/>\n<meta property=\"og:type\" content=\"article\" \/>\n<meta property=\"og:title\" content=\"\u00c0 propos La Reserva - Apartment Art Verde\" \/>\n<meta property=\"og:description\" content=\"La Reserva est un complexe r\u00e9sidentiel unique et s\u00fbr situ\u00e9 \u00e0 Sotogrande, entour\u00e9 d&#8217;un paysage andalou de r\u00eave et dot\u00e9 d&#8217;installations exclusives. La proximit\u00e9 de la tr\u00e8s populaire International School fait de La Reserva un lieu de r\u00e9sidence tr\u00e8s pris\u00e9 tout au long de l&#8217;ann\u00e9e. Le terrain de golf de La Reserva avec son charmant [&hellip;]\" \/>\n<meta property=\"og:url\" content=\"https:\/\/apartmentartverde.com\/index.php\/fr\/a-propos-la-reserva\/\" \/>\n<meta property=\"og:site_name\" content=\"Apartment Art Verde\" \/>\n<meta property=\"article:modified_time\" content=\"2024-06-28T16:22:45+00:00\" \/>\n<meta property=\"og:image\" content=\"https:\/\/apartmentartverde.com\/wp-content\/uploads\/2024\/06\/home_3_d-1024x574.jpg\" \/>\n<meta name=\"twitter:card\" content=\"summary_large_image\" \/>\n<meta name=\"twitter:label1\" content=\"Est. reading time\" \/>\n\t<meta name=\"twitter:data1\" content=\"2 minutes\" \/>\n<script type=\"application\/ld+json\" class=\"yoast-schema-graph\">{\"@context\":\"https:\/\/schema.org\",\"@graph\":[{\"@type\":\"WebPage\",\"@id\":\"https:\/\/apartmentartverde.com\/index.php\/fr\/a-propos-la-reserva\/\",\"url\":\"https:\/\/apartmentartverde.com\/index.php\/fr\/a-propos-la-reserva\/\",\"name\":\"\u00c0 propos La Reserva - Apartment Art Verde\",\"isPartOf\":{\"@id\":\"https:\/\/apartmentartverde.com\/#website\"},\"primaryImageOfPage\":{\"@id\":\"https:\/\/apartmentartverde.com\/index.php\/fr\/a-propos-la-reserva\/#primaryimage\"},\"image\":{\"@id\":\"https:\/\/apartmentartverde.com\/index.php\/fr\/a-propos-la-reserva\/#primaryimage\"},\"thumbnailUrl\":\"https:\/\/apartmentartverde.com\/wp-content\/uploads\/2024\/06\/home_3_d-1024x574.jpg\",\"datePublished\":\"2024-06-08T15:30:34+00:00\",\"dateModified\":\"2024-06-28T16:22:45+00:00\",\"breadcrumb\":{\"@id\":\"https:\/\/apartmentartverde.com\/index.php\/fr\/a-propos-la-reserva\/#breadcrumb\"},\"inLanguage\":\"en-US\",\"potentialAction\":[{\"@type\":\"ReadAction\",\"target\":[\"https:\/\/apartmentartverde.com\/index.php\/fr\/a-propos-la-reserva\/\"]}]},{\"@type\":\"ImageObject\",\"inLanguage\":\"en-US\",\"@id\":\"https:\/\/apartmentartverde.com\/index.php\/fr\/a-propos-la-reserva\/#primaryimage\",\"url\":\"https:\/\/apartmentartverde.com\/wp-content\/uploads\/2024\/06\/home_3_d.jpg\",\"contentUrl\":\"https:\/\/apartmentartverde.com\/wp-content\/uploads\/2024\/06\/home_3_d.jpg\",\"width\":2560,\"height\":1434},{\"@type\":\"BreadcrumbList\",\"@id\":\"https:\/\/apartmentartverde.com\/index.php\/fr\/a-propos-la-reserva\/#breadcrumb\",\"itemListElement\":[{\"@type\":\"ListItem\",\"position\":1,\"name\":\"Home\",\"item\":\"https:\/\/apartmentartverde.com\/\"},{\"@type\":\"ListItem\",\"position\":2,\"name\":\"\u00c0 propos La Reserva\"}]},{\"@type\":\"WebSite\",\"@id\":\"https:\/\/apartmentartverde.com\/#website\",\"url\":\"https:\/\/apartmentartverde.com\/\",\"name\":\"Art Verde Apartment\",\"description\":\"\",\"publisher\":{\"@id\":\"https:\/\/apartmentartverde.com\/#organization\"},\"inLanguage\":\"en-US\"},{\"@type\":\"Organization\",\"@id\":\"https:\/\/apartmentartverde.com\/#organization\",\"name\":\"Art Verde Apartment\",\"url\":\"https:\/\/apartmentartverde.com\/\",\"logo\":{\"@type\":\"ImageObject\",\"inLanguage\":\"en-US\",\"@id\":\"https:\/\/apartmentartverde.com\/#\/schema\/logo\/image\/\",\"url\":\"https:\/\/apartmentartverde.com\/wp-content\/uploads\/2024\/02\/logo.png\",\"contentUrl\":\"https:\/\/apartmentartverde.com\/wp-content\/uploads\/2024\/02\/logo.png\",\"width\":1490,\"height\":1320,\"caption\":\"Art Verde Apartment\"},\"image\":{\"@id\":\"https:\/\/apartmentartverde.com\/#\/schema\/logo\/image\/\"}}]}<\/script>\n<!-- \/ Yoast SEO plugin. -->","yoast_head_json":{"title":"\u00c0 propos La Reserva - Apartment Art Verde","robots":{"index":"index","follow":"follow","max-snippet":"max-snippet:-1","max-image-preview":"max-image-preview:large","max-video-preview":"max-video-preview:-1"},"canonical":"https:\/\/apartmentartverde.com\/index.php\/fr\/a-propos-la-reserva\/","og_locale":"en_US","og_type":"article","og_title":"\u00c0 propos La Reserva - Apartment Art Verde","og_description":"La Reserva est un complexe r\u00e9sidentiel unique et s\u00fbr situ\u00e9 \u00e0 Sotogrande, entour\u00e9 d&#8217;un paysage andalou de r\u00eave et dot\u00e9 d&#8217;installations exclusives. La proximit\u00e9 de la tr\u00e8s populaire International School fait de La Reserva un lieu de r\u00e9sidence tr\u00e8s pris\u00e9 tout au long de l&#8217;ann\u00e9e. Le terrain de golf de La Reserva avec son charmant [&hellip;]","og_url":"https:\/\/apartmentartverde.com\/index.php\/fr\/a-propos-la-reserva\/","og_site_name":"Apartment Art Verde","article_modified_time":"2024-06-28T16:22:45+00:00","og_image":[{"url":"https:\/\/apartmentartverde.com\/wp-content\/uploads\/2024\/06\/home_3_d-1024x574.jpg","type":"","width":"","height":""}],"twitter_card":"summary_large_image","twitter_misc":{"Est. reading time":"2 minutes"},"schema":{"@context":"https:\/\/schema.org","@graph":[{"@type":"WebPage","@id":"https:\/\/apartmentartverde.com\/index.php\/fr\/a-propos-la-reserva\/","url":"https:\/\/apartmentartverde.com\/index.php\/fr\/a-propos-la-reserva\/","name":"\u00c0 propos La Reserva - Apartment Art Verde","isPartOf":{"@id":"https:\/\/apartmentartverde.com\/#website"},"primaryImageOfPage":{"@id":"https:\/\/apartmentartverde.com\/index.php\/fr\/a-propos-la-reserva\/#primaryimage"},"image":{"@id":"https:\/\/apartmentartverde.com\/index.php\/fr\/a-propos-la-reserva\/#primaryimage"},"thumbnailUrl":"https:\/\/apartmentartverde.com\/wp-content\/uploads\/2024\/06\/home_3_d-1024x574.jpg","datePublished":"2024-06-08T15:30:34+00:00","dateModified":"2024-06-28T16:22:45+00:00","breadcrumb":{"@id":"https:\/\/apartmentartverde.com\/index.php\/fr\/a-propos-la-reserva\/#breadcrumb"},"inLanguage":"en-US","potentialAction":[{"@type":"ReadAction","target":["https:\/\/apartmentartverde.com\/index.php\/fr\/a-propos-la-reserva\/"]}]},{"@type":"ImageObject","inLanguage":"en-US","@id":"https:\/\/apartmentartverde.com\/index.php\/fr\/a-propos-la-reserva\/#primaryimage","url":"https:\/\/apartmentartverde.com\/wp-content\/uploads\/2024\/06\/home_3_d.jpg","contentUrl":"https:\/\/apartmentartverde.com\/wp-content\/uploads\/2024\/06\/home_3_d.jpg","width":2560,"height":1434},{"@type":"BreadcrumbList","@id":"https:\/\/apartmentartverde.com\/index.php\/fr\/a-propos-la-reserva\/#breadcrumb","itemListElement":[{"@type":"ListItem","position":1,"name":"Home","item":"https:\/\/apartmentartverde.com\/"},{"@type":"ListItem","position":2,"name":"\u00c0 propos La Reserva"}]},{"@type":"WebSite","@id":"https:\/\/apartmentartverde.com\/#website","url":"https:\/\/apartmentartverde.com\/","name":"Art Verde Apartment","description":"","publisher":{"@id":"https:\/\/apartmentartverde.com\/#organization"},"inLanguage":"en-US"},{"@type":"Organization","@id":"https:\/\/apartmentartverde.com\/#organization","name":"Art Verde Apartment","url":"https:\/\/apartmentartverde.com\/","logo":{"@type":"ImageObject","inLanguage":"en-US","@id":"https:\/\/apartmentartverde.com\/#\/schema\/logo\/image\/","url":"https:\/\/apartmentartverde.com\/wp-content\/uploads\/2024\/02\/logo.png","contentUrl":"https:\/\/apartmentartverde.com\/wp-content\/uploads\/2024\/02\/logo.png","width":1490,"height":1320,"caption":"Art Verde Apartment"},"image":{"@id":"https:\/\/apartmentartverde.com\/#\/schema\/logo\/image\/"}}]}},"_links":{"self":[{"href":"https:\/\/apartmentartverde.com\/index.php\/wp-json\/wp\/v2\/pages\/85","targetHints":{"allow":["GET"]}}],"collection":[{"href":"https:\/\/apartmentartverde.com\/index.php\/wp-json\/wp\/v2\/pages"}],"about":[{"href":"https:\/\/apartmentartverde.com\/index.php\/wp-json\/wp\/v2\/types\/page"}],"author":[{"embeddable":true,"href":"https:\/\/apartmentartverde.com\/index.php\/wp-json\/wp\/v2\/users\/1"}],"replies":[{"embeddable":true,"href":"https:\/\/apartmentartverde.com\/index.php\/wp-json\/wp\/v2\/comments?post=85"}],"version-history":[{"count":6,"href":"https:\/\/apartmentartverde.com\/index.php\/wp-json\/wp\/v2\/pages\/85\/revisions"}],"predecessor-version":[{"id":545,"href":"https:\/\/apartmentartverde.com\/index.php\/wp-json\/wp\/v2\/pages\/85\/revisions\/545"}],"wp:attachment":[{"href":"https:\/\/apartmentartverde.com\/index.php\/wp-json\/wp\/v2\/media?parent=85"}],"curies":[{"name":"wp","href":"https:\/\/api.w.org\/{rel}","templated":true}]}}