
{"id":76,"date":"2024-06-08T13:39:04","date_gmt":"2024-06-08T13:39:04","guid":{"rendered":"https:\/\/apartmentartverde.com\/?page_id=76"},"modified":"2024-07-02T20:39:33","modified_gmt":"2024-07-02T20:39:33","slug":"about-art-verde-apartment-3","status":"publish","type":"page","link":"https:\/\/apartmentartverde.com\/index.php\/fr\/about-art-verde-apartment-3\/","title":{"rendered":"\u00c0 propos Apartment Art Verde"},"content":{"rendered":"\n<figure class=\"wp-block-gallery has-nested-images columns-1 wp-block-gallery-1 is-layout-flex wp-block-gallery-is-layout-flex\">\n<figure class=\"wp-block-image size-large\"><img loading=\"lazy\" decoding=\"async\" width=\"1024\" height=\"683\" data-id=\"572\" src=\"https:\/\/apartmentartverde.com\/wp-content\/uploads\/2024\/07\/ALS_Village_Verde-Outside-15-1024x683.jpg\" alt=\"\" class=\"wp-image-572\" srcset=\"https:\/\/apartmentartverde.com\/wp-content\/uploads\/2024\/07\/ALS_Village_Verde-Outside-15-1024x683.jpg 1024w, https:\/\/apartmentartverde.com\/wp-content\/uploads\/2024\/07\/ALS_Village_Verde-Outside-15-300x200.jpg 300w, https:\/\/apartmentartverde.com\/wp-content\/uploads\/2024\/07\/ALS_Village_Verde-Outside-15-768x512.jpg 768w, https:\/\/apartmentartverde.com\/wp-content\/uploads\/2024\/07\/ALS_Village_Verde-Outside-15-1536x1024.jpg 1536w, https:\/\/apartmentartverde.com\/wp-content\/uploads\/2024\/07\/ALS_Village_Verde-Outside-15-2048x1365.jpg 2048w\" sizes=\"auto, (max-width: 1024px) 100vw, 1024px\" \/><\/figure>\n\n\n\n<figure class=\"wp-block-image size-large\"><img loading=\"lazy\" decoding=\"async\" width=\"1024\" height=\"574\" data-id=\"334\" src=\"https:\/\/apartmentartverde.com\/wp-content\/uploads\/2024\/06\/about_art_verde_8-1024x574.jpg\" alt=\"\" class=\"wp-image-334\" srcset=\"https:\/\/apartmentartverde.com\/wp-content\/uploads\/2024\/06\/about_art_verde_8-1024x574.jpg 1024w, https:\/\/apartmentartverde.com\/wp-content\/uploads\/2024\/06\/about_art_verde_8-300x168.jpg 300w, https:\/\/apartmentartverde.com\/wp-content\/uploads\/2024\/06\/about_art_verde_8-768x430.jpg 768w, https:\/\/apartmentartverde.com\/wp-content\/uploads\/2024\/06\/about_art_verde_8-1536x860.jpg 1536w, https:\/\/apartmentartverde.com\/wp-content\/uploads\/2024\/06\/about_art_verde_8-2048x1147.jpg 2048w\" sizes=\"auto, (max-width: 1024px) 100vw, 1024px\" \/><\/figure>\n\n\n\n<figure class=\"wp-block-image size-large\"><img loading=\"lazy\" decoding=\"async\" width=\"1024\" height=\"574\" data-id=\"331\" src=\"https:\/\/apartmentartverde.com\/wp-content\/uploads\/2024\/06\/about_art_verde_5-1024x574.jpg\" alt=\"\" class=\"wp-image-331\" srcset=\"https:\/\/apartmentartverde.com\/wp-content\/uploads\/2024\/06\/about_art_verde_5-1024x574.jpg 1024w, https:\/\/apartmentartverde.com\/wp-content\/uploads\/2024\/06\/about_art_verde_5-300x168.jpg 300w, https:\/\/apartmentartverde.com\/wp-content\/uploads\/2024\/06\/about_art_verde_5-768x430.jpg 768w, https:\/\/apartmentartverde.com\/wp-content\/uploads\/2024\/06\/about_art_verde_5-1536x860.jpg 1536w, https:\/\/apartmentartverde.com\/wp-content\/uploads\/2024\/06\/about_art_verde_5-2048x1147.jpg 2048w\" sizes=\"auto, (max-width: 1024px) 100vw, 1024px\" \/><\/figure>\n\n\n\n<figure class=\"wp-block-image size-large\"><img loading=\"lazy\" decoding=\"async\" width=\"1024\" height=\"574\" data-id=\"333\" src=\"https:\/\/apartmentartverde.com\/wp-content\/uploads\/2024\/06\/about_art_verde_7-1024x574.jpg\" alt=\"\" class=\"wp-image-333\" srcset=\"https:\/\/apartmentartverde.com\/wp-content\/uploads\/2024\/06\/about_art_verde_7-1024x574.jpg 1024w, https:\/\/apartmentartverde.com\/wp-content\/uploads\/2024\/06\/about_art_verde_7-300x168.jpg 300w, https:\/\/apartmentartverde.com\/wp-content\/uploads\/2024\/06\/about_art_verde_7-768x430.jpg 768w, https:\/\/apartmentartverde.com\/wp-content\/uploads\/2024\/06\/about_art_verde_7-1536x860.jpg 1536w, https:\/\/apartmentartverde.com\/wp-content\/uploads\/2024\/06\/about_art_verde_7-2048x1147.jpg 2048w\" sizes=\"auto, (max-width: 1024px) 100vw, 1024px\" \/><\/figure>\n\n\n\n<figure class=\"wp-block-image size-large\"><img loading=\"lazy\" decoding=\"async\" width=\"1024\" height=\"574\" data-id=\"335\" src=\"https:\/\/apartmentartverde.com\/wp-content\/uploads\/2024\/06\/about_art_verde_9-1024x574.jpg\" alt=\"\" class=\"wp-image-335\" srcset=\"https:\/\/apartmentartverde.com\/wp-content\/uploads\/2024\/06\/about_art_verde_9-1024x574.jpg 1024w, https:\/\/apartmentartverde.com\/wp-content\/uploads\/2024\/06\/about_art_verde_9-300x168.jpg 300w, https:\/\/apartmentartverde.com\/wp-content\/uploads\/2024\/06\/about_art_verde_9-768x430.jpg 768w, https:\/\/apartmentartverde.com\/wp-content\/uploads\/2024\/06\/about_art_verde_9-1536x860.jpg 1536w, https:\/\/apartmentartverde.com\/wp-content\/uploads\/2024\/06\/about_art_verde_9-2048x1147.jpg 2048w\" sizes=\"auto, (max-width: 1024px) 100vw, 1024px\" \/><\/figure>\n\n\n\n<figure class=\"wp-block-image size-large\"><img loading=\"lazy\" decoding=\"async\" width=\"1024\" height=\"574\" data-id=\"322\" src=\"https:\/\/apartmentartverde.com\/wp-content\/uploads\/2024\/06\/about_art_verde_12-1024x574.jpg\" alt=\"\" class=\"wp-image-322\" srcset=\"https:\/\/apartmentartverde.com\/wp-content\/uploads\/2024\/06\/about_art_verde_12-1024x574.jpg 1024w, https:\/\/apartmentartverde.com\/wp-content\/uploads\/2024\/06\/about_art_verde_12-300x168.jpg 300w, https:\/\/apartmentartverde.com\/wp-content\/uploads\/2024\/06\/about_art_verde_12-768x430.jpg 768w, https:\/\/apartmentartverde.com\/wp-content\/uploads\/2024\/06\/about_art_verde_12-1536x860.jpg 1536w, https:\/\/apartmentartverde.com\/wp-content\/uploads\/2024\/06\/about_art_verde_12-2048x1147.jpg 2048w\" sizes=\"auto, (max-width: 1024px) 100vw, 1024px\" \/><\/figure>\n\n\n\n<figure class=\"wp-block-image size-large\"><img loading=\"lazy\" decoding=\"async\" width=\"1024\" height=\"574\" data-id=\"332\" src=\"https:\/\/apartmentartverde.com\/wp-content\/uploads\/2024\/06\/about_art_verde_6-1024x574.jpg\" alt=\"\" class=\"wp-image-332\" srcset=\"https:\/\/apartmentartverde.com\/wp-content\/uploads\/2024\/06\/about_art_verde_6-1024x574.jpg 1024w, https:\/\/apartmentartverde.com\/wp-content\/uploads\/2024\/06\/about_art_verde_6-300x168.jpg 300w, https:\/\/apartmentartverde.com\/wp-content\/uploads\/2024\/06\/about_art_verde_6-768x430.jpg 768w, https:\/\/apartmentartverde.com\/wp-content\/uploads\/2024\/06\/about_art_verde_6-1536x860.jpg 1536w, https:\/\/apartmentartverde.com\/wp-content\/uploads\/2024\/06\/about_art_verde_6-2048x1147.jpg 2048w\" sizes=\"auto, (max-width: 1024px) 100vw, 1024px\" \/><\/figure>\n\n\n\n<figure class=\"wp-block-image size-large\"><img loading=\"lazy\" decoding=\"async\" width=\"1024\" height=\"574\" data-id=\"324\" src=\"https:\/\/apartmentartverde.com\/wp-content\/uploads\/2024\/06\/about_art_verde_14-1024x574.jpg\" alt=\"\" class=\"wp-image-324\" srcset=\"https:\/\/apartmentartverde.com\/wp-content\/uploads\/2024\/06\/about_art_verde_14-1024x574.jpg 1024w, https:\/\/apartmentartverde.com\/wp-content\/uploads\/2024\/06\/about_art_verde_14-300x168.jpg 300w, https:\/\/apartmentartverde.com\/wp-content\/uploads\/2024\/06\/about_art_verde_14-768x430.jpg 768w, https:\/\/apartmentartverde.com\/wp-content\/uploads\/2024\/06\/about_art_verde_14-1536x860.jpg 1536w, https:\/\/apartmentartverde.com\/wp-content\/uploads\/2024\/06\/about_art_verde_14-2048x1147.jpg 2048w\" sizes=\"auto, (max-width: 1024px) 100vw, 1024px\" \/><\/figure>\n\n\n\n<figure class=\"wp-block-image size-large\"><img loading=\"lazy\" decoding=\"async\" width=\"1024\" height=\"574\" data-id=\"325\" src=\"https:\/\/apartmentartverde.com\/wp-content\/uploads\/2024\/06\/about_art_verde_15-1024x574.jpg\" alt=\"\" class=\"wp-image-325\" srcset=\"https:\/\/apartmentartverde.com\/wp-content\/uploads\/2024\/06\/about_art_verde_15-1024x574.jpg 1024w, https:\/\/apartmentartverde.com\/wp-content\/uploads\/2024\/06\/about_art_verde_15-300x168.jpg 300w, https:\/\/apartmentartverde.com\/wp-content\/uploads\/2024\/06\/about_art_verde_15-768x430.jpg 768w, https:\/\/apartmentartverde.com\/wp-content\/uploads\/2024\/06\/about_art_verde_15-1536x860.jpg 1536w, https:\/\/apartmentartverde.com\/wp-content\/uploads\/2024\/06\/about_art_verde_15-2048x1147.jpg 2048w\" sizes=\"auto, (max-width: 1024px) 100vw, 1024px\" \/><\/figure>\n\n\n\n<figure class=\"wp-block-image size-large\"><img loading=\"lazy\" decoding=\"async\" width=\"1024\" height=\"574\" data-id=\"326\" src=\"https:\/\/apartmentartverde.com\/wp-content\/uploads\/2024\/06\/about_art_verde_16-1024x574.jpg\" alt=\"\" class=\"wp-image-326\" srcset=\"https:\/\/apartmentartverde.com\/wp-content\/uploads\/2024\/06\/about_art_verde_16-1024x574.jpg 1024w, https:\/\/apartmentartverde.com\/wp-content\/uploads\/2024\/06\/about_art_verde_16-300x168.jpg 300w, https:\/\/apartmentartverde.com\/wp-content\/uploads\/2024\/06\/about_art_verde_16-768x430.jpg 768w, https:\/\/apartmentartverde.com\/wp-content\/uploads\/2024\/06\/about_art_verde_16-1536x860.jpg 1536w, https:\/\/apartmentartverde.com\/wp-content\/uploads\/2024\/06\/about_art_verde_16-2048x1147.jpg 2048w\" sizes=\"auto, (max-width: 1024px) 100vw, 1024px\" \/><\/figure>\n\n\n\n<figure class=\"wp-block-image size-large\"><img loading=\"lazy\" decoding=\"async\" width=\"1024\" height=\"576\" data-id=\"562\" src=\"https:\/\/apartmentartverde.com\/wp-content\/uploads\/2024\/06\/ALS_VillageVerde-14-6-1024x576.jpg\" alt=\"\" class=\"wp-image-562\" srcset=\"https:\/\/apartmentartverde.com\/wp-content\/uploads\/2024\/06\/ALS_VillageVerde-14-6-1024x576.jpg 1024w, https:\/\/apartmentartverde.com\/wp-content\/uploads\/2024\/06\/ALS_VillageVerde-14-6-300x169.jpg 300w, https:\/\/apartmentartverde.com\/wp-content\/uploads\/2024\/06\/ALS_VillageVerde-14-6-768x432.jpg 768w, https:\/\/apartmentartverde.com\/wp-content\/uploads\/2024\/06\/ALS_VillageVerde-14-6-1536x864.jpg 1536w, https:\/\/apartmentartverde.com\/wp-content\/uploads\/2024\/06\/ALS_VillageVerde-14-6-2048x1152.jpg 2048w\" sizes=\"auto, (max-width: 1024px) 100vw, 1024px\" \/><\/figure>\n\n\n\n<figure class=\"wp-block-image size-large\"><img loading=\"lazy\" decoding=\"async\" width=\"1024\" height=\"576\" data-id=\"564\" src=\"https:\/\/apartmentartverde.com\/wp-content\/uploads\/2024\/06\/Apartment.3JPG-1-1024x576.jpg\" alt=\"\" class=\"wp-image-564\" srcset=\"https:\/\/apartmentartverde.com\/wp-content\/uploads\/2024\/06\/Apartment.3JPG-1-1024x576.jpg 1024w, https:\/\/apartmentartverde.com\/wp-content\/uploads\/2024\/06\/Apartment.3JPG-1-300x169.jpg 300w, https:\/\/apartmentartverde.com\/wp-content\/uploads\/2024\/06\/Apartment.3JPG-1-768x432.jpg 768w, https:\/\/apartmentartverde.com\/wp-content\/uploads\/2024\/06\/Apartment.3JPG-1-1536x864.jpg 1536w, https:\/\/apartmentartverde.com\/wp-content\/uploads\/2024\/06\/Apartment.3JPG-1-2048x1152.jpg 2048w\" sizes=\"auto, (max-width: 1024px) 100vw, 1024px\" \/><\/figure>\n<\/figure>\n\n\n\n<p>Bienvenue dans notre luxueux Apartment Art Verde situ\u00e9 dans le complexe r\u00e9sidentiel exclusif Village Verde un parc paisible au c\u0153ur de La Reserva Sotogrande, en Andalousie. Le nouvel Apartment Art Verde offre une vue magnifique sur le parc avec vue lat\u00e9rale sur la mer, dispose d&#8217;un tr\u00e8s bel espace de vie avec cuisine ouverte et est meubl\u00e9 avec style pour profiter de vos vacances sur la Costa del Sol. L&#8217;am\u00e9nagement moderne et simple s&#8217;int\u00e8gre parfaitement dans la magnifique terrasse couverte et le balcon, parfaits pour manger en plein air et se d\u00e9tendre. En outre, il y a 2 belles chambres \u00e0 coucher avec salle de bain priv\u00e9e et am\u00e9nagement de haute qualit\u00e9 pour les couples ou les familles jusqu&#8217;\u00e0 4 personnes.<\/p>\n\n\n\n<p>La r\u00e9sidence offre un service de s\u00e9curit\u00e9 et de conciergerie 24h\/24. L&#8217;ascenseur du parking souterrain vous conduit directement devant votre porte au 1er \u00e9tage de l&#8217;appartement.<\/p>\n\n\n\n<p>R\u00e9servez d\u00e8s maintenant votre s\u00e9jour et vivez des vacances inoubliables ! Veuillez noter : les prix par semaine sont soumis \u00e0 des variations saisonni\u00e8res. La dur\u00e9e minimale de s\u00e9jour est de 5 jours en hiver et de 7 jours au printemps, en \u00e9t\u00e9 et en automne.<\/p>\n\n\n\n<p>Les installations spectaculaires comprennent:<\/p>\n\n\n\n<p>Climatisation a\u00e9rothermique chaud &amp; froid<br>Chauffage au sol dans tout l&#8217;appartement<br>Luxueuse cuisine ouverte Bulthaup enti\u00e8rement \u00e9quip\u00e9e<br>Internet et sans fil<br>Meubles enti\u00e8rement modernes<br>Toilettes pour invit\u00e9s<br>Deux places de garage priv\u00e9es<\/p>\n","protected":false},"excerpt":{"rendered":"<p>Bienvenue dans notre luxueux Apartment Art Verde situ\u00e9 dans le complexe r\u00e9sidentiel exclusif Village Verde un parc paisible au c\u0153ur de La Reserva Sotogrande, en Andalousie. Le nouvel Apartment Art Verde offre une vue magnifique sur le parc avec vue lat\u00e9rale sur la mer, dispose d&#8217;un tr\u00e8s bel espace de vie avec cuisine ouverte et [&hellip;]<\/p>\n","protected":false},"author":1,"featured_media":0,"parent":0,"menu_order":0,"comment_status":"closed","ping_status":"closed","template":"","meta":{"footnotes":""},"class_list":["post-76","page","type-page","status-publish","hentry"],"yoast_head":"<!-- This site is optimized with the Yoast SEO plugin v24.4 - https:\/\/yoast.com\/wordpress\/plugins\/seo\/ -->\n<title>\u00c0 propos Apartment Art Verde - Apartment Art Verde<\/title>\n<meta name=\"robots\" content=\"index, follow, max-snippet:-1, max-image-preview:large, max-video-preview:-1\" \/>\n<link rel=\"canonical\" href=\"https:\/\/apartmentartverde.com\/index.php\/fr\/about-art-verde-apartment-3\/\" \/>\n<meta property=\"og:locale\" content=\"en_US\" \/>\n<meta property=\"og:type\" content=\"article\" \/>\n<meta property=\"og:title\" content=\"\u00c0 propos Apartment Art Verde - Apartment Art Verde\" \/>\n<meta property=\"og:description\" content=\"Bienvenue dans notre luxueux Apartment Art Verde situ\u00e9 dans le complexe r\u00e9sidentiel exclusif Village Verde un parc paisible au c\u0153ur de La Reserva Sotogrande, en Andalousie. Le nouvel Apartment Art Verde offre une vue magnifique sur le parc avec vue lat\u00e9rale sur la mer, dispose d&#8217;un tr\u00e8s bel espace de vie avec cuisine ouverte et [&hellip;]\" \/>\n<meta property=\"og:url\" content=\"https:\/\/apartmentartverde.com\/index.php\/fr\/about-art-verde-apartment-3\/\" \/>\n<meta property=\"og:site_name\" content=\"Apartment Art Verde\" \/>\n<meta property=\"article:modified_time\" content=\"2024-07-02T20:39:33+00:00\" \/>\n<meta property=\"og:image\" content=\"https:\/\/apartmentartverde.com\/wp-content\/uploads\/2024\/07\/ALS_Village_Verde-Outside-15-1024x683.jpg\" \/>\n<meta name=\"twitter:card\" content=\"summary_large_image\" \/>\n<meta name=\"twitter:label1\" content=\"Est. reading time\" \/>\n\t<meta name=\"twitter:data1\" content=\"4 minutes\" \/>\n<script type=\"application\/ld+json\" class=\"yoast-schema-graph\">{\"@context\":\"https:\/\/schema.org\",\"@graph\":[{\"@type\":\"WebPage\",\"@id\":\"https:\/\/apartmentartverde.com\/index.php\/fr\/about-art-verde-apartment-3\/\",\"url\":\"https:\/\/apartmentartverde.com\/index.php\/fr\/about-art-verde-apartment-3\/\",\"name\":\"\u00c0 propos Apartment Art Verde - Apartment Art Verde\",\"isPartOf\":{\"@id\":\"https:\/\/apartmentartverde.com\/#website\"},\"primaryImageOfPage\":{\"@id\":\"https:\/\/apartmentartverde.com\/index.php\/fr\/about-art-verde-apartment-3\/#primaryimage\"},\"image\":{\"@id\":\"https:\/\/apartmentartverde.com\/index.php\/fr\/about-art-verde-apartment-3\/#primaryimage\"},\"thumbnailUrl\":\"https:\/\/apartmentartverde.com\/wp-content\/uploads\/2024\/07\/ALS_Village_Verde-Outside-15-1024x683.jpg\",\"datePublished\":\"2024-06-08T13:39:04+00:00\",\"dateModified\":\"2024-07-02T20:39:33+00:00\",\"breadcrumb\":{\"@id\":\"https:\/\/apartmentartverde.com\/index.php\/fr\/about-art-verde-apartment-3\/#breadcrumb\"},\"inLanguage\":\"en-US\",\"potentialAction\":[{\"@type\":\"ReadAction\",\"target\":[\"https:\/\/apartmentartverde.com\/index.php\/fr\/about-art-verde-apartment-3\/\"]}]},{\"@type\":\"ImageObject\",\"inLanguage\":\"en-US\",\"@id\":\"https:\/\/apartmentartverde.com\/index.php\/fr\/about-art-verde-apartment-3\/#primaryimage\",\"url\":\"https:\/\/apartmentartverde.com\/wp-content\/uploads\/2024\/07\/ALS_Village_Verde-Outside-15-scaled.jpg\",\"contentUrl\":\"https:\/\/apartmentartverde.com\/wp-content\/uploads\/2024\/07\/ALS_Village_Verde-Outside-15-scaled.jpg\",\"width\":2560,\"height\":1707},{\"@type\":\"BreadcrumbList\",\"@id\":\"https:\/\/apartmentartverde.com\/index.php\/fr\/about-art-verde-apartment-3\/#breadcrumb\",\"itemListElement\":[{\"@type\":\"ListItem\",\"position\":1,\"name\":\"Home\",\"item\":\"https:\/\/apartmentartverde.com\/\"},{\"@type\":\"ListItem\",\"position\":2,\"name\":\"\u00c0 propos Apartment Art Verde\"}]},{\"@type\":\"WebSite\",\"@id\":\"https:\/\/apartmentartverde.com\/#website\",\"url\":\"https:\/\/apartmentartverde.com\/\",\"name\":\"Art Verde Apartment\",\"description\":\"\",\"publisher\":{\"@id\":\"https:\/\/apartmentartverde.com\/#organization\"},\"inLanguage\":\"en-US\"},{\"@type\":\"Organization\",\"@id\":\"https:\/\/apartmentartverde.com\/#organization\",\"name\":\"Art Verde Apartment\",\"url\":\"https:\/\/apartmentartverde.com\/\",\"logo\":{\"@type\":\"ImageObject\",\"inLanguage\":\"en-US\",\"@id\":\"https:\/\/apartmentartverde.com\/#\/schema\/logo\/image\/\",\"url\":\"https:\/\/apartmentartverde.com\/wp-content\/uploads\/2024\/02\/logo.png\",\"contentUrl\":\"https:\/\/apartmentartverde.com\/wp-content\/uploads\/2024\/02\/logo.png\",\"width\":1490,\"height\":1320,\"caption\":\"Art Verde Apartment\"},\"image\":{\"@id\":\"https:\/\/apartmentartverde.com\/#\/schema\/logo\/image\/\"}}]}<\/script>\n<!-- \/ Yoast SEO plugin. -->","yoast_head_json":{"title":"\u00c0 propos Apartment Art Verde - Apartment Art Verde","robots":{"index":"index","follow":"follow","max-snippet":"max-snippet:-1","max-image-preview":"max-image-preview:large","max-video-preview":"max-video-preview:-1"},"canonical":"https:\/\/apartmentartverde.com\/index.php\/fr\/about-art-verde-apartment-3\/","og_locale":"en_US","og_type":"article","og_title":"\u00c0 propos Apartment Art Verde - Apartment Art Verde","og_description":"Bienvenue dans notre luxueux Apartment Art Verde situ\u00e9 dans le complexe r\u00e9sidentiel exclusif Village Verde un parc paisible au c\u0153ur de La Reserva Sotogrande, en Andalousie. Le nouvel Apartment Art Verde offre une vue magnifique sur le parc avec vue lat\u00e9rale sur la mer, dispose d&#8217;un tr\u00e8s bel espace de vie avec cuisine ouverte et [&hellip;]","og_url":"https:\/\/apartmentartverde.com\/index.php\/fr\/about-art-verde-apartment-3\/","og_site_name":"Apartment Art Verde","article_modified_time":"2024-07-02T20:39:33+00:00","og_image":[{"url":"https:\/\/apartmentartverde.com\/wp-content\/uploads\/2024\/07\/ALS_Village_Verde-Outside-15-1024x683.jpg","type":"","width":"","height":""}],"twitter_card":"summary_large_image","twitter_misc":{"Est. reading time":"4 minutes"},"schema":{"@context":"https:\/\/schema.org","@graph":[{"@type":"WebPage","@id":"https:\/\/apartmentartverde.com\/index.php\/fr\/about-art-verde-apartment-3\/","url":"https:\/\/apartmentartverde.com\/index.php\/fr\/about-art-verde-apartment-3\/","name":"\u00c0 propos Apartment Art Verde - Apartment Art Verde","isPartOf":{"@id":"https:\/\/apartmentartverde.com\/#website"},"primaryImageOfPage":{"@id":"https:\/\/apartmentartverde.com\/index.php\/fr\/about-art-verde-apartment-3\/#primaryimage"},"image":{"@id":"https:\/\/apartmentartverde.com\/index.php\/fr\/about-art-verde-apartment-3\/#primaryimage"},"thumbnailUrl":"https:\/\/apartmentartverde.com\/wp-content\/uploads\/2024\/07\/ALS_Village_Verde-Outside-15-1024x683.jpg","datePublished":"2024-06-08T13:39:04+00:00","dateModified":"2024-07-02T20:39:33+00:00","breadcrumb":{"@id":"https:\/\/apartmentartverde.com\/index.php\/fr\/about-art-verde-apartment-3\/#breadcrumb"},"inLanguage":"en-US","potentialAction":[{"@type":"ReadAction","target":["https:\/\/apartmentartverde.com\/index.php\/fr\/about-art-verde-apartment-3\/"]}]},{"@type":"ImageObject","inLanguage":"en-US","@id":"https:\/\/apartmentartverde.com\/index.php\/fr\/about-art-verde-apartment-3\/#primaryimage","url":"https:\/\/apartmentartverde.com\/wp-content\/uploads\/2024\/07\/ALS_Village_Verde-Outside-15-scaled.jpg","contentUrl":"https:\/\/apartmentartverde.com\/wp-content\/uploads\/2024\/07\/ALS_Village_Verde-Outside-15-scaled.jpg","width":2560,"height":1707},{"@type":"BreadcrumbList","@id":"https:\/\/apartmentartverde.com\/index.php\/fr\/about-art-verde-apartment-3\/#breadcrumb","itemListElement":[{"@type":"ListItem","position":1,"name":"Home","item":"https:\/\/apartmentartverde.com\/"},{"@type":"ListItem","position":2,"name":"\u00c0 propos Apartment Art Verde"}]},{"@type":"WebSite","@id":"https:\/\/apartmentartverde.com\/#website","url":"https:\/\/apartmentartverde.com\/","name":"Art Verde Apartment","description":"","publisher":{"@id":"https:\/\/apartmentartverde.com\/#organization"},"inLanguage":"en-US"},{"@type":"Organization","@id":"https:\/\/apartmentartverde.com\/#organization","name":"Art Verde Apartment","url":"https:\/\/apartmentartverde.com\/","logo":{"@type":"ImageObject","inLanguage":"en-US","@id":"https:\/\/apartmentartverde.com\/#\/schema\/logo\/image\/","url":"https:\/\/apartmentartverde.com\/wp-content\/uploads\/2024\/02\/logo.png","contentUrl":"https:\/\/apartmentartverde.com\/wp-content\/uploads\/2024\/02\/logo.png","width":1490,"height":1320,"caption":"Art Verde Apartment"},"image":{"@id":"https:\/\/apartmentartverde.com\/#\/schema\/logo\/image\/"}}]}},"_links":{"self":[{"href":"https:\/\/apartmentartverde.com\/index.php\/wp-json\/wp\/v2\/pages\/76","targetHints":{"allow":["GET"]}}],"collection":[{"href":"https:\/\/apartmentartverde.com\/index.php\/wp-json\/wp\/v2\/pages"}],"about":[{"href":"https:\/\/apartmentartverde.com\/index.php\/wp-json\/wp\/v2\/types\/page"}],"author":[{"embeddable":true,"href":"https:\/\/apartmentartverde.com\/index.php\/wp-json\/wp\/v2\/users\/1"}],"replies":[{"embeddable":true,"href":"https:\/\/apartmentartverde.com\/index.php\/wp-json\/wp\/v2\/comments?post=76"}],"version-history":[{"count":20,"href":"https:\/\/apartmentartverde.com\/index.php\/wp-json\/wp\/v2\/pages\/76\/revisions"}],"predecessor-version":[{"id":573,"href":"https:\/\/apartmentartverde.com\/index.php\/wp-json\/wp\/v2\/pages\/76\/revisions\/573"}],"wp:attachment":[{"href":"https:\/\/apartmentartverde.com\/index.php\/wp-json\/wp\/v2\/media?parent=76"}],"curies":[{"name":"wp","href":"https:\/\/api.w.org\/{rel}","templated":true}]}}