
{"id":74,"date":"2024-06-08T13:36:48","date_gmt":"2024-06-08T13:36:48","guid":{"rendered":"https:\/\/apartmentartverde.com\/?page_id=74"},"modified":"2024-06-28T16:54:48","modified_gmt":"2024-06-28T16:54:48","slug":"about-art-verde-apartment-2","status":"publish","type":"page","link":"https:\/\/apartmentartverde.com\/index.php\/de\/about-art-verde-apartment-2\/","title":{"rendered":"\u00dcber Apartment Art Verde"},"content":{"rendered":"\n<figure class=\"wp-block-gallery has-nested-images columns-1 wp-block-gallery-1 is-layout-flex wp-block-gallery-is-layout-flex\">\n<figure class=\"wp-block-image size-full\"><img loading=\"lazy\" decoding=\"async\" width=\"1024\" height=\"683\" data-id=\"468\" src=\"https:\/\/apartmentartverde.com\/wp-content\/uploads\/2024\/06\/ALS_Village_Verde-Outside-15-1024x683-3.jpg\" alt=\"\" class=\"wp-image-468\" srcset=\"https:\/\/apartmentartverde.com\/wp-content\/uploads\/2024\/06\/ALS_Village_Verde-Outside-15-1024x683-3.jpg 1024w, https:\/\/apartmentartverde.com\/wp-content\/uploads\/2024\/06\/ALS_Village_Verde-Outside-15-1024x683-3-300x200.jpg 300w, https:\/\/apartmentartverde.com\/wp-content\/uploads\/2024\/06\/ALS_Village_Verde-Outside-15-1024x683-3-768x512.jpg 768w\" sizes=\"auto, (max-width: 1024px) 100vw, 1024px\" \/><\/figure>\n\n\n\n<figure class=\"wp-block-image size-large\"><img loading=\"lazy\" decoding=\"async\" width=\"1024\" height=\"574\" data-id=\"334\" src=\"https:\/\/apartmentartverde.com\/wp-content\/uploads\/2024\/06\/about_art_verde_8-1024x574.jpg\" alt=\"\" class=\"wp-image-334\" srcset=\"https:\/\/apartmentartverde.com\/wp-content\/uploads\/2024\/06\/about_art_verde_8-1024x574.jpg 1024w, https:\/\/apartmentartverde.com\/wp-content\/uploads\/2024\/06\/about_art_verde_8-300x168.jpg 300w, https:\/\/apartmentartverde.com\/wp-content\/uploads\/2024\/06\/about_art_verde_8-768x430.jpg 768w, https:\/\/apartmentartverde.com\/wp-content\/uploads\/2024\/06\/about_art_verde_8-1536x860.jpg 1536w, https:\/\/apartmentartverde.com\/wp-content\/uploads\/2024\/06\/about_art_verde_8-2048x1147.jpg 2048w\" sizes=\"auto, (max-width: 1024px) 100vw, 1024px\" \/><\/figure>\n\n\n\n<figure class=\"wp-block-image size-large\"><img loading=\"lazy\" decoding=\"async\" width=\"1024\" height=\"574\" data-id=\"331\" src=\"https:\/\/apartmentartverde.com\/wp-content\/uploads\/2024\/06\/about_art_verde_5-1024x574.jpg\" alt=\"\" class=\"wp-image-331\" srcset=\"https:\/\/apartmentartverde.com\/wp-content\/uploads\/2024\/06\/about_art_verde_5-1024x574.jpg 1024w, https:\/\/apartmentartverde.com\/wp-content\/uploads\/2024\/06\/about_art_verde_5-300x168.jpg 300w, https:\/\/apartmentartverde.com\/wp-content\/uploads\/2024\/06\/about_art_verde_5-768x430.jpg 768w, https:\/\/apartmentartverde.com\/wp-content\/uploads\/2024\/06\/about_art_verde_5-1536x860.jpg 1536w, https:\/\/apartmentartverde.com\/wp-content\/uploads\/2024\/06\/about_art_verde_5-2048x1147.jpg 2048w\" sizes=\"auto, (max-width: 1024px) 100vw, 1024px\" \/><\/figure>\n\n\n\n<figure class=\"wp-block-image size-large\"><img loading=\"lazy\" decoding=\"async\" width=\"1024\" height=\"574\" data-id=\"333\" src=\"https:\/\/apartmentartverde.com\/wp-content\/uploads\/2024\/06\/about_art_verde_7-1024x574.jpg\" alt=\"\" class=\"wp-image-333\" srcset=\"https:\/\/apartmentartverde.com\/wp-content\/uploads\/2024\/06\/about_art_verde_7-1024x574.jpg 1024w, https:\/\/apartmentartverde.com\/wp-content\/uploads\/2024\/06\/about_art_verde_7-300x168.jpg 300w, https:\/\/apartmentartverde.com\/wp-content\/uploads\/2024\/06\/about_art_verde_7-768x430.jpg 768w, https:\/\/apartmentartverde.com\/wp-content\/uploads\/2024\/06\/about_art_verde_7-1536x860.jpg 1536w, https:\/\/apartmentartverde.com\/wp-content\/uploads\/2024\/06\/about_art_verde_7-2048x1147.jpg 2048w\" sizes=\"auto, (max-width: 1024px) 100vw, 1024px\" \/><\/figure>\n\n\n\n<figure class=\"wp-block-image size-large\"><img loading=\"lazy\" decoding=\"async\" width=\"1024\" height=\"574\" data-id=\"335\" src=\"https:\/\/apartmentartverde.com\/wp-content\/uploads\/2024\/06\/about_art_verde_9-1024x574.jpg\" alt=\"\" class=\"wp-image-335\" srcset=\"https:\/\/apartmentartverde.com\/wp-content\/uploads\/2024\/06\/about_art_verde_9-1024x574.jpg 1024w, https:\/\/apartmentartverde.com\/wp-content\/uploads\/2024\/06\/about_art_verde_9-300x168.jpg 300w, https:\/\/apartmentartverde.com\/wp-content\/uploads\/2024\/06\/about_art_verde_9-768x430.jpg 768w, https:\/\/apartmentartverde.com\/wp-content\/uploads\/2024\/06\/about_art_verde_9-1536x860.jpg 1536w, https:\/\/apartmentartverde.com\/wp-content\/uploads\/2024\/06\/about_art_verde_9-2048x1147.jpg 2048w\" sizes=\"auto, (max-width: 1024px) 100vw, 1024px\" \/><\/figure>\n\n\n\n<figure class=\"wp-block-image size-large\"><img loading=\"lazy\" decoding=\"async\" width=\"1024\" height=\"574\" data-id=\"322\" src=\"https:\/\/apartmentartverde.com\/wp-content\/uploads\/2024\/06\/about_art_verde_12-1024x574.jpg\" alt=\"\" class=\"wp-image-322\" srcset=\"https:\/\/apartmentartverde.com\/wp-content\/uploads\/2024\/06\/about_art_verde_12-1024x574.jpg 1024w, https:\/\/apartmentartverde.com\/wp-content\/uploads\/2024\/06\/about_art_verde_12-300x168.jpg 300w, https:\/\/apartmentartverde.com\/wp-content\/uploads\/2024\/06\/about_art_verde_12-768x430.jpg 768w, https:\/\/apartmentartverde.com\/wp-content\/uploads\/2024\/06\/about_art_verde_12-1536x860.jpg 1536w, https:\/\/apartmentartverde.com\/wp-content\/uploads\/2024\/06\/about_art_verde_12-2048x1147.jpg 2048w\" sizes=\"auto, (max-width: 1024px) 100vw, 1024px\" \/><\/figure>\n\n\n\n<figure class=\"wp-block-image size-large\"><img loading=\"lazy\" decoding=\"async\" width=\"1024\" height=\"574\" data-id=\"332\" src=\"https:\/\/apartmentartverde.com\/wp-content\/uploads\/2024\/06\/about_art_verde_6-1024x574.jpg\" alt=\"\" class=\"wp-image-332\" srcset=\"https:\/\/apartmentartverde.com\/wp-content\/uploads\/2024\/06\/about_art_verde_6-1024x574.jpg 1024w, https:\/\/apartmentartverde.com\/wp-content\/uploads\/2024\/06\/about_art_verde_6-300x168.jpg 300w, https:\/\/apartmentartverde.com\/wp-content\/uploads\/2024\/06\/about_art_verde_6-768x430.jpg 768w, https:\/\/apartmentartverde.com\/wp-content\/uploads\/2024\/06\/about_art_verde_6-1536x860.jpg 1536w, https:\/\/apartmentartverde.com\/wp-content\/uploads\/2024\/06\/about_art_verde_6-2048x1147.jpg 2048w\" sizes=\"auto, (max-width: 1024px) 100vw, 1024px\" \/><\/figure>\n\n\n\n<figure class=\"wp-block-image size-large\"><img loading=\"lazy\" decoding=\"async\" width=\"1024\" height=\"574\" data-id=\"324\" src=\"https:\/\/apartmentartverde.com\/wp-content\/uploads\/2024\/06\/about_art_verde_14-1024x574.jpg\" alt=\"\" class=\"wp-image-324\" srcset=\"https:\/\/apartmentartverde.com\/wp-content\/uploads\/2024\/06\/about_art_verde_14-1024x574.jpg 1024w, https:\/\/apartmentartverde.com\/wp-content\/uploads\/2024\/06\/about_art_verde_14-300x168.jpg 300w, https:\/\/apartmentartverde.com\/wp-content\/uploads\/2024\/06\/about_art_verde_14-768x430.jpg 768w, https:\/\/apartmentartverde.com\/wp-content\/uploads\/2024\/06\/about_art_verde_14-1536x860.jpg 1536w, https:\/\/apartmentartverde.com\/wp-content\/uploads\/2024\/06\/about_art_verde_14-2048x1147.jpg 2048w\" sizes=\"auto, (max-width: 1024px) 100vw, 1024px\" \/><\/figure>\n\n\n\n<figure class=\"wp-block-image size-large\"><img loading=\"lazy\" decoding=\"async\" width=\"1024\" height=\"574\" data-id=\"325\" src=\"https:\/\/apartmentartverde.com\/wp-content\/uploads\/2024\/06\/about_art_verde_15-1024x574.jpg\" alt=\"\" class=\"wp-image-325\" srcset=\"https:\/\/apartmentartverde.com\/wp-content\/uploads\/2024\/06\/about_art_verde_15-1024x574.jpg 1024w, https:\/\/apartmentartverde.com\/wp-content\/uploads\/2024\/06\/about_art_verde_15-300x168.jpg 300w, https:\/\/apartmentartverde.com\/wp-content\/uploads\/2024\/06\/about_art_verde_15-768x430.jpg 768w, https:\/\/apartmentartverde.com\/wp-content\/uploads\/2024\/06\/about_art_verde_15-1536x860.jpg 1536w, https:\/\/apartmentartverde.com\/wp-content\/uploads\/2024\/06\/about_art_verde_15-2048x1147.jpg 2048w\" sizes=\"auto, (max-width: 1024px) 100vw, 1024px\" \/><\/figure>\n\n\n\n<figure class=\"wp-block-image size-large\"><img loading=\"lazy\" decoding=\"async\" width=\"1024\" height=\"574\" data-id=\"326\" src=\"https:\/\/apartmentartverde.com\/wp-content\/uploads\/2024\/06\/about_art_verde_16-1024x574.jpg\" alt=\"\" class=\"wp-image-326\" srcset=\"https:\/\/apartmentartverde.com\/wp-content\/uploads\/2024\/06\/about_art_verde_16-1024x574.jpg 1024w, https:\/\/apartmentartverde.com\/wp-content\/uploads\/2024\/06\/about_art_verde_16-300x168.jpg 300w, https:\/\/apartmentartverde.com\/wp-content\/uploads\/2024\/06\/about_art_verde_16-768x430.jpg 768w, https:\/\/apartmentartverde.com\/wp-content\/uploads\/2024\/06\/about_art_verde_16-1536x860.jpg 1536w, https:\/\/apartmentartverde.com\/wp-content\/uploads\/2024\/06\/about_art_verde_16-2048x1147.jpg 2048w\" sizes=\"auto, (max-width: 1024px) 100vw, 1024px\" \/><\/figure>\n\n\n\n<figure class=\"wp-block-image size-large\"><img loading=\"lazy\" decoding=\"async\" width=\"1024\" height=\"574\" data-id=\"321\" src=\"https:\/\/apartmentartverde.com\/wp-content\/uploads\/2024\/06\/about_art_verde_11-1024x574.jpg\" alt=\"\" class=\"wp-image-321\" srcset=\"https:\/\/apartmentartverde.com\/wp-content\/uploads\/2024\/06\/about_art_verde_11-1024x574.jpg 1024w, https:\/\/apartmentartverde.com\/wp-content\/uploads\/2024\/06\/about_art_verde_11-300x168.jpg 300w, https:\/\/apartmentartverde.com\/wp-content\/uploads\/2024\/06\/about_art_verde_11-768x430.jpg 768w, https:\/\/apartmentartverde.com\/wp-content\/uploads\/2024\/06\/about_art_verde_11-1536x860.jpg 1536w, https:\/\/apartmentartverde.com\/wp-content\/uploads\/2024\/06\/about_art_verde_11-2048x1147.jpg 2048w\" sizes=\"auto, (max-width: 1024px) 100vw, 1024px\" \/><\/figure>\n\n\n\n<figure class=\"wp-block-image size-large\"><img loading=\"lazy\" decoding=\"async\" width=\"1024\" height=\"576\" data-id=\"570\" src=\"https:\/\/apartmentartverde.com\/wp-content\/uploads\/2024\/06\/Apartment.3JPG-4-1024x576.jpg\" alt=\"\" class=\"wp-image-570\" srcset=\"https:\/\/apartmentartverde.com\/wp-content\/uploads\/2024\/06\/Apartment.3JPG-4-1024x576.jpg 1024w, https:\/\/apartmentartverde.com\/wp-content\/uploads\/2024\/06\/Apartment.3JPG-4-300x169.jpg 300w, https:\/\/apartmentartverde.com\/wp-content\/uploads\/2024\/06\/Apartment.3JPG-4-768x432.jpg 768w, https:\/\/apartmentartverde.com\/wp-content\/uploads\/2024\/06\/Apartment.3JPG-4-1536x864.jpg 1536w, https:\/\/apartmentartverde.com\/wp-content\/uploads\/2024\/06\/Apartment.3JPG-4-2048x1152.jpg 2048w\" sizes=\"auto, (max-width: 1024px) 100vw, 1024px\" \/><\/figure>\n<\/figure>\n\n\n\n<p>Willkommen in unserem luxuri\u00f6sen Apartment Art Verde in der exklusiven Wohnanlage Village Verde der ruhigen Parklandschaft im Herzen von La Reserva Sotogrande, Andalusien. Das neue Apartment Art Verde bietet eine herrliche Aussicht auf die Parklandschaft mit seitlichem Meerblick, verf\u00fcgt \u00fcber einen sehr sch\u00f6nen Wohnbereich mit offener K\u00fcche und ist stilvoll m\u00f6bliert um Ihren Urlaub an der Costa del Sol zu genie\u00dfen. Die moderne, schlichte Einrichtung geht nahtlos in die wunderbare, \u00fcberdachte Terrasse und den Balkon \u00fcber, die sich perfekt zum Essen im Freien und zum Entspannen eignen. Au\u00dferdem gibt es 2 sch\u00f6ne Schlafzimmer mit eigenem Bad und hochwertiger Einrichtung f\u00fcr Paare oder Familien bis 4 Personen.<\/p>\n\n\n\n<p>Die Residenz bietet Ihnen einen 24-Stunden Sicherheit und Concierge Service. Der Lift von der Tiefgarage f\u00fchrt Sie direkt vor Ihre Haust\u00fcre auf die 1. Etage der Wohnung.<\/p>\n\n\n\n<p>Buchen Sie jetzt Ihren Aufenthalt und erleben Sie einen unvergesslichen Urlaub! Bitte beachten Sie: Die Preise pro Woche sind saisonalen Schwankungen unterworfen. Die Mindestaufenthaltsdauer betr\u00e4gt 5 Tage im Winter und 7 Tage im Fr\u00fchling, Sommer und Herbst.<\/p>\n\n\n\n<p>Spektakul\u00e4re Einrichtung umfasst:<\/p>\n\n\n\n<p>Aerotherm-Klimaanlage warm &amp; kalt<br>Fu\u00dfbodenheizung in der gesamten Wohnung<br>Luxuri\u00f6se voll ausgestattete offene K\u00fcche Bulthaup<br>Internet und Wireless<br>Vollkommen modern eingerichtet<br>G\u00e4stetoilette<br>Zwei private Garagenpl\u00e4tze<\/p>\n","protected":false},"excerpt":{"rendered":"<p>Willkommen in unserem luxuri\u00f6sen Apartment Art Verde in der exklusiven Wohnanlage Village Verde der ruhigen Parklandschaft im Herzen von La Reserva Sotogrande, Andalusien. Das neue Apartment Art Verde bietet eine herrliche Aussicht auf die Parklandschaft mit seitlichem Meerblick, verf\u00fcgt \u00fcber einen sehr sch\u00f6nen Wohnbereich mit offener K\u00fcche und ist stilvoll m\u00f6bliert um Ihren Urlaub an [&hellip;]<\/p>\n","protected":false},"author":1,"featured_media":0,"parent":0,"menu_order":0,"comment_status":"closed","ping_status":"closed","template":"","meta":{"footnotes":""},"class_list":["post-74","page","type-page","status-publish","hentry"],"yoast_head":"<!-- This site is optimized with the Yoast SEO plugin v24.4 - https:\/\/yoast.com\/wordpress\/plugins\/seo\/ -->\n<title>\u00dcber Apartment Art Verde - Apartment Art Verde<\/title>\n<meta name=\"robots\" content=\"index, follow, max-snippet:-1, max-image-preview:large, max-video-preview:-1\" \/>\n<link rel=\"canonical\" href=\"https:\/\/apartmentartverde.com\/index.php\/de\/about-art-verde-apartment-2\/\" \/>\n<meta property=\"og:locale\" content=\"en_US\" \/>\n<meta property=\"og:type\" content=\"article\" \/>\n<meta property=\"og:title\" content=\"\u00dcber Apartment Art Verde - Apartment Art Verde\" \/>\n<meta property=\"og:description\" content=\"Willkommen in unserem luxuri\u00f6sen Apartment Art Verde in der exklusiven Wohnanlage Village Verde der ruhigen Parklandschaft im Herzen von La Reserva Sotogrande, Andalusien. Das neue Apartment Art Verde bietet eine herrliche Aussicht auf die Parklandschaft mit seitlichem Meerblick, verf\u00fcgt \u00fcber einen sehr sch\u00f6nen Wohnbereich mit offener K\u00fcche und ist stilvoll m\u00f6bliert um Ihren Urlaub an [&hellip;]\" \/>\n<meta property=\"og:url\" content=\"https:\/\/apartmentartverde.com\/index.php\/de\/about-art-verde-apartment-2\/\" \/>\n<meta property=\"og:site_name\" content=\"Apartment Art Verde\" \/>\n<meta property=\"article:modified_time\" content=\"2024-06-28T16:54:48+00:00\" \/>\n<meta property=\"og:image\" content=\"https:\/\/apartmentartverde.com\/wp-content\/uploads\/2024\/06\/ALS_Village_Verde-Outside-15-1024x683-3.jpg\" \/>\n<meta name=\"twitter:card\" content=\"summary_large_image\" \/>\n<meta name=\"twitter:label1\" content=\"Est. reading time\" \/>\n\t<meta name=\"twitter:data1\" content=\"4 minutes\" \/>\n<script type=\"application\/ld+json\" class=\"yoast-schema-graph\">{\"@context\":\"https:\/\/schema.org\",\"@graph\":[{\"@type\":\"WebPage\",\"@id\":\"https:\/\/apartmentartverde.com\/index.php\/de\/about-art-verde-apartment-2\/\",\"url\":\"https:\/\/apartmentartverde.com\/index.php\/de\/about-art-verde-apartment-2\/\",\"name\":\"\u00dcber Apartment Art Verde - Apartment Art Verde\",\"isPartOf\":{\"@id\":\"https:\/\/apartmentartverde.com\/#website\"},\"primaryImageOfPage\":{\"@id\":\"https:\/\/apartmentartverde.com\/index.php\/de\/about-art-verde-apartment-2\/#primaryimage\"},\"image\":{\"@id\":\"https:\/\/apartmentartverde.com\/index.php\/de\/about-art-verde-apartment-2\/#primaryimage\"},\"thumbnailUrl\":\"https:\/\/apartmentartverde.com\/wp-content\/uploads\/2024\/06\/ALS_Village_Verde-Outside-15-1024x683-3.jpg\",\"datePublished\":\"2024-06-08T13:36:48+00:00\",\"dateModified\":\"2024-06-28T16:54:48+00:00\",\"breadcrumb\":{\"@id\":\"https:\/\/apartmentartverde.com\/index.php\/de\/about-art-verde-apartment-2\/#breadcrumb\"},\"inLanguage\":\"en-US\",\"potentialAction\":[{\"@type\":\"ReadAction\",\"target\":[\"https:\/\/apartmentartverde.com\/index.php\/de\/about-art-verde-apartment-2\/\"]}]},{\"@type\":\"ImageObject\",\"inLanguage\":\"en-US\",\"@id\":\"https:\/\/apartmentartverde.com\/index.php\/de\/about-art-verde-apartment-2\/#primaryimage\",\"url\":\"https:\/\/apartmentartverde.com\/wp-content\/uploads\/2024\/06\/ALS_Village_Verde-Outside-15-1024x683-3.jpg\",\"contentUrl\":\"https:\/\/apartmentartverde.com\/wp-content\/uploads\/2024\/06\/ALS_Village_Verde-Outside-15-1024x683-3.jpg\",\"width\":1024,\"height\":683},{\"@type\":\"BreadcrumbList\",\"@id\":\"https:\/\/apartmentartverde.com\/index.php\/de\/about-art-verde-apartment-2\/#breadcrumb\",\"itemListElement\":[{\"@type\":\"ListItem\",\"position\":1,\"name\":\"Home\",\"item\":\"https:\/\/apartmentartverde.com\/\"},{\"@type\":\"ListItem\",\"position\":2,\"name\":\"\u00dcber Apartment Art Verde\"}]},{\"@type\":\"WebSite\",\"@id\":\"https:\/\/apartmentartverde.com\/#website\",\"url\":\"https:\/\/apartmentartverde.com\/\",\"name\":\"Art Verde Apartment\",\"description\":\"\",\"publisher\":{\"@id\":\"https:\/\/apartmentartverde.com\/#organization\"},\"inLanguage\":\"en-US\"},{\"@type\":\"Organization\",\"@id\":\"https:\/\/apartmentartverde.com\/#organization\",\"name\":\"Art Verde Apartment\",\"url\":\"https:\/\/apartmentartverde.com\/\",\"logo\":{\"@type\":\"ImageObject\",\"inLanguage\":\"en-US\",\"@id\":\"https:\/\/apartmentartverde.com\/#\/schema\/logo\/image\/\",\"url\":\"https:\/\/apartmentartverde.com\/wp-content\/uploads\/2024\/02\/logo.png\",\"contentUrl\":\"https:\/\/apartmentartverde.com\/wp-content\/uploads\/2024\/02\/logo.png\",\"width\":1490,\"height\":1320,\"caption\":\"Art Verde Apartment\"},\"image\":{\"@id\":\"https:\/\/apartmentartverde.com\/#\/schema\/logo\/image\/\"}}]}<\/script>\n<!-- \/ Yoast SEO plugin. -->","yoast_head_json":{"title":"\u00dcber Apartment Art Verde - Apartment Art Verde","robots":{"index":"index","follow":"follow","max-snippet":"max-snippet:-1","max-image-preview":"max-image-preview:large","max-video-preview":"max-video-preview:-1"},"canonical":"https:\/\/apartmentartverde.com\/index.php\/de\/about-art-verde-apartment-2\/","og_locale":"en_US","og_type":"article","og_title":"\u00dcber Apartment Art Verde - Apartment Art Verde","og_description":"Willkommen in unserem luxuri\u00f6sen Apartment Art Verde in der exklusiven Wohnanlage Village Verde der ruhigen Parklandschaft im Herzen von La Reserva Sotogrande, Andalusien. Das neue Apartment Art Verde bietet eine herrliche Aussicht auf die Parklandschaft mit seitlichem Meerblick, verf\u00fcgt \u00fcber einen sehr sch\u00f6nen Wohnbereich mit offener K\u00fcche und ist stilvoll m\u00f6bliert um Ihren Urlaub an [&hellip;]","og_url":"https:\/\/apartmentartverde.com\/index.php\/de\/about-art-verde-apartment-2\/","og_site_name":"Apartment Art Verde","article_modified_time":"2024-06-28T16:54:48+00:00","og_image":[{"url":"https:\/\/apartmentartverde.com\/wp-content\/uploads\/2024\/06\/ALS_Village_Verde-Outside-15-1024x683-3.jpg","type":"","width":"","height":""}],"twitter_card":"summary_large_image","twitter_misc":{"Est. reading time":"4 minutes"},"schema":{"@context":"https:\/\/schema.org","@graph":[{"@type":"WebPage","@id":"https:\/\/apartmentartverde.com\/index.php\/de\/about-art-verde-apartment-2\/","url":"https:\/\/apartmentartverde.com\/index.php\/de\/about-art-verde-apartment-2\/","name":"\u00dcber Apartment Art Verde - Apartment Art Verde","isPartOf":{"@id":"https:\/\/apartmentartverde.com\/#website"},"primaryImageOfPage":{"@id":"https:\/\/apartmentartverde.com\/index.php\/de\/about-art-verde-apartment-2\/#primaryimage"},"image":{"@id":"https:\/\/apartmentartverde.com\/index.php\/de\/about-art-verde-apartment-2\/#primaryimage"},"thumbnailUrl":"https:\/\/apartmentartverde.com\/wp-content\/uploads\/2024\/06\/ALS_Village_Verde-Outside-15-1024x683-3.jpg","datePublished":"2024-06-08T13:36:48+00:00","dateModified":"2024-06-28T16:54:48+00:00","breadcrumb":{"@id":"https:\/\/apartmentartverde.com\/index.php\/de\/about-art-verde-apartment-2\/#breadcrumb"},"inLanguage":"en-US","potentialAction":[{"@type":"ReadAction","target":["https:\/\/apartmentartverde.com\/index.php\/de\/about-art-verde-apartment-2\/"]}]},{"@type":"ImageObject","inLanguage":"en-US","@id":"https:\/\/apartmentartverde.com\/index.php\/de\/about-art-verde-apartment-2\/#primaryimage","url":"https:\/\/apartmentartverde.com\/wp-content\/uploads\/2024\/06\/ALS_Village_Verde-Outside-15-1024x683-3.jpg","contentUrl":"https:\/\/apartmentartverde.com\/wp-content\/uploads\/2024\/06\/ALS_Village_Verde-Outside-15-1024x683-3.jpg","width":1024,"height":683},{"@type":"BreadcrumbList","@id":"https:\/\/apartmentartverde.com\/index.php\/de\/about-art-verde-apartment-2\/#breadcrumb","itemListElement":[{"@type":"ListItem","position":1,"name":"Home","item":"https:\/\/apartmentartverde.com\/"},{"@type":"ListItem","position":2,"name":"\u00dcber Apartment Art Verde"}]},{"@type":"WebSite","@id":"https:\/\/apartmentartverde.com\/#website","url":"https:\/\/apartmentartverde.com\/","name":"Art Verde Apartment","description":"","publisher":{"@id":"https:\/\/apartmentartverde.com\/#organization"},"inLanguage":"en-US"},{"@type":"Organization","@id":"https:\/\/apartmentartverde.com\/#organization","name":"Art Verde Apartment","url":"https:\/\/apartmentartverde.com\/","logo":{"@type":"ImageObject","inLanguage":"en-US","@id":"https:\/\/apartmentartverde.com\/#\/schema\/logo\/image\/","url":"https:\/\/apartmentartverde.com\/wp-content\/uploads\/2024\/02\/logo.png","contentUrl":"https:\/\/apartmentartverde.com\/wp-content\/uploads\/2024\/02\/logo.png","width":1490,"height":1320,"caption":"Art Verde Apartment"},"image":{"@id":"https:\/\/apartmentartverde.com\/#\/schema\/logo\/image\/"}}]}},"_links":{"self":[{"href":"https:\/\/apartmentartverde.com\/index.php\/wp-json\/wp\/v2\/pages\/74","targetHints":{"allow":["GET"]}}],"collection":[{"href":"https:\/\/apartmentartverde.com\/index.php\/wp-json\/wp\/v2\/pages"}],"about":[{"href":"https:\/\/apartmentartverde.com\/index.php\/wp-json\/wp\/v2\/types\/page"}],"author":[{"embeddable":true,"href":"https:\/\/apartmentartverde.com\/index.php\/wp-json\/wp\/v2\/users\/1"}],"replies":[{"embeddable":true,"href":"https:\/\/apartmentartverde.com\/index.php\/wp-json\/wp\/v2\/comments?post=74"}],"version-history":[{"count":16,"href":"https:\/\/apartmentartverde.com\/index.php\/wp-json\/wp\/v2\/pages\/74\/revisions"}],"predecessor-version":[{"id":571,"href":"https:\/\/apartmentartverde.com\/index.php\/wp-json\/wp\/v2\/pages\/74\/revisions\/571"}],"wp:attachment":[{"href":"https:\/\/apartmentartverde.com\/index.php\/wp-json\/wp\/v2\/media?parent=74"}],"curies":[{"name":"wp","href":"https:\/\/api.w.org\/{rel}","templated":true}]}}