
{"id":121,"date":"2024-06-08T15:37:11","date_gmt":"2024-06-08T15:37:11","guid":{"rendered":"https:\/\/apartmentartverde.com\/?page_id=121"},"modified":"2024-06-28T16:42:16","modified_gmt":"2024-06-28T16:42:16","slug":"sotogrande-3","status":"publish","type":"page","link":"https:\/\/apartmentartverde.com\/index.php\/fr\/sotogrande-3\/","title":{"rendered":"\u00c0 propos Sotogrande"},"content":{"rendered":"\n<figure class=\"wp-block-gallery has-nested-images columns-1 wp-block-gallery-1 is-layout-flex wp-block-gallery-is-layout-flex\">\n<figure class=\"wp-block-image size-large\"><img loading=\"lazy\" decoding=\"async\" width=\"1024\" height=\"574\" data-id=\"54\" src=\"https:\/\/apartmentartverde.com\/wp-content\/uploads\/2024\/06\/sotogrande_d-1024x574.jpg\" alt=\"\" class=\"wp-image-54\" srcset=\"https:\/\/apartmentartverde.com\/wp-content\/uploads\/2024\/06\/sotogrande_d-1024x574.jpg 1024w, https:\/\/apartmentartverde.com\/wp-content\/uploads\/2024\/06\/sotogrande_d-300x168.jpg 300w, https:\/\/apartmentartverde.com\/wp-content\/uploads\/2024\/06\/sotogrande_d-768x430.jpg 768w, https:\/\/apartmentartverde.com\/wp-content\/uploads\/2024\/06\/sotogrande_d-1536x860.jpg 1536w, https:\/\/apartmentartverde.com\/wp-content\/uploads\/2024\/06\/sotogrande_d-2048x1147.jpg 2048w\" sizes=\"auto, (max-width: 1024px) 100vw, 1024px\" \/><\/figure>\n\n\n\n<figure class=\"wp-block-image size-large\"><img loading=\"lazy\" decoding=\"async\" width=\"1024\" height=\"681\" data-id=\"427\" src=\"https:\/\/apartmentartverde.com\/wp-content\/uploads\/2024\/06\/Don-Diego-2-2-1024x681.jpg\" alt=\"\" class=\"wp-image-427\" srcset=\"https:\/\/apartmentartverde.com\/wp-content\/uploads\/2024\/06\/Don-Diego-2-2-1024x681.jpg 1024w, https:\/\/apartmentartverde.com\/wp-content\/uploads\/2024\/06\/Don-Diego-2-2-300x199.jpg 300w, https:\/\/apartmentartverde.com\/wp-content\/uploads\/2024\/06\/Don-Diego-2-2-768x511.jpg 768w, https:\/\/apartmentartverde.com\/wp-content\/uploads\/2024\/06\/Don-Diego-2-2-1536x1021.jpg 1536w, https:\/\/apartmentartverde.com\/wp-content\/uploads\/2024\/06\/Don-Diego-2-2-2048x1362.jpg 2048w\" sizes=\"auto, (max-width: 1024px) 100vw, 1024px\" \/><\/figure>\n\n\n\n<figure class=\"wp-block-image size-large\"><img loading=\"lazy\" decoding=\"async\" width=\"1024\" height=\"683\" data-id=\"553\" src=\"https:\/\/apartmentartverde.com\/wp-content\/uploads\/2024\/06\/ALS_Village_Verde-Outside-34-1024x683.jpg\" alt=\"\" class=\"wp-image-553\" srcset=\"https:\/\/apartmentartverde.com\/wp-content\/uploads\/2024\/06\/ALS_Village_Verde-Outside-34-1024x683.jpg 1024w, https:\/\/apartmentartverde.com\/wp-content\/uploads\/2024\/06\/ALS_Village_Verde-Outside-34-300x200.jpg 300w, https:\/\/apartmentartverde.com\/wp-content\/uploads\/2024\/06\/ALS_Village_Verde-Outside-34-768x512.jpg 768w, https:\/\/apartmentartverde.com\/wp-content\/uploads\/2024\/06\/ALS_Village_Verde-Outside-34-1536x1024.jpg 1536w, https:\/\/apartmentartverde.com\/wp-content\/uploads\/2024\/06\/ALS_Village_Verde-Outside-34-2048x1365.jpg 2048w\" sizes=\"auto, (max-width: 1024px) 100vw, 1024px\" \/><\/figure>\n\n\n\n<figure class=\"wp-block-image size-large\"><img loading=\"lazy\" decoding=\"async\" width=\"1024\" height=\"574\" data-id=\"313\" src=\"https:\/\/apartmentartverde.com\/wp-content\/uploads\/2024\/06\/about_sotogrande_1-1024x574.jpg\" alt=\"\" class=\"wp-image-313\" srcset=\"https:\/\/apartmentartverde.com\/wp-content\/uploads\/2024\/06\/about_sotogrande_1-1024x574.jpg 1024w, https:\/\/apartmentartverde.com\/wp-content\/uploads\/2024\/06\/about_sotogrande_1-300x168.jpg 300w, https:\/\/apartmentartverde.com\/wp-content\/uploads\/2024\/06\/about_sotogrande_1-768x430.jpg 768w, https:\/\/apartmentartverde.com\/wp-content\/uploads\/2024\/06\/about_sotogrande_1-1536x860.jpg 1536w, https:\/\/apartmentartverde.com\/wp-content\/uploads\/2024\/06\/about_sotogrande_1-2048x1147.jpg 2048w\" sizes=\"auto, (max-width: 1024px) 100vw, 1024px\" \/><\/figure>\n<\/figure>\n\n\n\n<p>Sotogrande est unique et magique, au c\u0153ur de l&#8217;une des plus belles r\u00e9gions d&#8217;Espagne, sur la c\u00f4te sud de l&#8217;Andalousie. Sotogrande vous permet de profiter des meilleurs aspects de la vie, de mani\u00e8re d\u00e9tendue et vari\u00e9e, avec un climat id\u00e9al, des hivers doux et des printemps, \u00e9t\u00e9s et automnes tr\u00e8s agr\u00e9ables, pour des vacances parfaites tout au long de l&#8217;ann\u00e9e.<\/p>\n\n\n\n<p>Tr\u00e8s facile d&#8217;acc\u00e8s depuis tous les a\u00e9roports internationaux et les capitales europ\u00e9ennes.<\/p>\n\n\n\n<p>Sotogrande vous offre la meilleure s\u00e9curit\u00e9, s&#8217;\u00e9tend sur plus de 20 kilom\u00e8tres carr\u00e9s et est entour\u00e9e d&#8217;une magnifique nature verdoyante, de la M\u00e9diterran\u00e9e \u00e0 la Sierra Almenara, avec une typographie impressionnante de la c\u00f4te de r\u00eave, des paysages de collines, des for\u00eats de ch\u00eanes-li\u00e8ges, une vue sur le rocher de Gibraltar jusqu&#8217;au Maroc.<br>Les meilleurs terrains de golf d&#8217;Espagne se trouvent \u00e0 Sotogrande et \u00e0 courte distance de notre appartement Art Verde, comme le Real Club Sotogrande, La Reserva Club et Valderrama Club.<\/p>\n\n\n\n<p>Le tr\u00e8s populaire Santa Maria Polo Club de Sotogrande est consid\u00e9r\u00e9 comme l&#8217;un des meilleurs au monde, tout comme l&#8217;impressionnant port de plaisance de la marina, qui offre une grande vari\u00e9t\u00e9 de restaurants et de boutiques \u00e0 l&#8217;ambiance particuli\u00e8re.<\/p>\n\n\n\n<p>Le tr\u00e8s populaire Santa Maria Polo Club de Sotogrande est consid\u00e9r\u00e9 comme l&#8217;un des meilleurs au monde, tout comme l&#8217;impressionnant port de plaisance de la marina, qui offre une grande vari\u00e9t\u00e9 de restaurants et de boutiques \u00e0 l&#8217;ambiance particuli\u00e8re.Le cyclisme ou la randonn\u00e9e dans les magnifiques sentiers naturels, les superbes plages, la gastronomie vari\u00e9e de la cuisine espagnole authentique avec une touche arabe et les plus de 40.000 hectares de vignobles dans les environs avec des d\u00e9gustations de vin dans la r\u00e9gion de Jerez font des vacances \u00e0 Sotogrande une exp\u00e9rience unique pour les sportifs, les amoureux de la nature, les amateurs de plage, les amateurs de luxe, les gourmets et les familles avec enfants.Sotogrande est \u00e9galement l&#8217;endroit id\u00e9al pour d\u00e9couvrir les institutions culturelles des environs, comme le pass\u00e9 maure de l&#8217;Alhambra, l&#8217;impressionnante cath\u00e9drale de S\u00e9ville, les \u00e9talons dansants et le flamenco, les pittoresques villages blancs comme Ronda en Andalousie ainsi que les mus\u00e9es et la fondation Picasso \u00e0 Malaga.<\/p>\n","protected":false},"excerpt":{"rendered":"<p>Sotogrande est unique et magique, au c\u0153ur de l&#8217;une des plus belles r\u00e9gions d&#8217;Espagne, sur la c\u00f4te sud de l&#8217;Andalousie. Sotogrande vous permet de profiter des meilleurs aspects de la vie, de mani\u00e8re d\u00e9tendue et vari\u00e9e, avec un climat id\u00e9al, des hivers doux et des printemps, \u00e9t\u00e9s et automnes tr\u00e8s agr\u00e9ables, pour des vacances parfaites [&hellip;]<\/p>\n","protected":false},"author":1,"featured_media":54,"parent":0,"menu_order":0,"comment_status":"closed","ping_status":"closed","template":"","meta":{"footnotes":""},"class_list":["post-121","page","type-page","status-publish","has-post-thumbnail","hentry"],"yoast_head":"<!-- This site is optimized with the Yoast SEO plugin v24.4 - https:\/\/yoast.com\/wordpress\/plugins\/seo\/ -->\n<title>\u00c0 propos Sotogrande - Apartment Art Verde<\/title>\n<meta name=\"robots\" content=\"index, follow, max-snippet:-1, max-image-preview:large, max-video-preview:-1\" \/>\n<link rel=\"canonical\" href=\"https:\/\/apartmentartverde.com\/index.php\/fr\/sotogrande-3\/\" \/>\n<meta property=\"og:locale\" content=\"en_US\" \/>\n<meta property=\"og:type\" content=\"article\" \/>\n<meta property=\"og:title\" content=\"\u00c0 propos Sotogrande - Apartment Art Verde\" \/>\n<meta property=\"og:description\" content=\"Sotogrande est unique et magique, au c\u0153ur de l&#8217;une des plus belles r\u00e9gions d&#8217;Espagne, sur la c\u00f4te sud de l&#8217;Andalousie. Sotogrande vous permet de profiter des meilleurs aspects de la vie, de mani\u00e8re d\u00e9tendue et vari\u00e9e, avec un climat id\u00e9al, des hivers doux et des printemps, \u00e9t\u00e9s et automnes tr\u00e8s agr\u00e9ables, pour des vacances parfaites [&hellip;]\" \/>\n<meta property=\"og:url\" content=\"https:\/\/apartmentartverde.com\/index.php\/fr\/sotogrande-3\/\" \/>\n<meta property=\"og:site_name\" content=\"Apartment Art Verde\" \/>\n<meta property=\"article:modified_time\" content=\"2024-06-28T16:42:16+00:00\" \/>\n<meta property=\"og:image\" content=\"https:\/\/apartmentartverde.com\/wp-content\/uploads\/2024\/06\/sotogrande_d.jpg\" \/>\n\t<meta property=\"og:image:width\" content=\"2560\" \/>\n\t<meta property=\"og:image:height\" content=\"1434\" \/>\n\t<meta property=\"og:image:type\" content=\"image\/jpeg\" \/>\n<meta name=\"twitter:card\" content=\"summary_large_image\" \/>\n<meta name=\"twitter:label1\" content=\"Est. reading time\" \/>\n\t<meta name=\"twitter:data1\" content=\"3 minutes\" \/>\n<script type=\"application\/ld+json\" class=\"yoast-schema-graph\">{\"@context\":\"https:\/\/schema.org\",\"@graph\":[{\"@type\":\"WebPage\",\"@id\":\"https:\/\/apartmentartverde.com\/index.php\/fr\/sotogrande-3\/\",\"url\":\"https:\/\/apartmentartverde.com\/index.php\/fr\/sotogrande-3\/\",\"name\":\"\u00c0 propos Sotogrande - Apartment Art Verde\",\"isPartOf\":{\"@id\":\"https:\/\/apartmentartverde.com\/#website\"},\"primaryImageOfPage\":{\"@id\":\"https:\/\/apartmentartverde.com\/index.php\/fr\/sotogrande-3\/#primaryimage\"},\"image\":{\"@id\":\"https:\/\/apartmentartverde.com\/index.php\/fr\/sotogrande-3\/#primaryimage\"},\"thumbnailUrl\":\"https:\/\/apartmentartverde.com\/wp-content\/uploads\/2024\/06\/sotogrande_d.jpg\",\"datePublished\":\"2024-06-08T15:37:11+00:00\",\"dateModified\":\"2024-06-28T16:42:16+00:00\",\"breadcrumb\":{\"@id\":\"https:\/\/apartmentartverde.com\/index.php\/fr\/sotogrande-3\/#breadcrumb\"},\"inLanguage\":\"en-US\",\"potentialAction\":[{\"@type\":\"ReadAction\",\"target\":[\"https:\/\/apartmentartverde.com\/index.php\/fr\/sotogrande-3\/\"]}]},{\"@type\":\"ImageObject\",\"inLanguage\":\"en-US\",\"@id\":\"https:\/\/apartmentartverde.com\/index.php\/fr\/sotogrande-3\/#primaryimage\",\"url\":\"https:\/\/apartmentartverde.com\/wp-content\/uploads\/2024\/06\/sotogrande_d.jpg\",\"contentUrl\":\"https:\/\/apartmentartverde.com\/wp-content\/uploads\/2024\/06\/sotogrande_d.jpg\",\"width\":2560,\"height\":1434},{\"@type\":\"BreadcrumbList\",\"@id\":\"https:\/\/apartmentartverde.com\/index.php\/fr\/sotogrande-3\/#breadcrumb\",\"itemListElement\":[{\"@type\":\"ListItem\",\"position\":1,\"name\":\"Home\",\"item\":\"https:\/\/apartmentartverde.com\/\"},{\"@type\":\"ListItem\",\"position\":2,\"name\":\"\u00c0 propos Sotogrande\"}]},{\"@type\":\"WebSite\",\"@id\":\"https:\/\/apartmentartverde.com\/#website\",\"url\":\"https:\/\/apartmentartverde.com\/\",\"name\":\"Art Verde Apartment\",\"description\":\"\",\"publisher\":{\"@id\":\"https:\/\/apartmentartverde.com\/#organization\"},\"inLanguage\":\"en-US\"},{\"@type\":\"Organization\",\"@id\":\"https:\/\/apartmentartverde.com\/#organization\",\"name\":\"Art Verde Apartment\",\"url\":\"https:\/\/apartmentartverde.com\/\",\"logo\":{\"@type\":\"ImageObject\",\"inLanguage\":\"en-US\",\"@id\":\"https:\/\/apartmentartverde.com\/#\/schema\/logo\/image\/\",\"url\":\"https:\/\/apartmentartverde.com\/wp-content\/uploads\/2024\/02\/logo.png\",\"contentUrl\":\"https:\/\/apartmentartverde.com\/wp-content\/uploads\/2024\/02\/logo.png\",\"width\":1490,\"height\":1320,\"caption\":\"Art Verde Apartment\"},\"image\":{\"@id\":\"https:\/\/apartmentartverde.com\/#\/schema\/logo\/image\/\"}}]}<\/script>\n<!-- \/ Yoast SEO plugin. -->","yoast_head_json":{"title":"\u00c0 propos Sotogrande - Apartment Art Verde","robots":{"index":"index","follow":"follow","max-snippet":"max-snippet:-1","max-image-preview":"max-image-preview:large","max-video-preview":"max-video-preview:-1"},"canonical":"https:\/\/apartmentartverde.com\/index.php\/fr\/sotogrande-3\/","og_locale":"en_US","og_type":"article","og_title":"\u00c0 propos Sotogrande - Apartment Art Verde","og_description":"Sotogrande est unique et magique, au c\u0153ur de l&#8217;une des plus belles r\u00e9gions d&#8217;Espagne, sur la c\u00f4te sud de l&#8217;Andalousie. Sotogrande vous permet de profiter des meilleurs aspects de la vie, de mani\u00e8re d\u00e9tendue et vari\u00e9e, avec un climat id\u00e9al, des hivers doux et des printemps, \u00e9t\u00e9s et automnes tr\u00e8s agr\u00e9ables, pour des vacances parfaites [&hellip;]","og_url":"https:\/\/apartmentartverde.com\/index.php\/fr\/sotogrande-3\/","og_site_name":"Apartment Art Verde","article_modified_time":"2024-06-28T16:42:16+00:00","og_image":[{"width":2560,"height":1434,"url":"https:\/\/apartmentartverde.com\/wp-content\/uploads\/2024\/06\/sotogrande_d.jpg","type":"image\/jpeg"}],"twitter_card":"summary_large_image","twitter_misc":{"Est. reading time":"3 minutes"},"schema":{"@context":"https:\/\/schema.org","@graph":[{"@type":"WebPage","@id":"https:\/\/apartmentartverde.com\/index.php\/fr\/sotogrande-3\/","url":"https:\/\/apartmentartverde.com\/index.php\/fr\/sotogrande-3\/","name":"\u00c0 propos Sotogrande - Apartment Art Verde","isPartOf":{"@id":"https:\/\/apartmentartverde.com\/#website"},"primaryImageOfPage":{"@id":"https:\/\/apartmentartverde.com\/index.php\/fr\/sotogrande-3\/#primaryimage"},"image":{"@id":"https:\/\/apartmentartverde.com\/index.php\/fr\/sotogrande-3\/#primaryimage"},"thumbnailUrl":"https:\/\/apartmentartverde.com\/wp-content\/uploads\/2024\/06\/sotogrande_d.jpg","datePublished":"2024-06-08T15:37:11+00:00","dateModified":"2024-06-28T16:42:16+00:00","breadcrumb":{"@id":"https:\/\/apartmentartverde.com\/index.php\/fr\/sotogrande-3\/#breadcrumb"},"inLanguage":"en-US","potentialAction":[{"@type":"ReadAction","target":["https:\/\/apartmentartverde.com\/index.php\/fr\/sotogrande-3\/"]}]},{"@type":"ImageObject","inLanguage":"en-US","@id":"https:\/\/apartmentartverde.com\/index.php\/fr\/sotogrande-3\/#primaryimage","url":"https:\/\/apartmentartverde.com\/wp-content\/uploads\/2024\/06\/sotogrande_d.jpg","contentUrl":"https:\/\/apartmentartverde.com\/wp-content\/uploads\/2024\/06\/sotogrande_d.jpg","width":2560,"height":1434},{"@type":"BreadcrumbList","@id":"https:\/\/apartmentartverde.com\/index.php\/fr\/sotogrande-3\/#breadcrumb","itemListElement":[{"@type":"ListItem","position":1,"name":"Home","item":"https:\/\/apartmentartverde.com\/"},{"@type":"ListItem","position":2,"name":"\u00c0 propos Sotogrande"}]},{"@type":"WebSite","@id":"https:\/\/apartmentartverde.com\/#website","url":"https:\/\/apartmentartverde.com\/","name":"Art Verde Apartment","description":"","publisher":{"@id":"https:\/\/apartmentartverde.com\/#organization"},"inLanguage":"en-US"},{"@type":"Organization","@id":"https:\/\/apartmentartverde.com\/#organization","name":"Art Verde Apartment","url":"https:\/\/apartmentartverde.com\/","logo":{"@type":"ImageObject","inLanguage":"en-US","@id":"https:\/\/apartmentartverde.com\/#\/schema\/logo\/image\/","url":"https:\/\/apartmentartverde.com\/wp-content\/uploads\/2024\/02\/logo.png","contentUrl":"https:\/\/apartmentartverde.com\/wp-content\/uploads\/2024\/02\/logo.png","width":1490,"height":1320,"caption":"Art Verde Apartment"},"image":{"@id":"https:\/\/apartmentartverde.com\/#\/schema\/logo\/image\/"}}]}},"_links":{"self":[{"href":"https:\/\/apartmentartverde.com\/index.php\/wp-json\/wp\/v2\/pages\/121","targetHints":{"allow":["GET"]}}],"collection":[{"href":"https:\/\/apartmentartverde.com\/index.php\/wp-json\/wp\/v2\/pages"}],"about":[{"href":"https:\/\/apartmentartverde.com\/index.php\/wp-json\/wp\/v2\/types\/page"}],"author":[{"embeddable":true,"href":"https:\/\/apartmentartverde.com\/index.php\/wp-json\/wp\/v2\/users\/1"}],"replies":[{"embeddable":true,"href":"https:\/\/apartmentartverde.com\/index.php\/wp-json\/wp\/v2\/comments?post=121"}],"version-history":[{"count":8,"href":"https:\/\/apartmentartverde.com\/index.php\/wp-json\/wp\/v2\/pages\/121\/revisions"}],"predecessor-version":[{"id":554,"href":"https:\/\/apartmentartverde.com\/index.php\/wp-json\/wp\/v2\/pages\/121\/revisions\/554"}],"wp:featuredmedia":[{"embeddable":true,"href":"https:\/\/apartmentartverde.com\/index.php\/wp-json\/wp\/v2\/media\/54"}],"wp:attachment":[{"href":"https:\/\/apartmentartverde.com\/index.php\/wp-json\/wp\/v2\/media?parent=121"}],"curies":[{"name":"wp","href":"https:\/\/api.w.org\/{rel}","templated":true}]}}