
{"id":119,"date":"2024-06-08T15:36:54","date_gmt":"2024-06-08T15:36:54","guid":{"rendered":"https:\/\/apartmentartverde.com\/?page_id=119"},"modified":"2024-06-28T16:33:28","modified_gmt":"2024-06-28T16:33:28","slug":"sotogrande-2","status":"publish","type":"page","link":"https:\/\/apartmentartverde.com\/index.php\/de\/sotogrande-2\/","title":{"rendered":"\u00dcber Sotogrande"},"content":{"rendered":"\n<figure class=\"wp-block-gallery has-nested-images columns-1 wp-block-gallery-1 is-layout-flex wp-block-gallery-is-layout-flex\">\n<figure class=\"wp-block-image size-large\"><img loading=\"lazy\" decoding=\"async\" width=\"1024\" height=\"574\" data-id=\"54\" src=\"https:\/\/apartmentartverde.com\/wp-content\/uploads\/2024\/06\/sotogrande_d-1024x574.jpg\" alt=\"\" class=\"wp-image-54\" srcset=\"https:\/\/apartmentartverde.com\/wp-content\/uploads\/2024\/06\/sotogrande_d-1024x574.jpg 1024w, https:\/\/apartmentartverde.com\/wp-content\/uploads\/2024\/06\/sotogrande_d-300x168.jpg 300w, https:\/\/apartmentartverde.com\/wp-content\/uploads\/2024\/06\/sotogrande_d-768x430.jpg 768w, https:\/\/apartmentartverde.com\/wp-content\/uploads\/2024\/06\/sotogrande_d-1536x860.jpg 1536w, https:\/\/apartmentartverde.com\/wp-content\/uploads\/2024\/06\/sotogrande_d-2048x1147.jpg 2048w\" sizes=\"auto, (max-width: 1024px) 100vw, 1024px\" \/><\/figure>\n\n\n\n<figure class=\"wp-block-image size-large\"><img loading=\"lazy\" decoding=\"async\" width=\"1024\" height=\"681\" data-id=\"429\" src=\"https:\/\/apartmentartverde.com\/wp-content\/uploads\/2024\/06\/Don-Diego-2-3-1024x681.jpg\" alt=\"\" class=\"wp-image-429\" srcset=\"https:\/\/apartmentartverde.com\/wp-content\/uploads\/2024\/06\/Don-Diego-2-3-1024x681.jpg 1024w, https:\/\/apartmentartverde.com\/wp-content\/uploads\/2024\/06\/Don-Diego-2-3-300x199.jpg 300w, https:\/\/apartmentartverde.com\/wp-content\/uploads\/2024\/06\/Don-Diego-2-3-768x511.jpg 768w, https:\/\/apartmentartverde.com\/wp-content\/uploads\/2024\/06\/Don-Diego-2-3-1536x1021.jpg 1536w, https:\/\/apartmentartverde.com\/wp-content\/uploads\/2024\/06\/Don-Diego-2-3-2048x1362.jpg 2048w\" sizes=\"auto, (max-width: 1024px) 100vw, 1024px\" \/><\/figure>\n\n\n\n<figure class=\"wp-block-image size-large\"><img loading=\"lazy\" decoding=\"async\" width=\"1024\" height=\"574\" data-id=\"316\" src=\"https:\/\/apartmentartverde.com\/wp-content\/uploads\/2024\/06\/about_sotogrande_4-1024x574.jpg\" alt=\"\" class=\"wp-image-316\" srcset=\"https:\/\/apartmentartverde.com\/wp-content\/uploads\/2024\/06\/about_sotogrande_4-1024x574.jpg 1024w, https:\/\/apartmentartverde.com\/wp-content\/uploads\/2024\/06\/about_sotogrande_4-300x168.jpg 300w, https:\/\/apartmentartverde.com\/wp-content\/uploads\/2024\/06\/about_sotogrande_4-768x430.jpg 768w, https:\/\/apartmentartverde.com\/wp-content\/uploads\/2024\/06\/about_sotogrande_4-1536x860.jpg 1536w, https:\/\/apartmentartverde.com\/wp-content\/uploads\/2024\/06\/about_sotogrande_4-2048x1147.jpg 2048w\" sizes=\"auto, (max-width: 1024px) 100vw, 1024px\" \/><\/figure>\n\n\n\n<figure class=\"wp-block-image size-large\"><img loading=\"lazy\" decoding=\"async\" width=\"1024\" height=\"574\" data-id=\"313\" src=\"https:\/\/apartmentartverde.com\/wp-content\/uploads\/2024\/06\/about_sotogrande_1-1024x574.jpg\" alt=\"\" class=\"wp-image-313\" srcset=\"https:\/\/apartmentartverde.com\/wp-content\/uploads\/2024\/06\/about_sotogrande_1-1024x574.jpg 1024w, https:\/\/apartmentartverde.com\/wp-content\/uploads\/2024\/06\/about_sotogrande_1-300x168.jpg 300w, https:\/\/apartmentartverde.com\/wp-content\/uploads\/2024\/06\/about_sotogrande_1-768x430.jpg 768w, https:\/\/apartmentartverde.com\/wp-content\/uploads\/2024\/06\/about_sotogrande_1-1536x860.jpg 1536w, https:\/\/apartmentartverde.com\/wp-content\/uploads\/2024\/06\/about_sotogrande_1-2048x1147.jpg 2048w\" sizes=\"auto, (max-width: 1024px) 100vw, 1024px\" \/><\/figure>\n<\/figure>\n\n\n\n<p>Sotogrande ist Einzigartig und Magic im Herzen einer der sch\u00f6nsten Regionen in Spanien an der S\u00fcdk\u00fcste Andalusiens bietet Ihnen Sotogrande die sch\u00f6nsten Seiten vom Leben entspannt und abwechslungsreich zu geniessen mit bestem Klima wie milden Winter und sehr angenehmen mediterranen Fr\u00fchlings, Sommer und Herbstmonaten, f\u00fcr Ihren perfekten Urlaub w\u00e4hrend des ganzen Jahres.<\/p>\n\n\n\n<p>Sehr gut erreichbar von allen internationalen Flugh\u00e4fen sowie europ\u00e4ischen Hauptst\u00e4dten.<\/p>\n\n\n\n<p>Sotogrande bietet Ihnen die beste Sicherheit, ist \u00fcber 20 Quadratkilometer gross und ist vom Mittelmeer bis \u00fcber die Sierra Almenara mit eindr\u00fccklicher Typografie der traumhaften K\u00fcste, H\u00fcgellandschaften, Korkeichenw\u00e4lder, Blick auf den Felsen von Gibraltar bis Marokko von herrlicher gr\u00fcner Natur umgeben.<\/p>\n\n\n\n<p>Die besten Golfpl\u00e4tze von Spanien sind in Sotogrande und kurzer Distanz von unserem Apartment Art Verde aus, wie Real Club Sotogrande, La Reserva Club und Valderrama Club.<\/p>\n\n\n\n<p>Der beliebte Santa Maria Polo Club Sotogrande gilt einer als der besten der Welt sowie der eindr\u00fcckliche Yachthafen in der Marina mit vielf\u00e4ltigem Gastronomie und Einkaufsm\u00f6glichkeiten mit besonderem Ambiente.<\/p>\n\n\n\n<p>Das Radfahren oder das Wandern in den herrlichen Naturpfaden, die herrlichen Str\u00e4nde, die vielf\u00e4ltige Gastronomie der spanischen authentischen K\u00fcche mit arabischem Touch und den \u00fcber 40.000 Hektar Weinbergen in der Umgebung mit Weindegustationen in der Region Jerez wird der Urlaub in Sotogrande zum einzigartigen Erlebnis f\u00fcr Sportler, Naturliebhaber, Strandliebhaber, Luxusliebhaber, Feinschmecker sowie Familien mit Kindern.<\/p>\n\n\n\n<p>Sotogrande ist auch der perfekte Standort um die Kulturellen Einrichtungen in der nahen Umgebung wie die maurische Vergangenheit der Alhambra zu erkunden, die eindr\u00fcckliche Kathedrale in Sevilla, die tanzende Hengste und den Flamenco, die malerischen weissen D\u00f6rfern wie Ronda in Andalusien sowie die Museen und die Picasso Stiftung in Malaga zu besichtigen.<\/p>\n","protected":false},"excerpt":{"rendered":"<p>Sotogrande ist Einzigartig und Magic im Herzen einer der sch\u00f6nsten Regionen in Spanien an der S\u00fcdk\u00fcste Andalusiens bietet Ihnen Sotogrande die sch\u00f6nsten Seiten vom Leben entspannt und abwechslungsreich zu geniessen mit bestem Klima wie milden Winter und sehr angenehmen mediterranen Fr\u00fchlings, Sommer und Herbstmonaten, f\u00fcr Ihren perfekten Urlaub w\u00e4hrend des ganzen Jahres. Sehr gut erreichbar [&hellip;]<\/p>\n","protected":false},"author":1,"featured_media":54,"parent":0,"menu_order":0,"comment_status":"closed","ping_status":"closed","template":"","meta":{"footnotes":""},"class_list":["post-119","page","type-page","status-publish","has-post-thumbnail","hentry"],"yoast_head":"<!-- This site is optimized with the Yoast SEO plugin v24.4 - https:\/\/yoast.com\/wordpress\/plugins\/seo\/ -->\n<title>\u00dcber Sotogrande - Apartment Art Verde<\/title>\n<meta name=\"robots\" content=\"index, follow, max-snippet:-1, max-image-preview:large, max-video-preview:-1\" \/>\n<link rel=\"canonical\" href=\"https:\/\/apartmentartverde.com\/index.php\/de\/sotogrande-2\/\" \/>\n<meta property=\"og:locale\" content=\"en_US\" \/>\n<meta property=\"og:type\" content=\"article\" \/>\n<meta property=\"og:title\" content=\"\u00dcber Sotogrande - Apartment Art Verde\" \/>\n<meta property=\"og:description\" content=\"Sotogrande ist Einzigartig und Magic im Herzen einer der sch\u00f6nsten Regionen in Spanien an der S\u00fcdk\u00fcste Andalusiens bietet Ihnen Sotogrande die sch\u00f6nsten Seiten vom Leben entspannt und abwechslungsreich zu geniessen mit bestem Klima wie milden Winter und sehr angenehmen mediterranen Fr\u00fchlings, Sommer und Herbstmonaten, f\u00fcr Ihren perfekten Urlaub w\u00e4hrend des ganzen Jahres. Sehr gut erreichbar [&hellip;]\" \/>\n<meta property=\"og:url\" content=\"https:\/\/apartmentartverde.com\/index.php\/de\/sotogrande-2\/\" \/>\n<meta property=\"og:site_name\" content=\"Apartment Art Verde\" \/>\n<meta property=\"article:modified_time\" content=\"2024-06-28T16:33:28+00:00\" \/>\n<meta property=\"og:image\" content=\"https:\/\/apartmentartverde.com\/wp-content\/uploads\/2024\/06\/sotogrande_d.jpg\" \/>\n\t<meta property=\"og:image:width\" content=\"2560\" \/>\n\t<meta property=\"og:image:height\" content=\"1434\" \/>\n\t<meta property=\"og:image:type\" content=\"image\/jpeg\" \/>\n<meta name=\"twitter:card\" content=\"summary_large_image\" \/>\n<meta name=\"twitter:label1\" content=\"Est. reading time\" \/>\n\t<meta name=\"twitter:data1\" content=\"3 minutes\" \/>\n<script type=\"application\/ld+json\" class=\"yoast-schema-graph\">{\"@context\":\"https:\/\/schema.org\",\"@graph\":[{\"@type\":\"WebPage\",\"@id\":\"https:\/\/apartmentartverde.com\/index.php\/de\/sotogrande-2\/\",\"url\":\"https:\/\/apartmentartverde.com\/index.php\/de\/sotogrande-2\/\",\"name\":\"\u00dcber Sotogrande - Apartment Art Verde\",\"isPartOf\":{\"@id\":\"https:\/\/apartmentartverde.com\/#website\"},\"primaryImageOfPage\":{\"@id\":\"https:\/\/apartmentartverde.com\/index.php\/de\/sotogrande-2\/#primaryimage\"},\"image\":{\"@id\":\"https:\/\/apartmentartverde.com\/index.php\/de\/sotogrande-2\/#primaryimage\"},\"thumbnailUrl\":\"https:\/\/apartmentartverde.com\/wp-content\/uploads\/2024\/06\/sotogrande_d.jpg\",\"datePublished\":\"2024-06-08T15:36:54+00:00\",\"dateModified\":\"2024-06-28T16:33:28+00:00\",\"breadcrumb\":{\"@id\":\"https:\/\/apartmentartverde.com\/index.php\/de\/sotogrande-2\/#breadcrumb\"},\"inLanguage\":\"en-US\",\"potentialAction\":[{\"@type\":\"ReadAction\",\"target\":[\"https:\/\/apartmentartverde.com\/index.php\/de\/sotogrande-2\/\"]}]},{\"@type\":\"ImageObject\",\"inLanguage\":\"en-US\",\"@id\":\"https:\/\/apartmentartverde.com\/index.php\/de\/sotogrande-2\/#primaryimage\",\"url\":\"https:\/\/apartmentartverde.com\/wp-content\/uploads\/2024\/06\/sotogrande_d.jpg\",\"contentUrl\":\"https:\/\/apartmentartverde.com\/wp-content\/uploads\/2024\/06\/sotogrande_d.jpg\",\"width\":2560,\"height\":1434},{\"@type\":\"BreadcrumbList\",\"@id\":\"https:\/\/apartmentartverde.com\/index.php\/de\/sotogrande-2\/#breadcrumb\",\"itemListElement\":[{\"@type\":\"ListItem\",\"position\":1,\"name\":\"Home\",\"item\":\"https:\/\/apartmentartverde.com\/\"},{\"@type\":\"ListItem\",\"position\":2,\"name\":\"\u00dcber Sotogrande\"}]},{\"@type\":\"WebSite\",\"@id\":\"https:\/\/apartmentartverde.com\/#website\",\"url\":\"https:\/\/apartmentartverde.com\/\",\"name\":\"Art Verde Apartment\",\"description\":\"\",\"publisher\":{\"@id\":\"https:\/\/apartmentartverde.com\/#organization\"},\"inLanguage\":\"en-US\"},{\"@type\":\"Organization\",\"@id\":\"https:\/\/apartmentartverde.com\/#organization\",\"name\":\"Art Verde Apartment\",\"url\":\"https:\/\/apartmentartverde.com\/\",\"logo\":{\"@type\":\"ImageObject\",\"inLanguage\":\"en-US\",\"@id\":\"https:\/\/apartmentartverde.com\/#\/schema\/logo\/image\/\",\"url\":\"https:\/\/apartmentartverde.com\/wp-content\/uploads\/2024\/02\/logo.png\",\"contentUrl\":\"https:\/\/apartmentartverde.com\/wp-content\/uploads\/2024\/02\/logo.png\",\"width\":1490,\"height\":1320,\"caption\":\"Art Verde Apartment\"},\"image\":{\"@id\":\"https:\/\/apartmentartverde.com\/#\/schema\/logo\/image\/\"}}]}<\/script>\n<!-- \/ Yoast SEO plugin. -->","yoast_head_json":{"title":"\u00dcber Sotogrande - Apartment Art Verde","robots":{"index":"index","follow":"follow","max-snippet":"max-snippet:-1","max-image-preview":"max-image-preview:large","max-video-preview":"max-video-preview:-1"},"canonical":"https:\/\/apartmentartverde.com\/index.php\/de\/sotogrande-2\/","og_locale":"en_US","og_type":"article","og_title":"\u00dcber Sotogrande - Apartment Art Verde","og_description":"Sotogrande ist Einzigartig und Magic im Herzen einer der sch\u00f6nsten Regionen in Spanien an der S\u00fcdk\u00fcste Andalusiens bietet Ihnen Sotogrande die sch\u00f6nsten Seiten vom Leben entspannt und abwechslungsreich zu geniessen mit bestem Klima wie milden Winter und sehr angenehmen mediterranen Fr\u00fchlings, Sommer und Herbstmonaten, f\u00fcr Ihren perfekten Urlaub w\u00e4hrend des ganzen Jahres. Sehr gut erreichbar [&hellip;]","og_url":"https:\/\/apartmentartverde.com\/index.php\/de\/sotogrande-2\/","og_site_name":"Apartment Art Verde","article_modified_time":"2024-06-28T16:33:28+00:00","og_image":[{"width":2560,"height":1434,"url":"https:\/\/apartmentartverde.com\/wp-content\/uploads\/2024\/06\/sotogrande_d.jpg","type":"image\/jpeg"}],"twitter_card":"summary_large_image","twitter_misc":{"Est. reading time":"3 minutes"},"schema":{"@context":"https:\/\/schema.org","@graph":[{"@type":"WebPage","@id":"https:\/\/apartmentartverde.com\/index.php\/de\/sotogrande-2\/","url":"https:\/\/apartmentartverde.com\/index.php\/de\/sotogrande-2\/","name":"\u00dcber Sotogrande - Apartment Art Verde","isPartOf":{"@id":"https:\/\/apartmentartverde.com\/#website"},"primaryImageOfPage":{"@id":"https:\/\/apartmentartverde.com\/index.php\/de\/sotogrande-2\/#primaryimage"},"image":{"@id":"https:\/\/apartmentartverde.com\/index.php\/de\/sotogrande-2\/#primaryimage"},"thumbnailUrl":"https:\/\/apartmentartverde.com\/wp-content\/uploads\/2024\/06\/sotogrande_d.jpg","datePublished":"2024-06-08T15:36:54+00:00","dateModified":"2024-06-28T16:33:28+00:00","breadcrumb":{"@id":"https:\/\/apartmentartverde.com\/index.php\/de\/sotogrande-2\/#breadcrumb"},"inLanguage":"en-US","potentialAction":[{"@type":"ReadAction","target":["https:\/\/apartmentartverde.com\/index.php\/de\/sotogrande-2\/"]}]},{"@type":"ImageObject","inLanguage":"en-US","@id":"https:\/\/apartmentartverde.com\/index.php\/de\/sotogrande-2\/#primaryimage","url":"https:\/\/apartmentartverde.com\/wp-content\/uploads\/2024\/06\/sotogrande_d.jpg","contentUrl":"https:\/\/apartmentartverde.com\/wp-content\/uploads\/2024\/06\/sotogrande_d.jpg","width":2560,"height":1434},{"@type":"BreadcrumbList","@id":"https:\/\/apartmentartverde.com\/index.php\/de\/sotogrande-2\/#breadcrumb","itemListElement":[{"@type":"ListItem","position":1,"name":"Home","item":"https:\/\/apartmentartverde.com\/"},{"@type":"ListItem","position":2,"name":"\u00dcber Sotogrande"}]},{"@type":"WebSite","@id":"https:\/\/apartmentartverde.com\/#website","url":"https:\/\/apartmentartverde.com\/","name":"Art Verde Apartment","description":"","publisher":{"@id":"https:\/\/apartmentartverde.com\/#organization"},"inLanguage":"en-US"},{"@type":"Organization","@id":"https:\/\/apartmentartverde.com\/#organization","name":"Art Verde Apartment","url":"https:\/\/apartmentartverde.com\/","logo":{"@type":"ImageObject","inLanguage":"en-US","@id":"https:\/\/apartmentartverde.com\/#\/schema\/logo\/image\/","url":"https:\/\/apartmentartverde.com\/wp-content\/uploads\/2024\/02\/logo.png","contentUrl":"https:\/\/apartmentartverde.com\/wp-content\/uploads\/2024\/02\/logo.png","width":1490,"height":1320,"caption":"Art Verde Apartment"},"image":{"@id":"https:\/\/apartmentartverde.com\/#\/schema\/logo\/image\/"}}]}},"_links":{"self":[{"href":"https:\/\/apartmentartverde.com\/index.php\/wp-json\/wp\/v2\/pages\/119","targetHints":{"allow":["GET"]}}],"collection":[{"href":"https:\/\/apartmentartverde.com\/index.php\/wp-json\/wp\/v2\/pages"}],"about":[{"href":"https:\/\/apartmentartverde.com\/index.php\/wp-json\/wp\/v2\/types\/page"}],"author":[{"embeddable":true,"href":"https:\/\/apartmentartverde.com\/index.php\/wp-json\/wp\/v2\/users\/1"}],"replies":[{"embeddable":true,"href":"https:\/\/apartmentartverde.com\/index.php\/wp-json\/wp\/v2\/comments?post=119"}],"version-history":[{"count":8,"href":"https:\/\/apartmentartverde.com\/index.php\/wp-json\/wp\/v2\/pages\/119\/revisions"}],"predecessor-version":[{"id":550,"href":"https:\/\/apartmentartverde.com\/index.php\/wp-json\/wp\/v2\/pages\/119\/revisions\/550"}],"wp:featuredmedia":[{"embeddable":true,"href":"https:\/\/apartmentartverde.com\/index.php\/wp-json\/wp\/v2\/media\/54"}],"wp:attachment":[{"href":"https:\/\/apartmentartverde.com\/index.php\/wp-json\/wp\/v2\/media?parent=119"}],"curies":[{"name":"wp","href":"https:\/\/api.w.org\/{rel}","templated":true}]}}