
{"id":115,"date":"2024-06-08T15:36:11","date_gmt":"2024-06-08T15:36:11","guid":{"rendered":"https:\/\/apartmentartverde.com\/?page_id=115"},"modified":"2024-06-10T16:50:17","modified_gmt":"2024-06-10T16:50:17","slug":"voile","status":"publish","type":"page","link":"https:\/\/apartmentartverde.com\/index.php\/fr\/voile\/","title":{"rendered":"Voile"},"content":{"rendered":"\n<figure class=\"wp-block-image size-large\"><img loading=\"lazy\" decoding=\"async\" width=\"1024\" height=\"574\" src=\"https:\/\/apartmentartverde.com\/wp-content\/uploads\/2024\/06\/home_7_d-1024x574.jpg\" alt=\"\" class=\"wp-image-71\" srcset=\"https:\/\/apartmentartverde.com\/wp-content\/uploads\/2024\/06\/home_7_d-1024x574.jpg 1024w, https:\/\/apartmentartverde.com\/wp-content\/uploads\/2024\/06\/home_7_d-300x168.jpg 300w, https:\/\/apartmentartverde.com\/wp-content\/uploads\/2024\/06\/home_7_d-768x430.jpg 768w, https:\/\/apartmentartverde.com\/wp-content\/uploads\/2024\/06\/home_7_d-1536x860.jpg 1536w, https:\/\/apartmentartverde.com\/wp-content\/uploads\/2024\/06\/home_7_d-2048x1147.jpg 2048w\" sizes=\"auto, (max-width: 1024px) 100vw, 1024px\" \/><\/figure>\n\n\n\n<p>Si votre passion est les sports nautiques, le choix est tr\u00e8s vari\u00e9 \u00e0 Sotogrande et dans ses environs. Du kitesurf pr\u00e8s de la plage dor\u00e9e de Tarifa au kayak, en passant par le wakeboard et la plong\u00e9e, les sports nautiques sont propos\u00e9s.<\/p>\n\n\n\n<p>Les vents de la c\u00f4te sud de l&#8217;Espagne de Sotogrande sont tr\u00e8s appr\u00e9ci\u00e9s des navigateurs et de leurs r\u00e9gates.<\/p>\n\n\n\n<p>L&#8217;un des grands joyaux est le port de plaisance \u00e9poustouflant de Sotogrande, qui est l&#8217;un des endroits les plus populaires de la marina, entour\u00e9 d&#8217;une gastronomie vari\u00e9e, internationale et savoureuse et de superbes possibilit\u00e9s de shopping.<\/p>\n","protected":false},"excerpt":{"rendered":"<p>Si votre passion est les sports nautiques, le choix est tr\u00e8s vari\u00e9 \u00e0 Sotogrande et dans ses environs. Du kitesurf pr\u00e8s de la plage dor\u00e9e de Tarifa au kayak, en passant par le wakeboard et la plong\u00e9e, les sports nautiques sont propos\u00e9s. Les vents de la c\u00f4te sud de l&#8217;Espagne de Sotogrande sont tr\u00e8s appr\u00e9ci\u00e9s [&hellip;]<\/p>\n","protected":false},"author":1,"featured_media":71,"parent":0,"menu_order":0,"comment_status":"closed","ping_status":"closed","template":"","meta":{"footnotes":""},"class_list":["post-115","page","type-page","status-publish","has-post-thumbnail","hentry"],"yoast_head":"<!-- This site is optimized with the Yoast SEO plugin v24.4 - https:\/\/yoast.com\/wordpress\/plugins\/seo\/ -->\n<title>Voile - Apartment Art Verde<\/title>\n<meta name=\"robots\" content=\"index, follow, max-snippet:-1, max-image-preview:large, max-video-preview:-1\" \/>\n<link rel=\"canonical\" href=\"https:\/\/apartmentartverde.com\/index.php\/fr\/voile\/\" \/>\n<meta property=\"og:locale\" content=\"en_US\" \/>\n<meta property=\"og:type\" content=\"article\" \/>\n<meta property=\"og:title\" content=\"Voile - Apartment Art Verde\" \/>\n<meta property=\"og:description\" content=\"Si votre passion est les sports nautiques, le choix est tr\u00e8s vari\u00e9 \u00e0 Sotogrande et dans ses environs. Du kitesurf pr\u00e8s de la plage dor\u00e9e de Tarifa au kayak, en passant par le wakeboard et la plong\u00e9e, les sports nautiques sont propos\u00e9s. Les vents de la c\u00f4te sud de l&#8217;Espagne de Sotogrande sont tr\u00e8s appr\u00e9ci\u00e9s [&hellip;]\" \/>\n<meta property=\"og:url\" content=\"https:\/\/apartmentartverde.com\/index.php\/fr\/voile\/\" \/>\n<meta property=\"og:site_name\" content=\"Apartment Art Verde\" \/>\n<meta property=\"article:modified_time\" content=\"2024-06-10T16:50:17+00:00\" \/>\n<meta property=\"og:image\" content=\"https:\/\/apartmentartverde.com\/wp-content\/uploads\/2024\/06\/home_7_d.jpg\" \/>\n\t<meta property=\"og:image:width\" content=\"2560\" \/>\n\t<meta property=\"og:image:height\" content=\"1434\" \/>\n\t<meta property=\"og:image:type\" content=\"image\/jpeg\" \/>\n<meta name=\"twitter:card\" content=\"summary_large_image\" \/>\n<meta name=\"twitter:label1\" content=\"Est. reading time\" \/>\n\t<meta name=\"twitter:data1\" content=\"1 minute\" \/>\n<script type=\"application\/ld+json\" class=\"yoast-schema-graph\">{\"@context\":\"https:\/\/schema.org\",\"@graph\":[{\"@type\":\"WebPage\",\"@id\":\"https:\/\/apartmentartverde.com\/index.php\/fr\/voile\/\",\"url\":\"https:\/\/apartmentartverde.com\/index.php\/fr\/voile\/\",\"name\":\"Voile - Apartment Art Verde\",\"isPartOf\":{\"@id\":\"https:\/\/apartmentartverde.com\/#website\"},\"primaryImageOfPage\":{\"@id\":\"https:\/\/apartmentartverde.com\/index.php\/fr\/voile\/#primaryimage\"},\"image\":{\"@id\":\"https:\/\/apartmentartverde.com\/index.php\/fr\/voile\/#primaryimage\"},\"thumbnailUrl\":\"https:\/\/apartmentartverde.com\/wp-content\/uploads\/2024\/06\/home_7_d.jpg\",\"datePublished\":\"2024-06-08T15:36:11+00:00\",\"dateModified\":\"2024-06-10T16:50:17+00:00\",\"breadcrumb\":{\"@id\":\"https:\/\/apartmentartverde.com\/index.php\/fr\/voile\/#breadcrumb\"},\"inLanguage\":\"en-US\",\"potentialAction\":[{\"@type\":\"ReadAction\",\"target\":[\"https:\/\/apartmentartverde.com\/index.php\/fr\/voile\/\"]}]},{\"@type\":\"ImageObject\",\"inLanguage\":\"en-US\",\"@id\":\"https:\/\/apartmentartverde.com\/index.php\/fr\/voile\/#primaryimage\",\"url\":\"https:\/\/apartmentartverde.com\/wp-content\/uploads\/2024\/06\/home_7_d.jpg\",\"contentUrl\":\"https:\/\/apartmentartverde.com\/wp-content\/uploads\/2024\/06\/home_7_d.jpg\",\"width\":2560,\"height\":1434},{\"@type\":\"BreadcrumbList\",\"@id\":\"https:\/\/apartmentartverde.com\/index.php\/fr\/voile\/#breadcrumb\",\"itemListElement\":[{\"@type\":\"ListItem\",\"position\":1,\"name\":\"Home\",\"item\":\"https:\/\/apartmentartverde.com\/\"},{\"@type\":\"ListItem\",\"position\":2,\"name\":\"Voile\"}]},{\"@type\":\"WebSite\",\"@id\":\"https:\/\/apartmentartverde.com\/#website\",\"url\":\"https:\/\/apartmentartverde.com\/\",\"name\":\"Art Verde Apartment\",\"description\":\"\",\"publisher\":{\"@id\":\"https:\/\/apartmentartverde.com\/#organization\"},\"inLanguage\":\"en-US\"},{\"@type\":\"Organization\",\"@id\":\"https:\/\/apartmentartverde.com\/#organization\",\"name\":\"Art Verde Apartment\",\"url\":\"https:\/\/apartmentartverde.com\/\",\"logo\":{\"@type\":\"ImageObject\",\"inLanguage\":\"en-US\",\"@id\":\"https:\/\/apartmentartverde.com\/#\/schema\/logo\/image\/\",\"url\":\"https:\/\/apartmentartverde.com\/wp-content\/uploads\/2024\/02\/logo.png\",\"contentUrl\":\"https:\/\/apartmentartverde.com\/wp-content\/uploads\/2024\/02\/logo.png\",\"width\":1490,\"height\":1320,\"caption\":\"Art Verde Apartment\"},\"image\":{\"@id\":\"https:\/\/apartmentartverde.com\/#\/schema\/logo\/image\/\"}}]}<\/script>\n<!-- \/ Yoast SEO plugin. -->","yoast_head_json":{"title":"Voile - Apartment Art Verde","robots":{"index":"index","follow":"follow","max-snippet":"max-snippet:-1","max-image-preview":"max-image-preview:large","max-video-preview":"max-video-preview:-1"},"canonical":"https:\/\/apartmentartverde.com\/index.php\/fr\/voile\/","og_locale":"en_US","og_type":"article","og_title":"Voile - Apartment Art Verde","og_description":"Si votre passion est les sports nautiques, le choix est tr\u00e8s vari\u00e9 \u00e0 Sotogrande et dans ses environs. Du kitesurf pr\u00e8s de la plage dor\u00e9e de Tarifa au kayak, en passant par le wakeboard et la plong\u00e9e, les sports nautiques sont propos\u00e9s. Les vents de la c\u00f4te sud de l&#8217;Espagne de Sotogrande sont tr\u00e8s appr\u00e9ci\u00e9s [&hellip;]","og_url":"https:\/\/apartmentartverde.com\/index.php\/fr\/voile\/","og_site_name":"Apartment Art Verde","article_modified_time":"2024-06-10T16:50:17+00:00","og_image":[{"width":2560,"height":1434,"url":"https:\/\/apartmentartverde.com\/wp-content\/uploads\/2024\/06\/home_7_d.jpg","type":"image\/jpeg"}],"twitter_card":"summary_large_image","twitter_misc":{"Est. reading time":"1 minute"},"schema":{"@context":"https:\/\/schema.org","@graph":[{"@type":"WebPage","@id":"https:\/\/apartmentartverde.com\/index.php\/fr\/voile\/","url":"https:\/\/apartmentartverde.com\/index.php\/fr\/voile\/","name":"Voile - Apartment Art Verde","isPartOf":{"@id":"https:\/\/apartmentartverde.com\/#website"},"primaryImageOfPage":{"@id":"https:\/\/apartmentartverde.com\/index.php\/fr\/voile\/#primaryimage"},"image":{"@id":"https:\/\/apartmentartverde.com\/index.php\/fr\/voile\/#primaryimage"},"thumbnailUrl":"https:\/\/apartmentartverde.com\/wp-content\/uploads\/2024\/06\/home_7_d.jpg","datePublished":"2024-06-08T15:36:11+00:00","dateModified":"2024-06-10T16:50:17+00:00","breadcrumb":{"@id":"https:\/\/apartmentartverde.com\/index.php\/fr\/voile\/#breadcrumb"},"inLanguage":"en-US","potentialAction":[{"@type":"ReadAction","target":["https:\/\/apartmentartverde.com\/index.php\/fr\/voile\/"]}]},{"@type":"ImageObject","inLanguage":"en-US","@id":"https:\/\/apartmentartverde.com\/index.php\/fr\/voile\/#primaryimage","url":"https:\/\/apartmentartverde.com\/wp-content\/uploads\/2024\/06\/home_7_d.jpg","contentUrl":"https:\/\/apartmentartverde.com\/wp-content\/uploads\/2024\/06\/home_7_d.jpg","width":2560,"height":1434},{"@type":"BreadcrumbList","@id":"https:\/\/apartmentartverde.com\/index.php\/fr\/voile\/#breadcrumb","itemListElement":[{"@type":"ListItem","position":1,"name":"Home","item":"https:\/\/apartmentartverde.com\/"},{"@type":"ListItem","position":2,"name":"Voile"}]},{"@type":"WebSite","@id":"https:\/\/apartmentartverde.com\/#website","url":"https:\/\/apartmentartverde.com\/","name":"Art Verde Apartment","description":"","publisher":{"@id":"https:\/\/apartmentartverde.com\/#organization"},"inLanguage":"en-US"},{"@type":"Organization","@id":"https:\/\/apartmentartverde.com\/#organization","name":"Art Verde Apartment","url":"https:\/\/apartmentartverde.com\/","logo":{"@type":"ImageObject","inLanguage":"en-US","@id":"https:\/\/apartmentartverde.com\/#\/schema\/logo\/image\/","url":"https:\/\/apartmentartverde.com\/wp-content\/uploads\/2024\/02\/logo.png","contentUrl":"https:\/\/apartmentartverde.com\/wp-content\/uploads\/2024\/02\/logo.png","width":1490,"height":1320,"caption":"Art Verde Apartment"},"image":{"@id":"https:\/\/apartmentartverde.com\/#\/schema\/logo\/image\/"}}]}},"_links":{"self":[{"href":"https:\/\/apartmentartverde.com\/index.php\/wp-json\/wp\/v2\/pages\/115","targetHints":{"allow":["GET"]}}],"collection":[{"href":"https:\/\/apartmentartverde.com\/index.php\/wp-json\/wp\/v2\/pages"}],"about":[{"href":"https:\/\/apartmentartverde.com\/index.php\/wp-json\/wp\/v2\/types\/page"}],"author":[{"embeddable":true,"href":"https:\/\/apartmentartverde.com\/index.php\/wp-json\/wp\/v2\/users\/1"}],"replies":[{"embeddable":true,"href":"https:\/\/apartmentartverde.com\/index.php\/wp-json\/wp\/v2\/comments?post=115"}],"version-history":[{"count":3,"href":"https:\/\/apartmentartverde.com\/index.php\/wp-json\/wp\/v2\/pages\/115\/revisions"}],"predecessor-version":[{"id":257,"href":"https:\/\/apartmentartverde.com\/index.php\/wp-json\/wp\/v2\/pages\/115\/revisions\/257"}],"wp:featuredmedia":[{"embeddable":true,"href":"https:\/\/apartmentartverde.com\/index.php\/wp-json\/wp\/v2\/media\/71"}],"wp:attachment":[{"href":"https:\/\/apartmentartverde.com\/index.php\/wp-json\/wp\/v2\/media?parent=115"}],"curies":[{"name":"wp","href":"https:\/\/api.w.org\/{rel}","templated":true}]}}