
{"id":111,"date":"2024-06-08T15:35:26","date_gmt":"2024-06-08T15:35:26","guid":{"rendered":"https:\/\/apartmentartverde.com\/?page_id=111"},"modified":"2024-06-10T16:52:54","modified_gmt":"2024-06-10T16:52:54","slug":"polo-4","status":"publish","type":"page","link":"https:\/\/apartmentartverde.com\/index.php\/es\/polo-4\/","title":{"rendered":"Polo"},"content":{"rendered":"\n<figure class=\"wp-block-image size-large\"><img loading=\"lazy\" decoding=\"async\" width=\"1024\" height=\"574\" src=\"https:\/\/apartmentartverde.com\/wp-content\/uploads\/2024\/06\/home_6_d-1024x574.jpg\" alt=\"\" class=\"wp-image-69\" srcset=\"https:\/\/apartmentartverde.com\/wp-content\/uploads\/2024\/06\/home_6_d-1024x574.jpg 1024w, https:\/\/apartmentartverde.com\/wp-content\/uploads\/2024\/06\/home_6_d-300x168.jpg 300w, https:\/\/apartmentartverde.com\/wp-content\/uploads\/2024\/06\/home_6_d-768x430.jpg 768w, https:\/\/apartmentartverde.com\/wp-content\/uploads\/2024\/06\/home_6_d-1536x860.jpg 1536w, https:\/\/apartmentartverde.com\/wp-content\/uploads\/2024\/06\/home_6_d-2048x1147.jpg 2048w\" sizes=\"auto, (max-width: 1024px) 100vw, 1024px\" \/><\/figure>\n\n\n\n<p>La pasi\u00f3n de Sotogrande por los caballos y la cultura ecuestre se refleja en sus excelentes escuelas de equitaci\u00f3n. Polo, campo a trav\u00e9s, salto de obst\u00e1culos y doma cl\u00e1sica. Si est\u00e1 interesado, p\u00f3ngase en contacto con los dos centros, Endurance Equestrian y Dressage Sotogrande. El centro de aprendizaje de polo se encuentra en Polo Valley Sotogrande.<\/p>\n\n\n\n<p>El polo es muy popular en Sotogrande y tiene una importancia especial. El Santa Mar\u00eda Polo Club est\u00e1 reconocido como uno de los mejores clubes de polo del mundo. El Torneo de Polo Santa Mar\u00eda se celebra en Sotogrande todos los veranos desde 1965.<\/p>\n","protected":false},"excerpt":{"rendered":"<p>La pasi\u00f3n de Sotogrande por los caballos y la cultura ecuestre se refleja en sus excelentes escuelas de equitaci\u00f3n. Polo, campo a trav\u00e9s, salto de obst\u00e1culos y doma cl\u00e1sica. Si est\u00e1 interesado, p\u00f3ngase en contacto con los dos centros, Endurance Equestrian y Dressage Sotogrande. El centro de aprendizaje de polo se encuentra en Polo Valley [&hellip;]<\/p>\n","protected":false},"author":1,"featured_media":69,"parent":0,"menu_order":0,"comment_status":"closed","ping_status":"closed","template":"","meta":{"footnotes":""},"class_list":["post-111","page","type-page","status-publish","has-post-thumbnail","hentry"],"yoast_head":"<!-- This site is optimized with the Yoast SEO plugin v24.4 - https:\/\/yoast.com\/wordpress\/plugins\/seo\/ -->\n<title>Polo - Apartment Art Verde<\/title>\n<meta name=\"robots\" content=\"index, follow, max-snippet:-1, max-image-preview:large, max-video-preview:-1\" \/>\n<link rel=\"canonical\" href=\"https:\/\/apartmentartverde.com\/index.php\/es\/polo-4\/\" \/>\n<meta property=\"og:locale\" content=\"en_US\" \/>\n<meta property=\"og:type\" content=\"article\" \/>\n<meta property=\"og:title\" content=\"Polo - Apartment Art Verde\" \/>\n<meta property=\"og:description\" content=\"La pasi\u00f3n de Sotogrande por los caballos y la cultura ecuestre se refleja en sus excelentes escuelas de equitaci\u00f3n. Polo, campo a trav\u00e9s, salto de obst\u00e1culos y doma cl\u00e1sica. Si est\u00e1 interesado, p\u00f3ngase en contacto con los dos centros, Endurance Equestrian y Dressage Sotogrande. El centro de aprendizaje de polo se encuentra en Polo Valley [&hellip;]\" \/>\n<meta property=\"og:url\" content=\"https:\/\/apartmentartverde.com\/index.php\/es\/polo-4\/\" \/>\n<meta property=\"og:site_name\" content=\"Apartment Art Verde\" \/>\n<meta property=\"article:modified_time\" content=\"2024-06-10T16:52:54+00:00\" \/>\n<meta property=\"og:image\" content=\"https:\/\/apartmentartverde.com\/wp-content\/uploads\/2024\/06\/home_6_d.jpg\" \/>\n\t<meta property=\"og:image:width\" content=\"2560\" \/>\n\t<meta property=\"og:image:height\" content=\"1434\" \/>\n\t<meta property=\"og:image:type\" content=\"image\/jpeg\" \/>\n<meta name=\"twitter:card\" content=\"summary_large_image\" \/>\n<meta name=\"twitter:label1\" content=\"Est. reading time\" \/>\n\t<meta name=\"twitter:data1\" content=\"1 minute\" \/>\n<script type=\"application\/ld+json\" class=\"yoast-schema-graph\">{\"@context\":\"https:\/\/schema.org\",\"@graph\":[{\"@type\":\"WebPage\",\"@id\":\"https:\/\/apartmentartverde.com\/index.php\/es\/polo-4\/\",\"url\":\"https:\/\/apartmentartverde.com\/index.php\/es\/polo-4\/\",\"name\":\"Polo - Apartment Art Verde\",\"isPartOf\":{\"@id\":\"https:\/\/apartmentartverde.com\/#website\"},\"primaryImageOfPage\":{\"@id\":\"https:\/\/apartmentartverde.com\/index.php\/es\/polo-4\/#primaryimage\"},\"image\":{\"@id\":\"https:\/\/apartmentartverde.com\/index.php\/es\/polo-4\/#primaryimage\"},\"thumbnailUrl\":\"https:\/\/apartmentartverde.com\/wp-content\/uploads\/2024\/06\/home_6_d.jpg\",\"datePublished\":\"2024-06-08T15:35:26+00:00\",\"dateModified\":\"2024-06-10T16:52:54+00:00\",\"breadcrumb\":{\"@id\":\"https:\/\/apartmentartverde.com\/index.php\/es\/polo-4\/#breadcrumb\"},\"inLanguage\":\"en-US\",\"potentialAction\":[{\"@type\":\"ReadAction\",\"target\":[\"https:\/\/apartmentartverde.com\/index.php\/es\/polo-4\/\"]}]},{\"@type\":\"ImageObject\",\"inLanguage\":\"en-US\",\"@id\":\"https:\/\/apartmentartverde.com\/index.php\/es\/polo-4\/#primaryimage\",\"url\":\"https:\/\/apartmentartverde.com\/wp-content\/uploads\/2024\/06\/home_6_d.jpg\",\"contentUrl\":\"https:\/\/apartmentartverde.com\/wp-content\/uploads\/2024\/06\/home_6_d.jpg\",\"width\":2560,\"height\":1434},{\"@type\":\"BreadcrumbList\",\"@id\":\"https:\/\/apartmentartverde.com\/index.php\/es\/polo-4\/#breadcrumb\",\"itemListElement\":[{\"@type\":\"ListItem\",\"position\":1,\"name\":\"Home\",\"item\":\"https:\/\/apartmentartverde.com\/\"},{\"@type\":\"ListItem\",\"position\":2,\"name\":\"Polo\"}]},{\"@type\":\"WebSite\",\"@id\":\"https:\/\/apartmentartverde.com\/#website\",\"url\":\"https:\/\/apartmentartverde.com\/\",\"name\":\"Art Verde Apartment\",\"description\":\"\",\"publisher\":{\"@id\":\"https:\/\/apartmentartverde.com\/#organization\"},\"inLanguage\":\"en-US\"},{\"@type\":\"Organization\",\"@id\":\"https:\/\/apartmentartverde.com\/#organization\",\"name\":\"Art Verde Apartment\",\"url\":\"https:\/\/apartmentartverde.com\/\",\"logo\":{\"@type\":\"ImageObject\",\"inLanguage\":\"en-US\",\"@id\":\"https:\/\/apartmentartverde.com\/#\/schema\/logo\/image\/\",\"url\":\"https:\/\/apartmentartverde.com\/wp-content\/uploads\/2024\/02\/logo.png\",\"contentUrl\":\"https:\/\/apartmentartverde.com\/wp-content\/uploads\/2024\/02\/logo.png\",\"width\":1490,\"height\":1320,\"caption\":\"Art Verde Apartment\"},\"image\":{\"@id\":\"https:\/\/apartmentartverde.com\/#\/schema\/logo\/image\/\"}}]}<\/script>\n<!-- \/ Yoast SEO plugin. -->","yoast_head_json":{"title":"Polo - Apartment Art Verde","robots":{"index":"index","follow":"follow","max-snippet":"max-snippet:-1","max-image-preview":"max-image-preview:large","max-video-preview":"max-video-preview:-1"},"canonical":"https:\/\/apartmentartverde.com\/index.php\/es\/polo-4\/","og_locale":"en_US","og_type":"article","og_title":"Polo - Apartment Art Verde","og_description":"La pasi\u00f3n de Sotogrande por los caballos y la cultura ecuestre se refleja en sus excelentes escuelas de equitaci\u00f3n. Polo, campo a trav\u00e9s, salto de obst\u00e1culos y doma cl\u00e1sica. Si est\u00e1 interesado, p\u00f3ngase en contacto con los dos centros, Endurance Equestrian y Dressage Sotogrande. El centro de aprendizaje de polo se encuentra en Polo Valley [&hellip;]","og_url":"https:\/\/apartmentartverde.com\/index.php\/es\/polo-4\/","og_site_name":"Apartment Art Verde","article_modified_time":"2024-06-10T16:52:54+00:00","og_image":[{"width":2560,"height":1434,"url":"https:\/\/apartmentartverde.com\/wp-content\/uploads\/2024\/06\/home_6_d.jpg","type":"image\/jpeg"}],"twitter_card":"summary_large_image","twitter_misc":{"Est. reading time":"1 minute"},"schema":{"@context":"https:\/\/schema.org","@graph":[{"@type":"WebPage","@id":"https:\/\/apartmentartverde.com\/index.php\/es\/polo-4\/","url":"https:\/\/apartmentartverde.com\/index.php\/es\/polo-4\/","name":"Polo - Apartment Art Verde","isPartOf":{"@id":"https:\/\/apartmentartverde.com\/#website"},"primaryImageOfPage":{"@id":"https:\/\/apartmentartverde.com\/index.php\/es\/polo-4\/#primaryimage"},"image":{"@id":"https:\/\/apartmentartverde.com\/index.php\/es\/polo-4\/#primaryimage"},"thumbnailUrl":"https:\/\/apartmentartverde.com\/wp-content\/uploads\/2024\/06\/home_6_d.jpg","datePublished":"2024-06-08T15:35:26+00:00","dateModified":"2024-06-10T16:52:54+00:00","breadcrumb":{"@id":"https:\/\/apartmentartverde.com\/index.php\/es\/polo-4\/#breadcrumb"},"inLanguage":"en-US","potentialAction":[{"@type":"ReadAction","target":["https:\/\/apartmentartverde.com\/index.php\/es\/polo-4\/"]}]},{"@type":"ImageObject","inLanguage":"en-US","@id":"https:\/\/apartmentartverde.com\/index.php\/es\/polo-4\/#primaryimage","url":"https:\/\/apartmentartverde.com\/wp-content\/uploads\/2024\/06\/home_6_d.jpg","contentUrl":"https:\/\/apartmentartverde.com\/wp-content\/uploads\/2024\/06\/home_6_d.jpg","width":2560,"height":1434},{"@type":"BreadcrumbList","@id":"https:\/\/apartmentartverde.com\/index.php\/es\/polo-4\/#breadcrumb","itemListElement":[{"@type":"ListItem","position":1,"name":"Home","item":"https:\/\/apartmentartverde.com\/"},{"@type":"ListItem","position":2,"name":"Polo"}]},{"@type":"WebSite","@id":"https:\/\/apartmentartverde.com\/#website","url":"https:\/\/apartmentartverde.com\/","name":"Art Verde Apartment","description":"","publisher":{"@id":"https:\/\/apartmentartverde.com\/#organization"},"inLanguage":"en-US"},{"@type":"Organization","@id":"https:\/\/apartmentartverde.com\/#organization","name":"Art Verde Apartment","url":"https:\/\/apartmentartverde.com\/","logo":{"@type":"ImageObject","inLanguage":"en-US","@id":"https:\/\/apartmentartverde.com\/#\/schema\/logo\/image\/","url":"https:\/\/apartmentartverde.com\/wp-content\/uploads\/2024\/02\/logo.png","contentUrl":"https:\/\/apartmentartverde.com\/wp-content\/uploads\/2024\/02\/logo.png","width":1490,"height":1320,"caption":"Art Verde Apartment"},"image":{"@id":"https:\/\/apartmentartverde.com\/#\/schema\/logo\/image\/"}}]}},"_links":{"self":[{"href":"https:\/\/apartmentartverde.com\/index.php\/wp-json\/wp\/v2\/pages\/111","targetHints":{"allow":["GET"]}}],"collection":[{"href":"https:\/\/apartmentartverde.com\/index.php\/wp-json\/wp\/v2\/pages"}],"about":[{"href":"https:\/\/apartmentartverde.com\/index.php\/wp-json\/wp\/v2\/types\/page"}],"author":[{"embeddable":true,"href":"https:\/\/apartmentartverde.com\/index.php\/wp-json\/wp\/v2\/users\/1"}],"replies":[{"embeddable":true,"href":"https:\/\/apartmentartverde.com\/index.php\/wp-json\/wp\/v2\/comments?post=111"}],"version-history":[{"count":3,"href":"https:\/\/apartmentartverde.com\/index.php\/wp-json\/wp\/v2\/pages\/111\/revisions"}],"predecessor-version":[{"id":262,"href":"https:\/\/apartmentartverde.com\/index.php\/wp-json\/wp\/v2\/pages\/111\/revisions\/262"}],"wp:featuredmedia":[{"embeddable":true,"href":"https:\/\/apartmentartverde.com\/index.php\/wp-json\/wp\/v2\/media\/69"}],"wp:attachment":[{"href":"https:\/\/apartmentartverde.com\/index.php\/wp-json\/wp\/v2\/media?parent=111"}],"curies":[{"name":"wp","href":"https:\/\/api.w.org\/{rel}","templated":true}]}}