
{"id":109,"date":"2024-06-08T15:35:10","date_gmt":"2024-06-08T15:35:10","guid":{"rendered":"https:\/\/apartmentartverde.com\/?page_id=109"},"modified":"2024-06-10T16:52:27","modified_gmt":"2024-06-10T16:52:27","slug":"polo-3","status":"publish","type":"page","link":"https:\/\/apartmentartverde.com\/index.php\/fr\/polo-3\/","title":{"rendered":"Polo"},"content":{"rendered":"\n<figure class=\"wp-block-image size-large\"><img loading=\"lazy\" decoding=\"async\" width=\"1024\" height=\"574\" src=\"https:\/\/apartmentartverde.com\/wp-content\/uploads\/2024\/06\/home_6_d-1024x574.jpg\" alt=\"\" class=\"wp-image-69\" srcset=\"https:\/\/apartmentartverde.com\/wp-content\/uploads\/2024\/06\/home_6_d-1024x574.jpg 1024w, https:\/\/apartmentartverde.com\/wp-content\/uploads\/2024\/06\/home_6_d-300x168.jpg 300w, https:\/\/apartmentartverde.com\/wp-content\/uploads\/2024\/06\/home_6_d-768x430.jpg 768w, https:\/\/apartmentartverde.com\/wp-content\/uploads\/2024\/06\/home_6_d-1536x860.jpg 1536w, https:\/\/apartmentartverde.com\/wp-content\/uploads\/2024\/06\/home_6_d-2048x1147.jpg 2048w\" sizes=\"auto, (max-width: 1024px) 100vw, 1024px\" \/><\/figure>\n\n\n\n<p>La grande passion pour les chevaux et la culture \u00e9questre se retrouve \u00e0 Sotogrande dans les excellents centres \u00e9questres. Polo, cross-country, saut d&#8217;obstacles et dressage. Si vous \u00eates int\u00e9ress\u00e9, veuillez contacter les deux centres Endurance Equestrian et Dressage Sotogrande. Le centre d&#8217;apprentissage du polo est situ\u00e9 \u00e0 Polo Valley Sotogrande.<\/p>\n\n\n\n<p>Le polo est tr\u00e8s populaire \u00e0 Sotogrande et rev\u00eat une importance particuli\u00e8re. Le Santa Maria Polo Club est reconnu comme l&#8217;un des meilleurs clubs de polo au monde. Le tournoi de polo de Santa Maria se tient \u00e0 Sotogrande tous les \u00e9t\u00e9s depuis 1965.<\/p>\n","protected":false},"excerpt":{"rendered":"<p>La grande passion pour les chevaux et la culture \u00e9questre se retrouve \u00e0 Sotogrande dans les excellents centres \u00e9questres. Polo, cross-country, saut d&#8217;obstacles et dressage. Si vous \u00eates int\u00e9ress\u00e9, veuillez contacter les deux centres Endurance Equestrian et Dressage Sotogrande. Le centre d&#8217;apprentissage du polo est situ\u00e9 \u00e0 Polo Valley Sotogrande. Le polo est tr\u00e8s populaire [&hellip;]<\/p>\n","protected":false},"author":1,"featured_media":69,"parent":0,"menu_order":0,"comment_status":"closed","ping_status":"closed","template":"","meta":{"footnotes":""},"class_list":["post-109","page","type-page","status-publish","has-post-thumbnail","hentry"],"yoast_head":"<!-- This site is optimized with the Yoast SEO plugin v24.4 - https:\/\/yoast.com\/wordpress\/plugins\/seo\/ -->\n<title>Polo - Apartment Art Verde<\/title>\n<meta name=\"robots\" content=\"index, follow, max-snippet:-1, max-image-preview:large, max-video-preview:-1\" \/>\n<link rel=\"canonical\" href=\"https:\/\/apartmentartverde.com\/index.php\/fr\/polo-3\/\" \/>\n<meta property=\"og:locale\" content=\"en_US\" \/>\n<meta property=\"og:type\" content=\"article\" \/>\n<meta property=\"og:title\" content=\"Polo - Apartment Art Verde\" \/>\n<meta property=\"og:description\" content=\"La grande passion pour les chevaux et la culture \u00e9questre se retrouve \u00e0 Sotogrande dans les excellents centres \u00e9questres. Polo, cross-country, saut d&#8217;obstacles et dressage. Si vous \u00eates int\u00e9ress\u00e9, veuillez contacter les deux centres Endurance Equestrian et Dressage Sotogrande. Le centre d&#8217;apprentissage du polo est situ\u00e9 \u00e0 Polo Valley Sotogrande. Le polo est tr\u00e8s populaire [&hellip;]\" \/>\n<meta property=\"og:url\" content=\"https:\/\/apartmentartverde.com\/index.php\/fr\/polo-3\/\" \/>\n<meta property=\"og:site_name\" content=\"Apartment Art Verde\" \/>\n<meta property=\"article:modified_time\" content=\"2024-06-10T16:52:27+00:00\" \/>\n<meta property=\"og:image\" content=\"https:\/\/apartmentartverde.com\/wp-content\/uploads\/2024\/06\/home_6_d.jpg\" \/>\n\t<meta property=\"og:image:width\" content=\"2560\" \/>\n\t<meta property=\"og:image:height\" content=\"1434\" \/>\n\t<meta property=\"og:image:type\" content=\"image\/jpeg\" \/>\n<meta name=\"twitter:card\" content=\"summary_large_image\" \/>\n<meta name=\"twitter:label1\" content=\"Est. reading time\" \/>\n\t<meta name=\"twitter:data1\" content=\"1 minute\" \/>\n<script type=\"application\/ld+json\" class=\"yoast-schema-graph\">{\"@context\":\"https:\/\/schema.org\",\"@graph\":[{\"@type\":\"WebPage\",\"@id\":\"https:\/\/apartmentartverde.com\/index.php\/fr\/polo-3\/\",\"url\":\"https:\/\/apartmentartverde.com\/index.php\/fr\/polo-3\/\",\"name\":\"Polo - Apartment Art Verde\",\"isPartOf\":{\"@id\":\"https:\/\/apartmentartverde.com\/#website\"},\"primaryImageOfPage\":{\"@id\":\"https:\/\/apartmentartverde.com\/index.php\/fr\/polo-3\/#primaryimage\"},\"image\":{\"@id\":\"https:\/\/apartmentartverde.com\/index.php\/fr\/polo-3\/#primaryimage\"},\"thumbnailUrl\":\"https:\/\/apartmentartverde.com\/wp-content\/uploads\/2024\/06\/home_6_d.jpg\",\"datePublished\":\"2024-06-08T15:35:10+00:00\",\"dateModified\":\"2024-06-10T16:52:27+00:00\",\"breadcrumb\":{\"@id\":\"https:\/\/apartmentartverde.com\/index.php\/fr\/polo-3\/#breadcrumb\"},\"inLanguage\":\"en-US\",\"potentialAction\":[{\"@type\":\"ReadAction\",\"target\":[\"https:\/\/apartmentartverde.com\/index.php\/fr\/polo-3\/\"]}]},{\"@type\":\"ImageObject\",\"inLanguage\":\"en-US\",\"@id\":\"https:\/\/apartmentartverde.com\/index.php\/fr\/polo-3\/#primaryimage\",\"url\":\"https:\/\/apartmentartverde.com\/wp-content\/uploads\/2024\/06\/home_6_d.jpg\",\"contentUrl\":\"https:\/\/apartmentartverde.com\/wp-content\/uploads\/2024\/06\/home_6_d.jpg\",\"width\":2560,\"height\":1434},{\"@type\":\"BreadcrumbList\",\"@id\":\"https:\/\/apartmentartverde.com\/index.php\/fr\/polo-3\/#breadcrumb\",\"itemListElement\":[{\"@type\":\"ListItem\",\"position\":1,\"name\":\"Home\",\"item\":\"https:\/\/apartmentartverde.com\/\"},{\"@type\":\"ListItem\",\"position\":2,\"name\":\"Polo\"}]},{\"@type\":\"WebSite\",\"@id\":\"https:\/\/apartmentartverde.com\/#website\",\"url\":\"https:\/\/apartmentartverde.com\/\",\"name\":\"Art Verde Apartment\",\"description\":\"\",\"publisher\":{\"@id\":\"https:\/\/apartmentartverde.com\/#organization\"},\"inLanguage\":\"en-US\"},{\"@type\":\"Organization\",\"@id\":\"https:\/\/apartmentartverde.com\/#organization\",\"name\":\"Art Verde Apartment\",\"url\":\"https:\/\/apartmentartverde.com\/\",\"logo\":{\"@type\":\"ImageObject\",\"inLanguage\":\"en-US\",\"@id\":\"https:\/\/apartmentartverde.com\/#\/schema\/logo\/image\/\",\"url\":\"https:\/\/apartmentartverde.com\/wp-content\/uploads\/2024\/02\/logo.png\",\"contentUrl\":\"https:\/\/apartmentartverde.com\/wp-content\/uploads\/2024\/02\/logo.png\",\"width\":1490,\"height\":1320,\"caption\":\"Art Verde Apartment\"},\"image\":{\"@id\":\"https:\/\/apartmentartverde.com\/#\/schema\/logo\/image\/\"}}]}<\/script>\n<!-- \/ Yoast SEO plugin. -->","yoast_head_json":{"title":"Polo - Apartment Art Verde","robots":{"index":"index","follow":"follow","max-snippet":"max-snippet:-1","max-image-preview":"max-image-preview:large","max-video-preview":"max-video-preview:-1"},"canonical":"https:\/\/apartmentartverde.com\/index.php\/fr\/polo-3\/","og_locale":"en_US","og_type":"article","og_title":"Polo - Apartment Art Verde","og_description":"La grande passion pour les chevaux et la culture \u00e9questre se retrouve \u00e0 Sotogrande dans les excellents centres \u00e9questres. Polo, cross-country, saut d&#8217;obstacles et dressage. Si vous \u00eates int\u00e9ress\u00e9, veuillez contacter les deux centres Endurance Equestrian et Dressage Sotogrande. Le centre d&#8217;apprentissage du polo est situ\u00e9 \u00e0 Polo Valley Sotogrande. Le polo est tr\u00e8s populaire [&hellip;]","og_url":"https:\/\/apartmentartverde.com\/index.php\/fr\/polo-3\/","og_site_name":"Apartment Art Verde","article_modified_time":"2024-06-10T16:52:27+00:00","og_image":[{"width":2560,"height":1434,"url":"https:\/\/apartmentartverde.com\/wp-content\/uploads\/2024\/06\/home_6_d.jpg","type":"image\/jpeg"}],"twitter_card":"summary_large_image","twitter_misc":{"Est. reading time":"1 minute"},"schema":{"@context":"https:\/\/schema.org","@graph":[{"@type":"WebPage","@id":"https:\/\/apartmentartverde.com\/index.php\/fr\/polo-3\/","url":"https:\/\/apartmentartverde.com\/index.php\/fr\/polo-3\/","name":"Polo - Apartment Art Verde","isPartOf":{"@id":"https:\/\/apartmentartverde.com\/#website"},"primaryImageOfPage":{"@id":"https:\/\/apartmentartverde.com\/index.php\/fr\/polo-3\/#primaryimage"},"image":{"@id":"https:\/\/apartmentartverde.com\/index.php\/fr\/polo-3\/#primaryimage"},"thumbnailUrl":"https:\/\/apartmentartverde.com\/wp-content\/uploads\/2024\/06\/home_6_d.jpg","datePublished":"2024-06-08T15:35:10+00:00","dateModified":"2024-06-10T16:52:27+00:00","breadcrumb":{"@id":"https:\/\/apartmentartverde.com\/index.php\/fr\/polo-3\/#breadcrumb"},"inLanguage":"en-US","potentialAction":[{"@type":"ReadAction","target":["https:\/\/apartmentartverde.com\/index.php\/fr\/polo-3\/"]}]},{"@type":"ImageObject","inLanguage":"en-US","@id":"https:\/\/apartmentartverde.com\/index.php\/fr\/polo-3\/#primaryimage","url":"https:\/\/apartmentartverde.com\/wp-content\/uploads\/2024\/06\/home_6_d.jpg","contentUrl":"https:\/\/apartmentartverde.com\/wp-content\/uploads\/2024\/06\/home_6_d.jpg","width":2560,"height":1434},{"@type":"BreadcrumbList","@id":"https:\/\/apartmentartverde.com\/index.php\/fr\/polo-3\/#breadcrumb","itemListElement":[{"@type":"ListItem","position":1,"name":"Home","item":"https:\/\/apartmentartverde.com\/"},{"@type":"ListItem","position":2,"name":"Polo"}]},{"@type":"WebSite","@id":"https:\/\/apartmentartverde.com\/#website","url":"https:\/\/apartmentartverde.com\/","name":"Art Verde Apartment","description":"","publisher":{"@id":"https:\/\/apartmentartverde.com\/#organization"},"inLanguage":"en-US"},{"@type":"Organization","@id":"https:\/\/apartmentartverde.com\/#organization","name":"Art Verde Apartment","url":"https:\/\/apartmentartverde.com\/","logo":{"@type":"ImageObject","inLanguage":"en-US","@id":"https:\/\/apartmentartverde.com\/#\/schema\/logo\/image\/","url":"https:\/\/apartmentartverde.com\/wp-content\/uploads\/2024\/02\/logo.png","contentUrl":"https:\/\/apartmentartverde.com\/wp-content\/uploads\/2024\/02\/logo.png","width":1490,"height":1320,"caption":"Art Verde Apartment"},"image":{"@id":"https:\/\/apartmentartverde.com\/#\/schema\/logo\/image\/"}}]}},"_links":{"self":[{"href":"https:\/\/apartmentartverde.com\/index.php\/wp-json\/wp\/v2\/pages\/109","targetHints":{"allow":["GET"]}}],"collection":[{"href":"https:\/\/apartmentartverde.com\/index.php\/wp-json\/wp\/v2\/pages"}],"about":[{"href":"https:\/\/apartmentartverde.com\/index.php\/wp-json\/wp\/v2\/types\/page"}],"author":[{"embeddable":true,"href":"https:\/\/apartmentartverde.com\/index.php\/wp-json\/wp\/v2\/users\/1"}],"replies":[{"embeddable":true,"href":"https:\/\/apartmentartverde.com\/index.php\/wp-json\/wp\/v2\/comments?post=109"}],"version-history":[{"count":3,"href":"https:\/\/apartmentartverde.com\/index.php\/wp-json\/wp\/v2\/pages\/109\/revisions"}],"predecessor-version":[{"id":261,"href":"https:\/\/apartmentartverde.com\/index.php\/wp-json\/wp\/v2\/pages\/109\/revisions\/261"}],"wp:featuredmedia":[{"embeddable":true,"href":"https:\/\/apartmentartverde.com\/index.php\/wp-json\/wp\/v2\/media\/69"}],"wp:attachment":[{"href":"https:\/\/apartmentartverde.com\/index.php\/wp-json\/wp\/v2\/media?parent=109"}],"curies":[{"name":"wp","href":"https:\/\/api.w.org\/{rel}","templated":true}]}}