
{"id":105,"date":"2024-06-08T15:34:23","date_gmt":"2024-06-08T15:34:23","guid":{"rendered":"https:\/\/apartmentartverde.com\/?page_id=105"},"modified":"2024-06-25T18:34:37","modified_gmt":"2024-06-25T18:34:37","slug":"golf-3","status":"publish","type":"page","link":"https:\/\/apartmentartverde.com\/index.php\/es\/golf-3\/","title":{"rendered":"Golf"},"content":{"rendered":"\n<figure class=\"wp-block-image size-large\"><img loading=\"lazy\" decoding=\"async\" width=\"1024\" height=\"574\" src=\"https:\/\/apartmentartverde.com\/wp-content\/uploads\/2024\/06\/home_5_d-1024x574.jpg\" alt=\"\" class=\"wp-image-67\" srcset=\"https:\/\/apartmentartverde.com\/wp-content\/uploads\/2024\/06\/home_5_d-1024x574.jpg 1024w, https:\/\/apartmentartverde.com\/wp-content\/uploads\/2024\/06\/home_5_d-300x168.jpg 300w, https:\/\/apartmentartverde.com\/wp-content\/uploads\/2024\/06\/home_5_d-768x430.jpg 768w, https:\/\/apartmentartverde.com\/wp-content\/uploads\/2024\/06\/home_5_d-1536x860.jpg 1536w, https:\/\/apartmentartverde.com\/wp-content\/uploads\/2024\/06\/home_5_d-2048x1147.jpg 2048w\" sizes=\"auto, (max-width: 1024px) 100vw, 1024px\" \/><\/figure>\n\n\n\n<p>Nuestro Apartamento Art Verde en la comunidad Village Verde, La Reserva est\u00e1 situado en el coraz\u00f3n de Sotogrande para que pueda disfrutar de las exclusivas instalaciones a poca distancia durante sus vacaciones.<\/p>\n\n\n\n<p>Algunos de los mejores campos de golf de 18 hoyos en Espa\u00f1a se encuentran en Sotogrande, el popular Valderrama, que ha sido n\u00famero uno en Europa desde la d\u00e9cada de 1980. Los otros campos de golf son el Real Club Sotogrande, el Club de Golf Almenara y el Club La Reserva, que con su exquisita casa club acoge el Armaco Tour.<\/p>\n","protected":false},"excerpt":{"rendered":"<p>Nuestro Apartamento Art Verde en la comunidad Village Verde, La Reserva est\u00e1 situado en el coraz\u00f3n de Sotogrande para que pueda disfrutar de las exclusivas instalaciones a poca distancia durante sus vacaciones. Algunos de los mejores campos de golf de 18 hoyos en Espa\u00f1a se encuentran en Sotogrande, el popular Valderrama, que ha sido n\u00famero [&hellip;]<\/p>\n","protected":false},"author":1,"featured_media":67,"parent":0,"menu_order":0,"comment_status":"closed","ping_status":"closed","template":"","meta":{"footnotes":""},"class_list":["post-105","page","type-page","status-publish","has-post-thumbnail","hentry"],"yoast_head":"<!-- This site is optimized with the Yoast SEO plugin v24.4 - https:\/\/yoast.com\/wordpress\/plugins\/seo\/ -->\n<title>Golf - Apartment Art Verde<\/title>\n<meta name=\"robots\" content=\"index, follow, max-snippet:-1, max-image-preview:large, max-video-preview:-1\" \/>\n<link rel=\"canonical\" href=\"https:\/\/apartmentartverde.com\/index.php\/es\/golf-3\/\" \/>\n<meta property=\"og:locale\" content=\"en_US\" \/>\n<meta property=\"og:type\" content=\"article\" \/>\n<meta property=\"og:title\" content=\"Golf - Apartment Art Verde\" \/>\n<meta property=\"og:description\" content=\"Nuestro Apartamento Art Verde en la comunidad Village Verde, La Reserva est\u00e1 situado en el coraz\u00f3n de Sotogrande para que pueda disfrutar de las exclusivas instalaciones a poca distancia durante sus vacaciones. Algunos de los mejores campos de golf de 18 hoyos en Espa\u00f1a se encuentran en Sotogrande, el popular Valderrama, que ha sido n\u00famero [&hellip;]\" \/>\n<meta property=\"og:url\" content=\"https:\/\/apartmentartverde.com\/index.php\/es\/golf-3\/\" \/>\n<meta property=\"og:site_name\" content=\"Apartment Art Verde\" \/>\n<meta property=\"article:modified_time\" content=\"2024-06-25T18:34:37+00:00\" \/>\n<meta property=\"og:image\" content=\"https:\/\/apartmentartverde.com\/wp-content\/uploads\/2024\/06\/home_5_d.jpg\" \/>\n\t<meta property=\"og:image:width\" content=\"2560\" \/>\n\t<meta property=\"og:image:height\" content=\"1434\" \/>\n\t<meta property=\"og:image:type\" content=\"image\/jpeg\" \/>\n<meta name=\"twitter:card\" content=\"summary_large_image\" \/>\n<meta name=\"twitter:label1\" content=\"Est. reading time\" \/>\n\t<meta name=\"twitter:data1\" content=\"1 minute\" \/>\n<script type=\"application\/ld+json\" class=\"yoast-schema-graph\">{\"@context\":\"https:\/\/schema.org\",\"@graph\":[{\"@type\":\"WebPage\",\"@id\":\"https:\/\/apartmentartverde.com\/index.php\/es\/golf-3\/\",\"url\":\"https:\/\/apartmentartverde.com\/index.php\/es\/golf-3\/\",\"name\":\"Golf - Apartment Art Verde\",\"isPartOf\":{\"@id\":\"https:\/\/apartmentartverde.com\/#website\"},\"primaryImageOfPage\":{\"@id\":\"https:\/\/apartmentartverde.com\/index.php\/es\/golf-3\/#primaryimage\"},\"image\":{\"@id\":\"https:\/\/apartmentartverde.com\/index.php\/es\/golf-3\/#primaryimage\"},\"thumbnailUrl\":\"https:\/\/apartmentartverde.com\/wp-content\/uploads\/2024\/06\/home_5_d.jpg\",\"datePublished\":\"2024-06-08T15:34:23+00:00\",\"dateModified\":\"2024-06-25T18:34:37+00:00\",\"breadcrumb\":{\"@id\":\"https:\/\/apartmentartverde.com\/index.php\/es\/golf-3\/#breadcrumb\"},\"inLanguage\":\"en-US\",\"potentialAction\":[{\"@type\":\"ReadAction\",\"target\":[\"https:\/\/apartmentartverde.com\/index.php\/es\/golf-3\/\"]}]},{\"@type\":\"ImageObject\",\"inLanguage\":\"en-US\",\"@id\":\"https:\/\/apartmentartverde.com\/index.php\/es\/golf-3\/#primaryimage\",\"url\":\"https:\/\/apartmentartverde.com\/wp-content\/uploads\/2024\/06\/home_5_d.jpg\",\"contentUrl\":\"https:\/\/apartmentartverde.com\/wp-content\/uploads\/2024\/06\/home_5_d.jpg\",\"width\":2560,\"height\":1434},{\"@type\":\"BreadcrumbList\",\"@id\":\"https:\/\/apartmentartverde.com\/index.php\/es\/golf-3\/#breadcrumb\",\"itemListElement\":[{\"@type\":\"ListItem\",\"position\":1,\"name\":\"Home\",\"item\":\"https:\/\/apartmentartverde.com\/\"},{\"@type\":\"ListItem\",\"position\":2,\"name\":\"Golf\"}]},{\"@type\":\"WebSite\",\"@id\":\"https:\/\/apartmentartverde.com\/#website\",\"url\":\"https:\/\/apartmentartverde.com\/\",\"name\":\"Art Verde Apartment\",\"description\":\"\",\"publisher\":{\"@id\":\"https:\/\/apartmentartverde.com\/#organization\"},\"inLanguage\":\"en-US\"},{\"@type\":\"Organization\",\"@id\":\"https:\/\/apartmentartverde.com\/#organization\",\"name\":\"Art Verde Apartment\",\"url\":\"https:\/\/apartmentartverde.com\/\",\"logo\":{\"@type\":\"ImageObject\",\"inLanguage\":\"en-US\",\"@id\":\"https:\/\/apartmentartverde.com\/#\/schema\/logo\/image\/\",\"url\":\"https:\/\/apartmentartverde.com\/wp-content\/uploads\/2024\/02\/logo.png\",\"contentUrl\":\"https:\/\/apartmentartverde.com\/wp-content\/uploads\/2024\/02\/logo.png\",\"width\":1490,\"height\":1320,\"caption\":\"Art Verde Apartment\"},\"image\":{\"@id\":\"https:\/\/apartmentartverde.com\/#\/schema\/logo\/image\/\"}}]}<\/script>\n<!-- \/ Yoast SEO plugin. -->","yoast_head_json":{"title":"Golf - Apartment Art Verde","robots":{"index":"index","follow":"follow","max-snippet":"max-snippet:-1","max-image-preview":"max-image-preview:large","max-video-preview":"max-video-preview:-1"},"canonical":"https:\/\/apartmentartverde.com\/index.php\/es\/golf-3\/","og_locale":"en_US","og_type":"article","og_title":"Golf - Apartment Art Verde","og_description":"Nuestro Apartamento Art Verde en la comunidad Village Verde, La Reserva est\u00e1 situado en el coraz\u00f3n de Sotogrande para que pueda disfrutar de las exclusivas instalaciones a poca distancia durante sus vacaciones. Algunos de los mejores campos de golf de 18 hoyos en Espa\u00f1a se encuentran en Sotogrande, el popular Valderrama, que ha sido n\u00famero [&hellip;]","og_url":"https:\/\/apartmentartverde.com\/index.php\/es\/golf-3\/","og_site_name":"Apartment Art Verde","article_modified_time":"2024-06-25T18:34:37+00:00","og_image":[{"width":2560,"height":1434,"url":"https:\/\/apartmentartverde.com\/wp-content\/uploads\/2024\/06\/home_5_d.jpg","type":"image\/jpeg"}],"twitter_card":"summary_large_image","twitter_misc":{"Est. reading time":"1 minute"},"schema":{"@context":"https:\/\/schema.org","@graph":[{"@type":"WebPage","@id":"https:\/\/apartmentartverde.com\/index.php\/es\/golf-3\/","url":"https:\/\/apartmentartverde.com\/index.php\/es\/golf-3\/","name":"Golf - Apartment Art Verde","isPartOf":{"@id":"https:\/\/apartmentartverde.com\/#website"},"primaryImageOfPage":{"@id":"https:\/\/apartmentartverde.com\/index.php\/es\/golf-3\/#primaryimage"},"image":{"@id":"https:\/\/apartmentartverde.com\/index.php\/es\/golf-3\/#primaryimage"},"thumbnailUrl":"https:\/\/apartmentartverde.com\/wp-content\/uploads\/2024\/06\/home_5_d.jpg","datePublished":"2024-06-08T15:34:23+00:00","dateModified":"2024-06-25T18:34:37+00:00","breadcrumb":{"@id":"https:\/\/apartmentartverde.com\/index.php\/es\/golf-3\/#breadcrumb"},"inLanguage":"en-US","potentialAction":[{"@type":"ReadAction","target":["https:\/\/apartmentartverde.com\/index.php\/es\/golf-3\/"]}]},{"@type":"ImageObject","inLanguage":"en-US","@id":"https:\/\/apartmentartverde.com\/index.php\/es\/golf-3\/#primaryimage","url":"https:\/\/apartmentartverde.com\/wp-content\/uploads\/2024\/06\/home_5_d.jpg","contentUrl":"https:\/\/apartmentartverde.com\/wp-content\/uploads\/2024\/06\/home_5_d.jpg","width":2560,"height":1434},{"@type":"BreadcrumbList","@id":"https:\/\/apartmentartverde.com\/index.php\/es\/golf-3\/#breadcrumb","itemListElement":[{"@type":"ListItem","position":1,"name":"Home","item":"https:\/\/apartmentartverde.com\/"},{"@type":"ListItem","position":2,"name":"Golf"}]},{"@type":"WebSite","@id":"https:\/\/apartmentartverde.com\/#website","url":"https:\/\/apartmentartverde.com\/","name":"Art Verde Apartment","description":"","publisher":{"@id":"https:\/\/apartmentartverde.com\/#organization"},"inLanguage":"en-US"},{"@type":"Organization","@id":"https:\/\/apartmentartverde.com\/#organization","name":"Art Verde Apartment","url":"https:\/\/apartmentartverde.com\/","logo":{"@type":"ImageObject","inLanguage":"en-US","@id":"https:\/\/apartmentartverde.com\/#\/schema\/logo\/image\/","url":"https:\/\/apartmentartverde.com\/wp-content\/uploads\/2024\/02\/logo.png","contentUrl":"https:\/\/apartmentartverde.com\/wp-content\/uploads\/2024\/02\/logo.png","width":1490,"height":1320,"caption":"Art Verde Apartment"},"image":{"@id":"https:\/\/apartmentartverde.com\/#\/schema\/logo\/image\/"}}]}},"_links":{"self":[{"href":"https:\/\/apartmentartverde.com\/index.php\/wp-json\/wp\/v2\/pages\/105","targetHints":{"allow":["GET"]}}],"collection":[{"href":"https:\/\/apartmentartverde.com\/index.php\/wp-json\/wp\/v2\/pages"}],"about":[{"href":"https:\/\/apartmentartverde.com\/index.php\/wp-json\/wp\/v2\/types\/page"}],"author":[{"embeddable":true,"href":"https:\/\/apartmentartverde.com\/index.php\/wp-json\/wp\/v2\/users\/1"}],"replies":[{"embeddable":true,"href":"https:\/\/apartmentartverde.com\/index.php\/wp-json\/wp\/v2\/comments?post=105"}],"version-history":[{"count":3,"href":"https:\/\/apartmentartverde.com\/index.php\/wp-json\/wp\/v2\/pages\/105\/revisions"}],"predecessor-version":[{"id":266,"href":"https:\/\/apartmentartverde.com\/index.php\/wp-json\/wp\/v2\/pages\/105\/revisions\/266"}],"wp:featuredmedia":[{"embeddable":true,"href":"https:\/\/apartmentartverde.com\/index.php\/wp-json\/wp\/v2\/media\/67"}],"wp:attachment":[{"href":"https:\/\/apartmentartverde.com\/index.php\/wp-json\/wp\/v2\/media?parent=105"}],"curies":[{"name":"wp","href":"https:\/\/api.w.org\/{rel}","templated":true}]}}